{"id":33829,"date":"2023-12-02T13:14:34","date_gmt":"2023-12-02T12:14:34","guid":{"rendered":"https:\/\/hurom.es\/zumos-de-frutas-y-verduras-frescas\/"},"modified":"2025-03-05T10:33:58","modified_gmt":"2025-03-05T09:33:58","slug":"zumos-de-frutas-y-verduras-frescas","status":"publish","type":"product","link":"https:\/\/hurom.es\/pt-pt\/zumos-de-frutas-y-verduras-frescas\/","title":{"rendered":"Sucos de frutas e vegetais frescos"},"content":{"rendered":"\n<h3 class=\"wp-block-heading\">Melhore sua dieta<\/h3>\n\n<p>Nossa dieta di\u00e1ria \u00e9 cada vez mais <strong>deficiente em vitaminas e minerais<\/strong>. De forma sint\u00e9tica, mas detalhada e profunda, este volume explica como com <strong>sumos de frutas e extratos de plantas<\/strong> \u00e9 poss\u00edvel recuperar subst\u00e2ncias de vital import\u00e2ncia e <strong>regeneradoras para a sa\u00fade<\/strong>, tudo com um <strong>m\u00ednimo esfor\u00e7o<\/strong> de assimila\u00e7\u00e3o pelo nosso organismo.<\/p>\n","protected":false},"excerpt":{"rendered":"<div class=\"et_pb_module et_pb_wc_description et_pb_wc_description_0_tb_body et_pb_bg_layout_light et_pb_text_align_left\">\n<div class=\"et_pb_module_inner\"><strong>\u201cSucos de frutas e vegetais frescos\u201d<\/strong> apresenta muitas receitas saud\u00e1veis \u200b\u200be saborosas que prop\u00f5em ingredientes veganos, com algumas concess\u00f5es ao leite de cabra cru e outros ingredientes especiais. O texto tamb\u00e9m oferece in\u00fameras e interessantes <strong>tabelas nutricionais<\/strong> e um vademecum exclusivo de sucos recomendados para diversas doen\u00e7as, apresentados em uma <strong>tabela<\/strong> de f\u00e1cil consulta. Este livro explica como com sucos de frutas e extratos de plantas \u00e9 poss\u00edvel recuperar subst\u00e2ncias de vital import\u00e2ncia e regeneradoras para a sa\u00fade.  <\/div>\n<\/div>\n","protected":false},"featured_media":32126,"comment_status":"closed","ping_status":"closed","template":"","meta":[],"product_brand":[],"product_cat":[226],"product_tag":[],"class_list":{"0":"post-33829","1":"product","2":"type-product","3":"status-publish","4":"has-post-thumbnail","6":"product_cat-libros-pt-pt","8":"first","9":"instock","10":"taxable","11":"shipping-taxable","12":"purchasable","13":"product-type-simple"},"_links":{"self":[{"href":"https:\/\/hurom.es\/pt-pt\/wp-json\/wp\/v2\/product\/33829","targetHints":{"allow":["GET"]}}],"collection":[{"href":"https:\/\/hurom.es\/pt-pt\/wp-json\/wp\/v2\/product"}],"about":[{"href":"https:\/\/hurom.es\/pt-pt\/wp-json\/wp\/v2\/types\/product"}],"replies":[{"embeddable":true,"href":"https:\/\/hurom.es\/pt-pt\/wp-json\/wp\/v2\/comments?post=33829"}],"wp:featuredmedia":[{"embeddable":true,"href":"https:\/\/hurom.es\/pt-pt\/wp-json\/wp\/v2\/media\/32126"}],"wp:attachment":[{"href":"https:\/\/hurom.es\/pt-pt\/wp-json\/wp\/v2\/media?parent=33829"}],"wp:term":[{"taxonomy":"product_brand","embeddable":true,"href":"https:\/\/hurom.es\/pt-pt\/wp-json\/wp\/v2\/product_brand?post=33829"},{"taxonomy":"product_cat","embeddable":true,"href":"https:\/\/hurom.es\/pt-pt\/wp-json\/wp\/v2\/product_cat?post=33829"},{"taxonomy":"product_tag","embeddable":true,"href":"https:\/\/hurom.es\/pt-pt\/wp-json\/wp\/v2\/product_tag?post=33829"}],"curies":[{"name":"wp","href":"https:\/\/api.w.org\/{rel}","templated":true}]}}