{"id":33825,"date":"2023-12-02T13:14:32","date_gmt":"2023-12-02T12:14:32","guid":{"rendered":"https:\/\/hurom.es\/recetario-tu-salud-es-tu-bienestar\/"},"modified":"2025-03-05T10:17:13","modified_gmt":"2025-03-05T09:17:13","slug":"recetario-tu-salud-es-tu-bienestar","status":"publish","type":"product","link":"https:\/\/hurom.es\/pt-pt\/recetario-tu-salud-es-tu-bienestar\/","title":{"rendered":"Livro de receitas \u201cSua sa\u00fade \u00e9 o seu bem-estar\u201d"},"content":{"rendered":"\n<h2 class=\"wp-block-heading\">Um livro, muitas ideias para receitas deliciosas <\/h2>\n\n<p>Muitas receitas sazonais, com ingredientes espec\u00edficos e sugest\u00f5es para criar novas combina\u00e7\u00f5es. Tamb\u00e9m inclui algumas ideias alternativas de propostas saborosas que ir\u00e3o surpreend\u00ea-lo. Porque o seu espremedor n\u00e3o serve apenas para fazer sumos, mas sobretudo para viver melhor.  <\/p>\n\n<h3 class=\"wp-block-heading\">\u00bfBeber zumos es como consumir frutas y verduras frescas? <\/h3>\n\n<p>O extrator de suco \u00e9 uma ferramenta especial que separa a parte l\u00edquida das frutas e vegetais (\u00e1gua, vitaminas e minerais) das fibras. Desta forma, auxilia a digest\u00e3o que, em vez de durar horas, se completa em poucos minutos. <\/p>\n\n<p>Gra\u00e7as ao extrator de suco frio, voc\u00ea tamb\u00e9m pode consumir facilmente grandes quantidades de frutas e vegetais, mantendo suas propriedades nutricionais.<\/p>\n\n<p>N\u00e3o \u00e9 necess\u00e1rio cozinhar, por isso as vitaminas, enzimas e todas as mol\u00e9culas que ajudam o nosso bem-estar permanecem inalteradas e ficam imediatamente \u00e0 disposi\u00e7\u00e3o do nosso corpo, que consegue assimil\u00e1-las com rapidez e sem esfor\u00e7o.<\/p>\n\n<p>Ent\u00e3o, os suplementos industriais ainda s\u00e3o necess\u00e1rios se voc\u00ea usar bem um extrator de suco? Provavelmente n\u00e3o. <\/p>\n\n<h2 class=\"wp-block-heading\">Mais sa\u00fade gra\u00e7as aos extratores Hurom<\/h2>\n\n<p> Os sucos extra\u00eddos com espremedor prensado a frio s\u00e3o uma excelente alternativa \u00e0s subst\u00e2ncias preparadas quimicamente, como os suplementos industriais.<\/p>\n\n<p>Isto \u00e9 especialmente verdade no mundo dos desportos, mas tamb\u00e9m em todas as \u00e1reas em que o corpo necessita de mais apoio para se regenerar ou enfrentar per\u00edodos de cura.<\/p>\n\n<p>A Hurom fabrica extratores de suco desde 1974. Hoje, os extratores de suco frio Hurom s\u00e3o distribu\u00eddos em todo o mundo e na It\u00e1lia mais de 100.000 fam\u00edlias t\u00eam um extrator em casa. Us\u00e1-lo da melhor forma \u00e9 nossa responsabilidade.  <\/p>\n","protected":false},"excerpt":{"rendered":"<p>Todas as <strong>receitas do Hurom<\/strong> para obter um extrato de frutas e vegetais delicioso e tamb\u00e9m ben\u00e9fico. Este livro ir\u00e1 ajud\u00e1-lo, em alguns passos f\u00e1ceis, a se <strong>divertir com extratos<\/strong> de frutas e vegetais. Este volume prop\u00f5e muitas <strong>ideias para obter sucos balanceados<\/strong>, \u00fateis para incluir na alimenta\u00e7\u00e3o di\u00e1ria de adultos e crian\u00e7as. Sabor e leveza combinam perfeitamente em bebidas que podem ser facilmente incorporadas na <strong>alimenta\u00e7\u00e3o di\u00e1ria<\/strong>, variando de acordo com as esta\u00e7\u00f5es do ano e a disponibilidade dos melhores ingredientes.   <\/p>\n","protected":false},"featured_media":32114,"comment_status":"closed","ping_status":"closed","template":"","meta":[],"product_brand":[],"product_cat":[226],"product_tag":[],"class_list":{"0":"post-33825","1":"product","2":"type-product","3":"status-publish","4":"has-post-thumbnail","6":"product_cat-libros-pt-pt","8":"first","9":"outofstock","10":"taxable","11":"shipping-taxable","12":"purchasable","13":"product-type-simple"},"_links":{"self":[{"href":"https:\/\/hurom.es\/pt-pt\/wp-json\/wp\/v2\/product\/33825","targetHints":{"allow":["GET"]}}],"collection":[{"href":"https:\/\/hurom.es\/pt-pt\/wp-json\/wp\/v2\/product"}],"about":[{"href":"https:\/\/hurom.es\/pt-pt\/wp-json\/wp\/v2\/types\/product"}],"replies":[{"embeddable":true,"href":"https:\/\/hurom.es\/pt-pt\/wp-json\/wp\/v2\/comments?post=33825"}],"wp:featuredmedia":[{"embeddable":true,"href":"https:\/\/hurom.es\/pt-pt\/wp-json\/wp\/v2\/media\/32114"}],"wp:attachment":[{"href":"https:\/\/hurom.es\/pt-pt\/wp-json\/wp\/v2\/media?parent=33825"}],"wp:term":[{"taxonomy":"product_brand","embeddable":true,"href":"https:\/\/hurom.es\/pt-pt\/wp-json\/wp\/v2\/product_brand?post=33825"},{"taxonomy":"product_cat","embeddable":true,"href":"https:\/\/hurom.es\/pt-pt\/wp-json\/wp\/v2\/product_cat?post=33825"},{"taxonomy":"product_tag","embeddable":true,"href":"https:\/\/hurom.es\/pt-pt\/wp-json\/wp\/v2\/product_tag?post=33825"}],"curies":[{"name":"wp","href":"https:\/\/api.w.org\/{rel}","templated":true}]}}