{"id":33808,"date":"2023-12-02T13:14:32","date_gmt":"2023-12-02T12:14:32","guid":{"rendered":"https:\/\/hurom.es\/bolso-para-extractor-de-jugo\/"},"modified":"2025-03-04T15:46:25","modified_gmt":"2025-03-04T14:46:25","slug":"bolso-para-extractor-de-jugo","status":"publish","type":"product","link":"https:\/\/hurom.es\/pt-pt\/bolso-para-extractor-de-jugo\/","title":{"rendered":"Saco extrator de suco"},"content":{"rendered":"","protected":false},"excerpt":{"rendered":"<ul>\n<li>Esta pr\u00e1tica bolsa foi projetada para armazenar e transportar seu extrator de suco Hurom, protegendo-o de choques e intemp\u00e9ries.<\/li>\n<li>Gra\u00e7as ao tecido imperme\u00e1vel, a estrutura e as condi\u00e7\u00f5es do extrator n\u00e3o ser\u00e3o comprometidas.<\/li>\n<li>A al\u00e7a ajust\u00e1vel e acolchoada torna a bolsa sempre confort\u00e1vel.<\/li>\n<li>Preenchimento interno personaliz\u00e1vel.<\/li>\n<li>Divis\u00f3rias remov\u00edveis para otimizar espa\u00e7o.<\/li>\n<\/ul>\n","protected":false},"featured_media":32090,"comment_status":"closed","ping_status":"closed","template":"","meta":[],"product_brand":[],"product_cat":[217],"product_tag":[],"class_list":{"0":"post-33808","1":"product","2":"type-product","3":"status-publish","4":"has-post-thumbnail","6":"product_cat-accesorios-pt-pt","8":"first","9":"instock","10":"taxable","11":"shipping-taxable","12":"purchasable","13":"product-type-variable"},"_links":{"self":[{"href":"https:\/\/hurom.es\/pt-pt\/wp-json\/wp\/v2\/product\/33808","targetHints":{"allow":["GET"]}}],"collection":[{"href":"https:\/\/hurom.es\/pt-pt\/wp-json\/wp\/v2\/product"}],"about":[{"href":"https:\/\/hurom.es\/pt-pt\/wp-json\/wp\/v2\/types\/product"}],"replies":[{"embeddable":true,"href":"https:\/\/hurom.es\/pt-pt\/wp-json\/wp\/v2\/comments?post=33808"}],"wp:featuredmedia":[{"embeddable":true,"href":"https:\/\/hurom.es\/pt-pt\/wp-json\/wp\/v2\/media\/32090"}],"wp:attachment":[{"href":"https:\/\/hurom.es\/pt-pt\/wp-json\/wp\/v2\/media?parent=33808"}],"wp:term":[{"taxonomy":"product_brand","embeddable":true,"href":"https:\/\/hurom.es\/pt-pt\/wp-json\/wp\/v2\/product_brand?post=33808"},{"taxonomy":"product_cat","embeddable":true,"href":"https:\/\/hurom.es\/pt-pt\/wp-json\/wp\/v2\/product_cat?post=33808"},{"taxonomy":"product_tag","embeddable":true,"href":"https:\/\/hurom.es\/pt-pt\/wp-json\/wp\/v2\/product_tag?post=33808"}],"curies":[{"name":"wp","href":"https:\/\/api.w.org\/{rel}","templated":true}]}}