{"id":34601,"date":"2024-01-02T10:36:06","date_gmt":"2024-01-02T09:36:06","guid":{"rendered":"https:\/\/hurom.es\/legal-hub\/"},"modified":"2025-05-11T11:07:42","modified_gmt":"2025-05-11T09:07:42","slug":"legal-hub","status":"publish","type":"page","link":"https:\/\/hurom.es\/pt-pt\/legal-hub\/","title":{"rendered":"Legal Hub"},"content":{"rendered":"\n<p><a href=\"https:\/\/hurom.es\/politica-dei-cookies\/\" data-type=\"page\" data-id=\"554\" rel=\"nofollow\">Pol\u00edtica de Cookies<\/a><\/p>\n\n\n\n<p><a href=\"https:\/\/hurom.es\/politica-privacy\/\" data-type=\"page\" data-id=\"546\" rel=\"nofollow\">Pol\u00edtica de Privacidad<\/a><\/p>\n\n\n\n<p><a href=\"https:\/\/hurom.es\/pt-pt\/condiciones-y-costos-de-envio\/\" data-type=\"page\" data-id=\"556\" rel=\"nofollow\">Condiciones y costos de env\u00edo<\/a><\/p>\n\n\n\n<p><a href=\"https:\/\/hurom.es\/pt-pt\/pagos\/\" data-type=\"page\" data-id=\"555\" rel=\"nofollow\">M\u00e9todos de pago<\/a><\/p>\n\n\n\n<p><a href=\"https:\/\/hurom.es\/politica-di-rembolsos\/\" data-type=\"page\" data-id=\"557\" rel=\"nofollow\">Pol\u00edtica de reembolsos<\/a><\/p>\n\n\n\n<p><a href=\"https:\/\/hurom.es\/condiciones-de-venta-y-garantias\/\" data-type=\"page\" data-id=\"551\" rel=\"nofollow\">Condiciones de venta y garant\u00edas<\/a><\/p>\n\n\n\n<p><a href=\"https:\/\/hurom.es\/terminos-de-uso-de-la-web\/\" data-type=\"page\" data-id=\"558\" rel=\"nofollow\">Condiciones y T\u00e9rminos de uso de la web<\/a><\/p>\n\n\n\n<p><a href=\"https:\/\/hurom.es\/terminos-del-programa-de-afiliados\/\" data-type=\"page\" data-id=\"559\" rel=\"nofollow\">T\u00e9rminos del programa de afiliados<\/a><\/p>\n","protected":false},"excerpt":{"rendered":"<p>Pol\u00edtica de Cookies Pol\u00edtica de Privacidad Condiciones y costos de env\u00edo M\u00e9todos de pago Pol\u00edtica de reembolsos Condiciones de venta y garant\u00edas Condiciones y T\u00e9rminos de uso de la web T\u00e9rminos del programa de afiliados<\/p>\n","protected":false},"author":1,"featured_media":0,"parent":0,"menu_order":99,"comment_status":"closed","ping_status":"closed","template":"template-fullwidth.php","meta":{"footnotes":""},"class_list":["post-34601","page","type-page","status-publish","hentry"],"_links":{"self":[{"href":"https:\/\/hurom.es\/pt-pt\/wp-json\/wp\/v2\/pages\/34601","targetHints":{"allow":["GET"]}}],"collection":[{"href":"https:\/\/hurom.es\/pt-pt\/wp-json\/wp\/v2\/pages"}],"about":[{"href":"https:\/\/hurom.es\/pt-pt\/wp-json\/wp\/v2\/types\/page"}],"author":[{"embeddable":true,"href":"https:\/\/hurom.es\/pt-pt\/wp-json\/wp\/v2\/users\/1"}],"replies":[{"embeddable":true,"href":"https:\/\/hurom.es\/pt-pt\/wp-json\/wp\/v2\/comments?post=34601"}],"version-history":[{"count":1,"href":"https:\/\/hurom.es\/pt-pt\/wp-json\/wp\/v2\/pages\/34601\/revisions"}],"predecessor-version":[{"id":34602,"href":"https:\/\/hurom.es\/pt-pt\/wp-json\/wp\/v2\/pages\/34601\/revisions\/34602"}],"wp:attachment":[{"href":"https:\/\/hurom.es\/pt-pt\/wp-json\/wp\/v2\/media?parent=34601"}],"curies":[{"name":"wp","href":"https:\/\/api.w.org\/{rel}","templated":true}]}}