{"id":34038,"date":"2023-12-15T18:26:24","date_gmt":"2023-12-15T17:26:24","guid":{"rendered":"https:\/\/hurom.es\/garantia\/"},"modified":"2025-03-07T09:14:37","modified_gmt":"2025-03-07T08:14:37","slug":"garantia","status":"publish","type":"page","link":"https:\/\/hurom.es\/pt-pt\/garantia\/","title":{"rendered":"Garantia"},"content":{"rendered":"\n<h2 class=\"wp-block-heading\">Registre a compra do seu extrator conosco<\/h2>\n<style id=\"wpforms-css-vars-29629-block-047b72cf-ed29-4b80-866f-f24b2ebe1d53\">\n\t\t\t\t#wpforms-29629.wpforms-block-047b72cf-ed29-4b80-866f-f24b2ebe1d53 {\n\t\t\t\t--wpforms-button-background-color: #84bd00;\n\t\t\t}\n\t\t\t<\/style><div class=\"wpforms-container wpforms-container-full wpforms-block wpforms-block-047b72cf-ed29-4b80-866f-f24b2ebe1d53 wpforms-render-modern\" id=\"wpforms-29629\"><form id=\"wpforms-form-29629\" class=\"wpforms-validate wpforms-form\" data-formid=\"29629\" method=\"post\" enctype=\"multipart\/form-data\" action=\"\/pt-pt\/wp-json\/wp\/v2\/pages\/34038\" data-token=\"8bb030f57fbd518db165fc6dadfee6a1\" data-token-time=\"1777502919\"><noscript class=\"wpforms-error-noscript\">Please enable JavaScript in your browser to complete this form.<\/noscript><div id=\"wpforms-error-noscript\" style=\"display: none;\">Please enable JavaScript in your browser to complete this form.<\/div><div class=\"wpforms-field-container\"><div id=\"wpforms-29629-field_0-container\" class=\"wpforms-field wpforms-field-name\" data-field-id=\"0\"><fieldset><legend class=\"wpforms-field-label wpforms-label-hide\" aria-hidden=\"false\">Nombre y apellido <span class=\"wpforms-required-label\" aria-hidden=\"true\">*<\/span><\/legend><div class=\"wpforms-field-row wpforms-field-large\"><div class=\"wpforms-field-row-block wpforms-first wpforms-one-half\"><input type=\"text\" id=\"wpforms-29629-field_0\" class=\"wpforms-field-name-first wpforms-field-required\" name=\"wpforms[fields][0][first]\" placeholder=\"NOMBRE\" aria-errormessage=\"wpforms-29629-field_0-error\" required><label for=\"wpforms-29629-field_0\" class=\"wpforms-field-sublabel after\">First<\/label><\/div><div class=\"wpforms-field-row-block wpforms-one-half\"><input type=\"text\" id=\"wpforms-29629-field_0-last\" class=\"wpforms-field-name-last wpforms-field-required\" name=\"wpforms[fields][0][last]\" placeholder=\"APELLIDO\" aria-errormessage=\"wpforms-29629-field_0-last-error\" required><label for=\"wpforms-29629-field_0-last\" class=\"wpforms-field-sublabel after\">Last<\/label><\/div><\/div><\/fieldset><\/div><div id=\"wpforms-29629-field_1-container\" class=\"wpforms-field wpforms-field-email wpforms-one-half wpforms-first\" data-field-id=\"1\"><label class=\"wpforms-field-label wpforms-label-hide\" for=\"wpforms-29629-field_1\" aria-hidden=\"false\">Email <span class=\"wpforms-required-label\" aria-hidden=\"true\">*<\/span><\/label><input type=\"email\" id=\"wpforms-29629-field_1\" class=\"wpforms-field-large wpforms-field-required\" name=\"wpforms[fields][1]\" placeholder=\"Email\" spellcheck=\"false\" aria-errormessage=\"wpforms-29629-field_1-error\" required><\/div><div id=\"wpforms-29629-field_6-container\" class=\"wpforms-field wpforms-field-text wpforms-one-half\" data-field-id=\"6\"><label class=\"wpforms-field-label wpforms-label-hide\" for=\"wpforms-29629-field_6\" aria-hidden=\"false\">Telefono<\/label><input type=\"text\" id=\"wpforms-29629-field_6\" class=\"wpforms-field-large\" name=\"wpforms[fields][6]\" placeholder=\"Telefono\" aria-errormessage=\"wpforms-29629-field_6-error\" ><\/div><div id=\"wpforms-29629-field_7-container\" class=\"wpforms-field wpforms-field-select wpforms-one-half wpforms-first wpforms-field-select-style-classic\" data-field-id=\"7\"><label class=\"wpforms-field-label wpforms-label-hide\" for=\"wpforms-29629-field_7\" aria-hidden=\"false\">Modelo de Maquina <span class=\"wpforms-required-label\" aria-hidden=\"true\">*<\/span><\/label><select id=\"wpforms-29629-field_7\" class=\"wpforms-field-large wpforms-field-required\" name=\"wpforms[fields][7]\" required=\"required\"><option value=\"Hurom HU-100\"  class=\"choice-1 depth-1\"  >Hurom HU-100<\/option><option value=\"Hurom HU-300\"  class=\"choice-2 depth-1\"  >Hurom HU-300<\/option><option value=\"Hurom HU-400\"  class=\"choice-3 depth-1\"  >Hurom HU-400<\/option><option value=\"Hurom HU-500 o HE\"  class=\"choice-4 depth-1\"  >Hurom HU-500 o HE<\/option><option value=\"Hurom HU-600 o HG\"  class=\"choice-5 depth-1\"  >Hurom HU-600 o HG<\/option><option value=\"Hurom HF\"  class=\"choice-6 depth-1\"  >Hurom HF<\/option><option value=\"Hurom HU-700 2G o HH 2G\"  class=\"choice-7 depth-1\"  >Hurom HU-700 2G o HH 2G<\/option><option value=\"Hurom HQ\"  class=\"choice-8 depth-1\"  >Hurom HQ<\/option><option value=\"Hurom H-AA\"  class=\"choice-9 depth-1\"  >Hurom H-AA<\/option><option value=\"Hurom HT\"  class=\"choice-10 depth-1\"  >Hurom HT<\/option><option value=\"Hurom H-AK\"  class=\"choice-11 depth-1\"  >Hurom H-AK<\/option><option value=\"Hurom H-AE Giugiaro\"  class=\"choice-12 depth-1\"  >Hurom H-AE Giugiaro<\/option><option value=\"Hurom H-AI\"  class=\"choice-13 depth-1\"  >Hurom H-AI<\/option><option value=\"Hurom HP\"  class=\"choice-14 depth-1\"  >Hurom HP<\/option><option value=\"Hurom H-100\"  class=\"choice-15 depth-1\"  >Hurom H-100<\/option><option value=\"Hurom H-200\"  class=\"choice-16 depth-1\"  >Hurom H-200<\/option><option value=\"Hurom HW SBE18 Professional\"  class=\"choice-17 depth-1\"  >Hurom HW SBE18 Professional<\/option><option value=\"Hurom GD\"  class=\"choice-18 depth-1\"  >Hurom GD<\/option><option value=\"Hurom DT\"  class=\"choice-19 depth-1\"  >Hurom DT<\/option><option value=\"Hurom GI\"  class=\"choice-20 depth-1\"  >Hurom GI<\/option><option value=\"Hurom S-13\"  class=\"choice-25 depth-1\"  >Hurom S-13<\/option><option value=\"Hurom H-300\"  class=\"choice-21 depth-1\"  >Hurom H-300<\/option><option value=\"Hurom H-310A\"  class=\"choice-22 depth-1\"  >Hurom H-310A<\/option><option value=\"Hurom H-320N\"  class=\"choice-23 depth-1\"  >Hurom H-320N<\/option><option value=\"Hurom H-330P\"  class=\"choice-26 depth-1\"  >Hurom H-330P<\/option><option value=\"Hurom H-400\"  class=\"choice-27 depth-1\"  >Hurom H-400<\/option><option value=\"Hurom M-100\"  class=\"choice-24 depth-1\"  >Hurom M-100<\/option><\/select><\/div><div id=\"wpforms-29629-field_8-container\" class=\"wpforms-field wpforms-field-text wpforms-one-half\" data-field-id=\"8\"><label class=\"wpforms-field-label wpforms-label-hide\" for=\"wpforms-29629-field_8\" aria-hidden=\"false\">A\u00f1o de compra <span class=\"wpforms-required-label\" aria-hidden=\"true\">*<\/span><\/label><input type=\"text\" id=\"wpforms-29629-field_8\" class=\"wpforms-field-large wpforms-field-required\" name=\"wpforms[fields][8]\" placeholder=\"A\u00f1o de compra\" aria-errormessage=\"wpforms-29629-field_8-error\" required><\/div><div id=\"wpforms-29629-field_9-container\" class=\"wpforms-field wpforms-field-text\" data-field-id=\"9\"><label class=\"wpforms-field-label wpforms-label-hide\" for=\"wpforms-29629-field_9\" aria-hidden=\"false\">N\u00famero Serie <span class=\"wpforms-required-label\" aria-hidden=\"true\">*<\/span><\/label><input type=\"text\" id=\"wpforms-29629-field_9\" class=\"wpforms-field-large wpforms-field-required\" name=\"wpforms[fields][9]\" placeholder=\"N\u00famero Serie\" aria-errormessage=\"wpforms-29629-field_9-error\" required><\/div><div id=\"wpforms-29629-field_3-container\" class=\"wpforms-field wpforms-field-checkbox\" data-field-id=\"3\"><fieldset><legend class=\"wpforms-field-label wpforms-label-hide\" aria-hidden=\"false\">Privacy <span class=\"wpforms-required-label\" aria-hidden=\"true\">*<\/span><\/legend><ul id=\"wpforms-29629-field_3\" class=\"wpforms-field-required\"><li class=\"choice-1 depth-1\"><input type=\"checkbox\" id=\"wpforms-29629-field_3_1\" name=\"wpforms[fields][3][]\" value=\"Autorizo el tratamiento de los datos personales contenidos en este formulario y acepto la politica de privacidad\" aria-errormessage=\"wpforms-29629-field_3_1-error\" required ><label class=\"wpforms-field-label-inline\" for=\"wpforms-29629-field_3_1\">Autorizo el tratamiento de los datos personales contenidos en este formulario y acepto la politica de privacidad<\/label><\/li><\/ul><\/fieldset><\/div><div id=\"wpforms-29629-field_5-container\" class=\"wpforms-field wpforms-field-checkbox\" data-field-id=\"5\"><fieldset><legend class=\"wpforms-field-label wpforms-label-hide\" aria-hidden=\"false\">RGPD <span class=\"wpforms-required-label\" aria-hidden=\"true\">*<\/span><\/legend><ul id=\"wpforms-29629-field_5\" class=\"wpforms-field-required\"><li class=\"choice-1 depth-1\"><input type=\"checkbox\" id=\"wpforms-29629-field_5_1\" name=\"wpforms[fields][5][]\" value=\"Autorizo a recibir informaci\u00f3n comercial, ofertas y promociones.\" aria-errormessage=\"wpforms-29629-field_5_1-error\" required ><label class=\"wpforms-field-label-inline\" for=\"wpforms-29629-field_5_1\">Autorizo a recibir informaci\u00f3n comercial, ofertas y promociones.<\/label><\/li><\/ul><\/fieldset><\/div><\/div><!-- .wpforms-field-container --><div class=\"wpforms-field wpforms-field-hp\"><label for=\"wpforms-29629-field-hp\" class=\"wpforms-field-label\">Website<\/label><input type=\"text\" name=\"wpforms[hp]\" id=\"wpforms-29629-field-hp\" class=\"wpforms-field-medium\"><\/div><div class=\"wpforms-recaptcha-container wpforms-is-recaptcha wpforms-is-recaptcha-type-v2\" ><div class=\"g-recaptcha\" data-sitekey=\"6Lf-_nwpAAAAAKxN0AkdB7mPS4MsXvUEASNjjJcJ\"><\/div><input type=\"text\" name=\"g-recaptcha-hidden\" class=\"wpforms-recaptcha-hidden\" style=\"position:absolute!important;clip:rect(0,0,0,0)!important;height:1px!important;width:1px!important;border:0!important;overflow:hidden!important;padding:0!important;margin:0!important;\" data-rule-recaptcha=\"1\"><\/div><div class=\"wpforms-submit-container\" ><input type=\"hidden\" name=\"wpforms[id]\" value=\"29629\"><input type=\"hidden\" name=\"page_title\" value=\"\"><input type=\"hidden\" name=\"page_url\" value=\"https:\/\/hurom.es\/pt-pt\/wp-json\/wp\/v2\/pages\/34038\"><input type=\"hidden\" name=\"url_referer\" value=\"\"><button type=\"submit\" name=\"wpforms[submit]\" id=\"wpforms-submit-29629\" class=\"wpforms-submit b-envio\" data-alt-text=\"Enviando...\" data-submit-text=\"ENVIA SOLICITUD DE REGISTRO\" aria-live=\"assertive\" value=\"wpforms-submit\">ENVIA SOLICITUD DE REGISTRO<\/button><\/div><\/form><\/div>  <!-- .wpforms-container -->\n<div class=\"wp-block-group alignfull edge-to-edge has-background has-global-padding is-content-justification-center is-layout-constrained wp-container-core-group-is-layout-6190183f wp-block-group-is-layout-constrained\" style=\"background-color:#f7f7f7;padding-top:64px;padding-right:20px;padding-bottom:64px;padding-left:20px\">\n<div class=\"wp-block-columns are-vertically-aligned-center is-layout-flex wp-container-core-columns-is-layout-0485a0e3 wp-block-columns-is-layout-flex\" style=\"margin-top:0;margin-bottom:0;padding-top:0;padding-right:0;padding-bottom:0;padding-left:0\">\n<div class=\"wp-block-column is-vertically-aligned-center has-global-padding is-layout-constrained wp-container-core-column-is-layout-e804803e wp-block-column-is-layout-constrained\" style=\"padding-top:0;padding-right:0;padding-bottom:0;padding-left:0\">\n<p class=\"has-text-align-center has-contrast-color has-text-color\" style=\"font-size:clamp(22.041px, 1.378rem + ((1vw - 3.2px) * 1.604), 36px);font-style:normal;font-weight:700;line-height:1.3\">Onde est\u00e1 o n\u00famero de s\u00e9rie?<\/p>\n\n\n\n<p class=\"has-text-align-center\">Voc\u00ea o encontra na etiqueta abaixo do motor, que n\u00e3o pode ser removida.<\/p>\n\n\n\n<p class=\"has-text-align-center\">O mesmo c\u00f3digo tamb\u00e9m pode ser encontrado na caixa (marrom).<\/p>\n\n\n\n<figure class=\"wp-block-gallery has-nested-images columns-default is-cropped wp-block-gallery-1 is-layout-flex wp-block-gallery-is-layout-flex\">\n<figure class=\"wp-block-image size-full\"><img fetchpriority=\"high\" decoding=\"async\" width=\"640\" height=\"480\" data-id=\"29774\" src=\"https:\/\/hurom.es\/wp-content\/uploads\/2024\/02\/garantia-numero-de-serie-1.webp\" alt=\"\" class=\"wp-image-29774\" title=\"\" srcset=\"https:\/\/hurom.es\/wp-content\/uploads\/2024\/02\/garantia-numero-de-serie-1.webp 640w, https:\/\/hurom.es\/wp-content\/uploads\/2024\/02\/garantia-numero-de-serie-1-300x225.webp 300w, https:\/\/hurom.es\/wp-content\/uploads\/2024\/02\/garantia-numero-de-serie-1-441x331.webp 441w, https:\/\/hurom.es\/wp-content\/uploads\/2024\/02\/garantia-numero-de-serie-1-600x450.webp 600w, https:\/\/hurom.es\/wp-content\/uploads\/2024\/02\/garantia-numero-de-serie-1-150x113.webp 150w\" sizes=\"(max-width: 640px) 100vw, 640px\" \/><\/figure>\n\n\n\n<figure class=\"wp-block-image size-full\"><img decoding=\"async\" width=\"640\" height=\"480\" data-id=\"29776\" src=\"https:\/\/hurom.es\/wp-content\/uploads\/2024\/02\/garantia-numero-de-serie-2.webp\" alt=\"\" class=\"wp-image-29776\" title=\"\" srcset=\"https:\/\/hurom.es\/wp-content\/uploads\/2024\/02\/garantia-numero-de-serie-2.webp 640w, https:\/\/hurom.es\/wp-content\/uploads\/2024\/02\/garantia-numero-de-serie-2-300x225.webp 300w, https:\/\/hurom.es\/wp-content\/uploads\/2024\/02\/garantia-numero-de-serie-2-441x331.webp 441w, https:\/\/hurom.es\/wp-content\/uploads\/2024\/02\/garantia-numero-de-serie-2-600x450.webp 600w, https:\/\/hurom.es\/wp-content\/uploads\/2024\/02\/garantia-numero-de-serie-2-150x113.webp 150w\" sizes=\"(max-width: 640px) 100vw, 640px\" \/><\/figure>\n\n\n\n<figure class=\"wp-block-image size-full\"><img decoding=\"async\" width=\"640\" height=\"480\" data-id=\"29777\" src=\"https:\/\/hurom.es\/wp-content\/uploads\/2024\/02\/garantia-numero-de-serie-3.webp\" alt=\"\" class=\"wp-image-29777\" title=\"\" srcset=\"https:\/\/hurom.es\/wp-content\/uploads\/2024\/02\/garantia-numero-de-serie-3.webp 640w, https:\/\/hurom.es\/wp-content\/uploads\/2024\/02\/garantia-numero-de-serie-3-300x225.webp 300w, https:\/\/hurom.es\/wp-content\/uploads\/2024\/02\/garantia-numero-de-serie-3-441x331.webp 441w, https:\/\/hurom.es\/wp-content\/uploads\/2024\/02\/garantia-numero-de-serie-3-600x450.webp 600w, https:\/\/hurom.es\/wp-content\/uploads\/2024\/02\/garantia-numero-de-serie-3-150x113.webp 150w\" sizes=\"(max-width: 640px) 100vw, 640px\" \/><\/figure>\n<\/figure>\n<\/div>\n<\/div>\n<\/div>\n","protected":false},"excerpt":{"rendered":"<p>Registre a compra do seu extrator conosco Onde est\u00e1 o n\u00famero de s\u00e9rie? Voc\u00ea o encontra na etiqueta abaixo do motor, que n\u00e3o pode ser removida. O mesmo c\u00f3digo tamb\u00e9m pode ser encontrado na caixa (marrom).<\/p>\n","protected":false},"author":1,"featured_media":0,"parent":0,"menu_order":20,"comment_status":"closed","ping_status":"closed","template":"template-fullwidth.php","meta":{"footnotes":""},"class_list":["post-34038","page","type-page","status-publish","hentry"],"_links":{"self":[{"href":"https:\/\/hurom.es\/pt-pt\/wp-json\/wp\/v2\/pages\/34038","targetHints":{"allow":["GET"]}}],"collection":[{"href":"https:\/\/hurom.es\/pt-pt\/wp-json\/wp\/v2\/pages"}],"about":[{"href":"https:\/\/hurom.es\/pt-pt\/wp-json\/wp\/v2\/types\/page"}],"author":[{"embeddable":true,"href":"https:\/\/hurom.es\/pt-pt\/wp-json\/wp\/v2\/users\/1"}],"replies":[{"embeddable":true,"href":"https:\/\/hurom.es\/pt-pt\/wp-json\/wp\/v2\/comments?post=34038"}],"version-history":[{"count":2,"href":"https:\/\/hurom.es\/pt-pt\/wp-json\/wp\/v2\/pages\/34038\/revisions"}],"predecessor-version":[{"id":34041,"href":"https:\/\/hurom.es\/pt-pt\/wp-json\/wp\/v2\/pages\/34038\/revisions\/34041"}],"wp:attachment":[{"href":"https:\/\/hurom.es\/pt-pt\/wp-json\/wp\/v2\/media?parent=34038"}],"curies":[{"name":"wp","href":"https:\/\/api.w.org\/{rel}","templated":true}]}}