{"id":34010,"date":"2023-12-13T16:43:51","date_gmt":"2023-12-13T15:43:51","guid":{"rendered":"https:\/\/hurom.es\/pagos\/"},"modified":"2025-03-07T08:39:44","modified_gmt":"2025-03-07T07:39:44","slug":"pagos","status":"publish","type":"page","link":"https:\/\/hurom.es\/pt-pt\/pagos\/","title":{"rendered":"M\u00e9todos de pagamento"},"content":{"rendered":"\n<p>ITALJUICER S.R.L. aceita pagamentos com os seguintes m\u00e9todos: <\/p>\n\n<p><strong>Transfer\u00eancia Banc\u00e1ria<\/strong><\/p>\n\n<p>O formul\u00e1rio de pedido de compras com pagamento por transfer\u00eancia banc\u00e1ria fornecer\u00e1 as instru\u00e7\u00f5es necess\u00e1rias para concluir uma transa\u00e7\u00e3o correta.<\/p>\n\n<p>Se adquirir os produtos com cart\u00e3o de cr\u00e9dito, ao finalizar a compra online, receber\u00e1 instru\u00e7\u00f5es detalhadas para efetuar o pagamento.<\/p>\n\n<p>O pagamento ser\u00e1 l\u00edquido, para o benefici\u00e1rio, de eventuais despesas e custos a efetuar num dos seguintes c\u00f3digos IBAN.<\/p>\n\n<p>Quaisquer despesas banc\u00e1rias, cobradas ao cliente pelo seu pr\u00f3prio banco, ser\u00e3o suportadas pelo cliente.<\/p>\n\n<p>Caso, por qualquer motivo, a cobran\u00e7a dos valores devidos pelo cliente seja imposs\u00edvel, o processo de compra ser\u00e1 automaticamente cancelado e a compra ser\u00e1 cancelada.<\/p>\n\n<p><strong>Cart\u00e3o de cr\u00e9dito<\/strong><\/p>\n\n<p>ITALJUICER ESPA\u00d1A SL aceita pagamentos com cart\u00e3o de cr\u00e9dito. O formul\u00e1rio de pedido para compras com cart\u00e3o de cr\u00e9dito fornecer\u00e1 as instru\u00e7\u00f5es necess\u00e1rias para concluir uma transa\u00e7\u00e3o bem-sucedida.  <\/p>\n\n<p>No caso de aquisi\u00e7\u00e3o de produtos com cart\u00e3o de cr\u00e9dito, ao finalizar a compra online, o banco de refer\u00eancia proceder\u00e1 \u00e0 autoriza\u00e7\u00e3o do valor correspondente \u00e0 pr\u00f3pria compra. <\/p>\n\n<p>Em caso de desist\u00eancia por parte do cliente ou n\u00e3o aceita\u00e7\u00e3o da encomenda por parte da ITALJUICER ESPA\u00d1A SL, esta cancelar\u00e1 a transa\u00e7\u00e3o e separar\u00e1 o valor a pagar. Para alguns tipos de cart\u00f5es, os prazos de libera\u00e7\u00e3o dependem exclusivamente do sistema banc\u00e1rio e podem ser de at\u00e9 24 dias a partir da data de autoriza\u00e7\u00e3o.  <\/p>\n\n<p>A IITALJUICER ESPA\u00d1A SL reserva-se o direito de cobrar o valor da encomenda efetuada pelo Cliente no cart\u00e3o de cr\u00e9dito deste para evitar a expira\u00e7\u00e3o da autoriza\u00e7\u00e3o da transa\u00e7\u00e3o, que ocorre ap\u00f3s 23 dias. <\/p>\n\n<p>A ITALJUICER ESPA\u00d1A SL reserva-se o direito de solicitar ao Cliente determinadas informa\u00e7\u00f5es (por exemplo, n\u00famero de telefone fixo) ou enviar c\u00f3pia dos documentos que comprovem a titularidade do cart\u00e3o de cr\u00e9dito utilizado. Caso os documentos solicitados n\u00e3o sejam recebidos, a ITALJUICER ESPA\u00d1A SL reserva-se o direito de n\u00e3o aceitar a encomenda.  <\/p>\n\n<p>A ITALJUICER ESPA\u00d1A SL n\u00e3o poder\u00e1 aceder, em nenhum momento do processo de compra, aos dados relativos ao cart\u00e3o de cr\u00e9dito do comprador, os quais ser\u00e3o transmitidos atrav\u00e9s de uma liga\u00e7\u00e3o segura diretamente pela entidade banc\u00e1ria que gere a transa\u00e7\u00e3o. Estes dados n\u00e3o ser\u00e3o armazenados em nenhum arquivo inform\u00e1tico da ITALJUICER ESPA\u00d1A SL e n\u00e3o podem, em nenhum caso, ser considerados respons\u00e1veis \u200b\u200bpela utiliza\u00e7\u00e3o fraudulenta ou ilegal de cart\u00f5es de cr\u00e9dito por terceiros, durante o pagamento dos produtos adquiridos na p\u00e1gina.  <\/p>\n\n<p>Por \u00faltimo, nos casos em que o cliente pague com cart\u00e3o de cr\u00e9dito, a ITALJUICER ESPA\u00d1A SL n\u00e3o ser\u00e1 respons\u00e1vel pelo bom resultado da transa\u00e7\u00e3o, que depende exclusivamente da empresa prestadora de servi\u00e7os de pagamento online e que, em qualquer caso, ser\u00e1 escolhida entre os operadores mais reconhecidos do setor a n\u00edvel nacional. <\/p>\n\n<p>O Cliente reconhece que o pedido de compra e o seu pagamento s\u00e3o efetuados atrav\u00e9s de redes e servi\u00e7os de comunica\u00e7\u00e3o eletr\u00f3nica cujo correto funcionamento est\u00e1 fora do alcance da ITALJUICER ESPA\u00d1A SL e n\u00e3o pode, em nenhum caso, ser respons\u00e1vel pela utiliza\u00e7\u00e3o fraudulenta ou ilegal de cart\u00f5es de cr\u00e9dito por terceiros durante o pagamento dos produtos adquiridos na p\u00e1gina. <\/p>\n\n<p><strong>PayPal<\/strong><\/p>\n\n<p>Se j\u00e1 possui uma conta PayPal e decidir comprar com ela, ap\u00f3s realizar a sua encomenda ser\u00e1 redireccionado para uma p\u00e1gina de pagamento PayPal (transac\u00e7\u00e3o segura protegida por SSL), onde apenas necessitar\u00e1 de inserir as suas credenciais de login. Se o pagamento for efetuado corretamente, o PayPal proceder\u00e1 imediatamente \u00e0 cobran\u00e7a na sua conta do valor correspondente \u00e0 compra efetuada, enviando-nos a confirma\u00e7\u00e3o da sua encomenda.  <\/p>\n\n<p>Em nenhum momento durante o processo de compra poderemos aceder aos dados relativos ao seu cart\u00e3o de cr\u00e9dito ou outros dados inseridos na sua conta PayPal. <\/p>\n\n<p>Em alguns casos, nosso Atendimento ao Cliente poder\u00e1 entrar em contato com voc\u00ea e solicitar mais informa\u00e7\u00f5es para confirmar a propriedade de sua conta PayPal. Neste caso, os tempos de envio depender\u00e3o da dura\u00e7\u00e3o destes controlos.  <\/p>\n\n<p>Em caso de revoga\u00e7\u00e3o do contrato e posterior cancelamento da encomenda, o valor correspondente \u00e0 compra efetuada ser\u00e1 periodicamente devolvido \u00e0 sua conta PayPal. As formas de devolu\u00e7\u00e3o do pagamento efetuado com PayPal dependem exclusivamente do PayPal. <\/p>\n\n<p><strong>Scalapay<\/strong><\/p>\n\n<p>O formul\u00e1rio de pedido para compras com Scalapay fornecer\u00e1 as instru\u00e7\u00f5es necess\u00e1rias para concluir uma transa\u00e7\u00e3o correta. Se voc\u00ea comprar com Scalapay, voc\u00ea recebe seu pedido imediatamente e paga em 3x. Observe que as cotas ser\u00e3o transferidas para a Incremento SPV S.r.l., entidades relacionadas e seus cession\u00e1rios, e que voc\u00ea autoriza tal transfer\u00eancia.  <\/p>\n\n<ul class=\"wp-block-list\">\n<li>Escolha Scalapay na finaliza\u00e7\u00e3o da compra: Pague com Visa, Mastercard ou Amex.<\/li>\n\n\n\n<li>Crie uma conta em dois minutos: registro gratuito e aprova\u00e7\u00e3o instant\u00e2nea.<\/li>\n\n\n\n<li>Pague em 3x, sem juros: Receba o pedido imediatamente e divida o valor em 3 c\u00f4modas parcelas, sem juros e com vencimento mensal.<\/li>\n<\/ul>\n\n<p><strong>Cobran\u00e7a<\/strong><\/p>\n\n<p>A ITALJUICER ESPA\u00d1A SL emite uma nota fiscal por cada encomenda enviada, enviando-a por correio postal ao comprador, de acordo com o artigo 14 do Decreto Presidencial 445\/2000. Este documento deve ser guardado como comprovante de compra caso seja necess\u00e1rio aplicar garantias. A nota fiscal ser\u00e1 elaborada de acordo com as informa\u00e7\u00f5es fornecidas pelo cliente no formul\u00e1rio de pedido. Uma vez emitida a nota fiscal, n\u00e3o \u00e9 poss\u00edvel realizar altera\u00e7\u00f5es nos dados que nela constam.    <\/p>\n","protected":false},"excerpt":{"rendered":"<p>ITALJUICER S.R.L. aceita pagamentos com os seguintes m\u00e9todos: Transfer\u00eancia Banc\u00e1ria O formul\u00e1rio de pedido de compras com pagamento por transfer\u00eancia banc\u00e1ria fornecer\u00e1 as instru\u00e7\u00f5es necess\u00e1rias para concluir uma transa\u00e7\u00e3o correta. Se adquirir os produtos com cart\u00e3o de cr\u00e9dito, ao finalizar a compra online, receber\u00e1 instru\u00e7\u00f5es detalhadas para efetuar o pagamento. O pagamento ser\u00e1 l\u00edquido, para [&hellip;]<\/p>\n","protected":false},"author":1,"featured_media":0,"parent":0,"menu_order":105,"comment_status":"closed","ping_status":"closed","template":"","meta":{"footnotes":""},"class_list":["post-34010","page","type-page","status-publish","hentry"],"_links":{"self":[{"href":"https:\/\/hurom.es\/pt-pt\/wp-json\/wp\/v2\/pages\/34010","targetHints":{"allow":["GET"]}}],"collection":[{"href":"https:\/\/hurom.es\/pt-pt\/wp-json\/wp\/v2\/pages"}],"about":[{"href":"https:\/\/hurom.es\/pt-pt\/wp-json\/wp\/v2\/types\/page"}],"author":[{"embeddable":true,"href":"https:\/\/hurom.es\/pt-pt\/wp-json\/wp\/v2\/users\/1"}],"replies":[{"embeddable":true,"href":"https:\/\/hurom.es\/pt-pt\/wp-json\/wp\/v2\/comments?post=34010"}],"version-history":[{"count":2,"href":"https:\/\/hurom.es\/pt-pt\/wp-json\/wp\/v2\/pages\/34010\/revisions"}],"predecessor-version":[{"id":34012,"href":"https:\/\/hurom.es\/pt-pt\/wp-json\/wp\/v2\/pages\/34010\/revisions\/34012"}],"wp:attachment":[{"href":"https:\/\/hurom.es\/pt-pt\/wp-json\/wp\/v2\/media?parent=34010"}],"curies":[{"name":"wp","href":"https:\/\/api.w.org\/{rel}","templated":true}]}}