{"id":33974,"date":"2023-12-13T16:45:07","date_gmt":"2023-12-13T15:45:07","guid":{"rendered":"https:\/\/hurom.es\/condiciones-y-costos-de-envio\/"},"modified":"2025-03-06T12:03:27","modified_gmt":"2025-03-06T11:03:27","slug":"condiciones-y-costos-de-envio","status":"publish","type":"page","link":"https:\/\/hurom.es\/pt-pt\/condiciones-y-costos-de-envio\/","title":{"rendered":"Condi\u00e7\u00f5es e custos de envio"},"content":{"rendered":"\n<h5 class=\"wp-block-heading\"><strong>M\u00e9todo de envio<\/strong><\/h5>\n\n<p>Apenas ser\u00e3o aceites e poder\u00e3o ser processadas encomendas com entrega em territ\u00f3rio espanhol. Os envios ser\u00e3o feitos por correio. O cliente poder\u00e1 consultar o estado do pedido atrav\u00e9s da p\u00e1gina, na \u00e1rea reservada ao hist\u00f3rico de compras.  <\/p>\n\n<h5 class=\"wp-block-heading\"><strong>Custos de envio<\/strong><\/h5>\n\n<p>Os custos de entrega est\u00e3o claramente especificados na p\u00e1gina e no texto do pedido. O pagamento dos produtos adquiridos online pelo cliente ser\u00e1 efetuado atrav\u00e9s do m\u00e9todo escolhido durante a encomenda. O cliente n\u00e3o deve mais nada em rela\u00e7\u00e3o ao total do pedido apresentado durante o procedimento de compra.  <\/p>\n\n<h5 class=\"wp-block-heading\"><strong>Responsabilidade<\/strong><\/h5>\n\n<p>Nenhuma responsabilidade poder\u00e1 ser atribu\u00edda \u00e0 ITALJUICER ESPA\u00d1A SL em caso de atraso no processamento da encomenda ou na entrega do produto. A disposi\u00e7\u00e3o contratual da ITALJUICER ESPA\u00d1A SL. com o cliente termina quando os produtos adquiridos por este s\u00e3o entregues por correio. A entrega dos produtos por correio ser\u00e1 efectuada no r\u00e9s-do-ch\u00e3o da casa do cliente, salvo estipula\u00e7\u00e3o em contr\u00e1rio com o servi\u00e7o de apoio ao cliente ou devido \u00e0s caracter\u00edsticas t\u00e9cnicas do produto.   <\/p>\n\n<h5 class=\"wp-block-heading\"><strong>M\u00e9todo de envio e custos<\/strong><\/h5>\n\n<p>Quando o transportador entregar o produto, o cliente dever\u00e1 verificar:<\/p>\n\n<ol class=\"wp-block-list\">\n<li>que a quantidade das embalagens entregues corresponde \u00e0 indicada no documento de transporte recebido por email;<\/li>\n\n\n\n<li>que a embalagem est\u00e1 intacta, sem danos, n\u00e3o molhada ou alterada, nem os materiais de fechamento (fita adesiva ou selo met\u00e1lico).<\/li>\n<\/ol>\n\n<p>Eventuais danos na embalagem ou produto, ou incumprimento do n\u00famero de embalagens ou indica\u00e7\u00f5es, devem ser imediatamente comunicados, com COMENT\u00c1RIO AO LADO DA ASSINATURA (ESPECIFICANDO O MOTIVO DO COMENT\u00c1RIO, por exemplo \u201cembalagem furada\u201d, \u201cembalagem amassada\u201d, etc.) no recibo de recebimento do transportador. Uma vez assinado o documento do transportador, o cliente n\u00e3o poder\u00e1 fazer qualquer reclama\u00e7\u00e3o quanto \u00e0s caracter\u00edsticas externas do que foi entregue. Eventuais problemas relacionados \u00e0 integridade f\u00edsica, correspond\u00eancia ou integridade dos produtos recebidos dever\u00e3o ser comunicados no prazo de dois meses ap\u00f3s a verifica\u00e7\u00e3o, conforme procedimentos previstos neste documento.  <\/p>\n\n<p>Caso o produto permane\u00e7a nos armaz\u00e9ns postais durante 5 dias \u00fateis devido \u00e0 repetida impossibilidade de entrega no endere\u00e7o indicado pelo Cliente durante a encomenda, o produto retornar\u00e1 aos armaz\u00e9ns da ITALJUICER ESPA\u00d1A SL.<\/p>\n\n<h5 class=\"wp-block-heading\">Envio para as Ilhas Can\u00e1rias<\/h5>\n\n<p>O c\u00e1lculo do <span style=\"text-decoration: underline;\">valor<\/span> do envio para as Ilhas Can\u00e1rias ser\u00e1 realizado diretamente na p\u00e1gina antes de proceder ao pagamento e depender\u00e1 do C\u00f3digo Postal da morada de destino. <\/p>\n\n<p>As vendas para as Ilhas Can\u00e1rias est\u00e3o <span style=\"text-decoration: underline;\">isentas de IVA <\/span>e isso tamb\u00e9m se refletir\u00e1 no c\u00e1lculo do valor total e antes do aparecimento da tela para efetuar o pagamento. <\/p>\n\n<p>Quando o produto chegar \u00e0s Ilhas, e for realizado o processo de importa\u00e7\u00e3o, ser\u00e1 gerado o IGI, valor pelo qual o comprador do bem \u00e9 respons\u00e1vel e que ao finalizar a compra se compromete a cobrir sem exce\u00e7\u00f5es ou atrasos. <\/p>\n\n<p>A Italjuicer S.L n\u00e3o ser\u00e1 de forma alguma respons\u00e1vel por quaisquer impostos ou despesas adicionais que possam ser geradas ao longo do processo de importa\u00e7\u00e3o da mercadoria.<\/p>\n\n<p><\/p>\n","protected":false},"excerpt":{"rendered":"<p>M\u00e9todo de envio Apenas ser\u00e3o aceites e poder\u00e3o ser processadas encomendas com entrega em territ\u00f3rio espanhol. Os envios ser\u00e3o feitos por correio. O cliente poder\u00e1 consultar o estado do pedido atrav\u00e9s da p\u00e1gina, na \u00e1rea reservada ao hist\u00f3rico de compras. Custos de envio Os custos de entrega est\u00e3o claramente especificados na p\u00e1gina e no texto [&hellip;]<\/p>\n","protected":false},"author":1,"featured_media":0,"parent":0,"menu_order":105,"comment_status":"closed","ping_status":"closed","template":"","meta":{"footnotes":""},"class_list":["post-33974","page","type-page","status-publish","hentry"],"_links":{"self":[{"href":"https:\/\/hurom.es\/pt-pt\/wp-json\/wp\/v2\/pages\/33974","targetHints":{"allow":["GET"]}}],"collection":[{"href":"https:\/\/hurom.es\/pt-pt\/wp-json\/wp\/v2\/pages"}],"about":[{"href":"https:\/\/hurom.es\/pt-pt\/wp-json\/wp\/v2\/types\/page"}],"author":[{"embeddable":true,"href":"https:\/\/hurom.es\/pt-pt\/wp-json\/wp\/v2\/users\/1"}],"replies":[{"embeddable":true,"href":"https:\/\/hurom.es\/pt-pt\/wp-json\/wp\/v2\/comments?post=33974"}],"version-history":[{"count":2,"href":"https:\/\/hurom.es\/pt-pt\/wp-json\/wp\/v2\/pages\/33974\/revisions"}],"predecessor-version":[{"id":33976,"href":"https:\/\/hurom.es\/pt-pt\/wp-json\/wp\/v2\/pages\/33974\/revisions\/33976"}],"wp:attachment":[{"href":"https:\/\/hurom.es\/pt-pt\/wp-json\/wp\/v2\/media?parent=33974"}],"curies":[{"name":"wp","href":"https:\/\/api.w.org\/{rel}","templated":true}]}}