{"id":33962,"date":"2023-12-15T18:26:14","date_gmt":"2023-12-15T17:26:14","guid":{"rendered":"https:\/\/hurom.es\/asistencia\/"},"modified":"2025-05-11T11:30:06","modified_gmt":"2025-05-11T09:30:06","slug":"asistencia","status":"publish","type":"page","link":"https:\/\/hurom.es\/pt-pt\/asistencia\/","title":{"rendered":"Suporte"},"content":{"rendered":"\n<div class=\"wp-block-group alignfull has-background has-global-padding is-content-justification-center is-layout-constrained wp-container-core-group-is-layout-2aadf2d8 wp-block-group-is-layout-constrained\" style=\"background-color:#f9fdf5;padding-top:64px;padding-right:20px;padding-bottom:64px;padding-left:20px\">\n<div class=\"wp-block-columns are-vertically-aligned-center is-layout-flex wp-container-core-columns-is-layout-96a9e0ec wp-block-columns-is-layout-flex\" style=\"margin-top:0;margin-bottom:0;padding-top:0;padding-right:0;padding-bottom:0;padding-left:0\">\n<div class=\"wp-block-column is-vertically-aligned-center has-global-padding is-content-justification-left is-layout-constrained wp-container-core-column-is-layout-14fa8993 wp-block-column-is-layout-constrained\" style=\"padding-top:0;padding-right:0;padding-bottom:0;padding-left:0;flex-basis:55%\">\n<div class=\"wp-block-group is-vertical is-layout-flex wp-container-core-group-is-layout-3ec2841e wp-block-group-is-layout-flex\">\n<h1 class=\"wp-block-heading has-text-align-left has-contrast-color has-text-color\" style=\"font-size:clamp(22.041px, 1.378rem + ((1vw - 3.2px) * 1.604), 36px);\">Suporte Hurom\u00ae Espanha<\/h1>\n\n\n\n<p>Gra\u00e7as \u00e0 nossa experi\u00eancia e profissionalismo, somos capazes de oferecer um servi\u00e7o completo e personalizado para satisfazer as necessidades de cada cliente.<\/p>\n\n\n\n<p>A nossa miss\u00e3o \u00e9 prestar <strong>suporte qualificado e oportuno a todos os utilizadores do Hurom<\/strong>, garantindo a m\u00e1xima fiabilidade e qualidade dos nossos servi\u00e7os.<\/p>\n<\/div>\n\n\n\n<div style=\"height:30px;width:0px\" aria-hidden=\"true\" class=\"wp-block-spacer\"><\/div>\n\n\n\n<div class=\"wp-block-group is-nowrap is-layout-flex wp-container-core-group-is-layout-6c531013 wp-block-group-is-layout-flex\">\n<h4 class=\"wp-block-heading has-text-align-center\">Escreva para n\u00f3s:<\/h4>\n\n\n\n<p class=\"has-text-align-center\">asistencia@hurom.es<\/p>\n<\/div>\n\n\n\n<div class=\"wp-block-group is-nowrap is-layout-flex wp-container-core-group-is-layout-6c531013 wp-block-group-is-layout-flex\">\n<h4 class=\"wp-block-heading has-text-align-center\">Ligue para n\u00f3s<\/h4>\n\n\n\n<p class=\"has-text-align-left\">(+34) <a href=\"tel:984040032\">984 040032<\/a><\/p>\n<\/div>\n<\/div>\n\n\n\n<div class=\"wp-block-column is-vertically-aligned-center is-layout-flow wp-block-column-is-layout-flow\" style=\"flex-basis:45%\">\n<figure class=\"wp-block-image size-full has-custom-border\"><img fetchpriority=\"high\" decoding=\"async\" width=\"787\" height=\"1024\" src=\"https:\/\/hurom.es\/wp-content\/uploads\/2023\/12\/extractor-hurom-h310a-extractor-de-jugo-super-compacto4.webp\" alt=\"\" class=\"wp-image-29696\" style=\"border-radius:8px\" title=\"\" srcset=\"https:\/\/hurom.es\/wp-content\/uploads\/2023\/12\/extractor-hurom-h310a-extractor-de-jugo-super-compacto4.webp 787w, https:\/\/hurom.es\/wp-content\/uploads\/2023\/12\/extractor-hurom-h310a-extractor-de-jugo-super-compacto4-231x300.webp 231w, https:\/\/hurom.es\/wp-content\/uploads\/2023\/12\/extractor-hurom-h310a-extractor-de-jugo-super-compacto4-768x999.webp 768w, https:\/\/hurom.es\/wp-content\/uploads\/2023\/12\/extractor-hurom-h310a-extractor-de-jugo-super-compacto4-441x574.webp 441w, https:\/\/hurom.es\/wp-content\/uploads\/2023\/12\/extractor-hurom-h310a-extractor-de-jugo-super-compacto4-600x781.webp 600w, https:\/\/hurom.es\/wp-content\/uploads\/2023\/12\/extractor-hurom-h310a-extractor-de-jugo-super-compacto4-150x195.webp 150w\" sizes=\"(max-width: 787px) 100vw, 787px\" \/><\/figure>\n<\/div>\n<\/div>\n<\/div>\n\n\n\n<div class=\"wp-block-group has-global-padding is-layout-constrained wp-block-group-is-layout-constrained\">\n<div class=\"wp-block-columns is-layout-flex wp-container-core-columns-is-layout-28f84493 wp-block-columns-is-layout-flex\">\n<div class=\"wp-block-column is-layout-flow wp-block-column-is-layout-flow\" style=\"flex-basis:20%\"><\/div>\n\n\n\n<div class=\"wp-block-column is-layout-flow wp-block-column-is-layout-flow\" style=\"flex-basis:60%\">\n<div class=\"wp-block-group 800 is-vertical is-content-justification-center is-layout-flex wp-container-core-group-is-layout-fa38c63a wp-block-group-is-layout-flex\">\n<div class=\"wp-block-columns is-layout-flex wp-container-core-columns-is-layout-28f84493 wp-block-columns-is-layout-flex\">\n<div class=\"wp-block-column is-layout-flow wp-block-column-is-layout-flow\" style=\"flex-basis:20%\"><\/div>\n\n\n\n<div class=\"wp-block-column is-layout-flow wp-block-column-is-layout-flow\" style=\"flex-basis:60%\">\n<div style=\"height:100px\" aria-hidden=\"true\" class=\"wp-block-spacer\"><\/div>\n\n\n\n<h2 class=\"wp-block-heading has-text-align-center has-medium-font-size\" style=\"text-transform:uppercase\">FORMULARIO DE solIcitud de suporte<\/h2>\n\n\n<div class=\"wpforms-container wpforms-container-full wpforms-block wpforms-block-baf375e5-cab0-4498-8cf8-1442f5c065c2 wpforms-render-modern\" id=\"wpforms-29631\"><form id=\"wpforms-form-29631\" class=\"wpforms-validate wpforms-form\" data-formid=\"29631\" method=\"post\" enctype=\"multipart\/form-data\" action=\"\/pt-pt\/wp-json\/wp\/v2\/pages\/33962\" data-token=\"bf348515bb31211f5631371f9e386c91\" data-token-time=\"1777106153\"><noscript class=\"wpforms-error-noscript\">Please enable JavaScript in your browser to complete this form.<\/noscript><div id=\"wpforms-error-noscript\" style=\"display: none;\">Please enable JavaScript in your browser to complete this form.<\/div><div class=\"wpforms-field-container\"><div id=\"wpforms-29631-field_0-container\" class=\"wpforms-field wpforms-field-name\" data-field-id=\"0\"><fieldset><legend class=\"wpforms-field-label\">Nombre y apellido <span class=\"wpforms-required-label\" aria-hidden=\"true\">*<\/span><\/legend><div class=\"wpforms-field-row wpforms-field-large\"><div class=\"wpforms-field-row-block wpforms-first wpforms-one-half\"><input type=\"text\" id=\"wpforms-29631-field_0\" class=\"wpforms-field-name-first wpforms-field-required\" name=\"wpforms[fields][0][first]\" aria-errormessage=\"wpforms-29631-field_0-error\" required><label for=\"wpforms-29631-field_0\" class=\"wpforms-field-sublabel after\">First<\/label><\/div><div class=\"wpforms-field-row-block wpforms-one-half\"><input type=\"text\" id=\"wpforms-29631-field_0-last\" class=\"wpforms-field-name-last wpforms-field-required\" name=\"wpforms[fields][0][last]\" aria-errormessage=\"wpforms-29631-field_0-last-error\" required><label for=\"wpforms-29631-field_0-last\" class=\"wpforms-field-sublabel after\">Last<\/label><\/div><\/div><\/fieldset><\/div><div id=\"wpforms-29631-field_1-container\" class=\"wpforms-field wpforms-field-email\" data-field-id=\"1\"><label class=\"wpforms-field-label\" for=\"wpforms-29631-field_1\">Email <span class=\"wpforms-required-label\" aria-hidden=\"true\">*<\/span><\/label><input type=\"email\" id=\"wpforms-29631-field_1\" class=\"wpforms-field-large wpforms-field-required\" name=\"wpforms[fields][1]\" spellcheck=\"false\" aria-errormessage=\"wpforms-29631-field_1-error\" required><\/div><div id=\"wpforms-29631-field_6-container\" class=\"wpforms-field wpforms-field-text wpforms-one-half wpforms-first\" data-field-id=\"6\"><label class=\"wpforms-field-label\" for=\"wpforms-29631-field_6\">Telefono <span class=\"wpforms-required-label\" aria-hidden=\"true\">*<\/span><\/label><input type=\"text\" id=\"wpforms-29631-field_6\" class=\"wpforms-field-large wpforms-field-required\" name=\"wpforms[fields][6]\" aria-errormessage=\"wpforms-29631-field_6-error\" required><\/div><div id=\"wpforms-29631-field_7-container\" class=\"wpforms-field wpforms-field-text wpforms-one-half\" data-field-id=\"7\"><label class=\"wpforms-field-label\" for=\"wpforms-29631-field_7\">Horario de contacto preferido <span class=\"wpforms-required-label\" aria-hidden=\"true\">*<\/span><\/label><input type=\"text\" id=\"wpforms-29631-field_7\" class=\"wpforms-field-large wpforms-field-required\" name=\"wpforms[fields][7]\" aria-errormessage=\"wpforms-29631-field_7-error\" required><\/div><div id=\"wpforms-29631-field_11-container\" class=\"wpforms-field wpforms-field-select wpforms-field-select-style-classic\" data-field-id=\"11\"><label class=\"wpforms-field-label\" for=\"wpforms-29631-field_11\">Motivo de Solicitud <span class=\"wpforms-required-label\" aria-hidden=\"true\">*<\/span><\/label><select id=\"wpforms-29631-field_11\" class=\"wpforms-field-large wpforms-field-required\" name=\"wpforms[fields][11]\" required=\"required\"><option value=\"Asistencia tecnica Producto en Garantia\"  class=\"choice-2 depth-1\"  >Asistencia tecnica Producto en Garantia<\/option><option value=\"Asistencia tecnica Producto sin Garantia\"  class=\"choice-1 depth-1\"  >Asistencia tecnica Producto sin Garantia<\/option><option value=\"Reclamo\"  class=\"choice-3 depth-1\"  >Reclamo<\/option><\/select><\/div><div id=\"wpforms-29631-field_10-container\" class=\"wpforms-field wpforms-field-text\" data-field-id=\"10\"><label class=\"wpforms-field-label\" for=\"wpforms-29631-field_10\">Modelo de Maquina<\/label><input type=\"text\" id=\"wpforms-29631-field_10\" class=\"wpforms-field-large\" name=\"wpforms[fields][10]\" aria-errormessage=\"wpforms-29631-field_10-error\" ><\/div><div id=\"wpforms-29631-field_9-container\" class=\"wpforms-field wpforms-field-text\" data-field-id=\"9\"><label class=\"wpforms-field-label\" for=\"wpforms-29631-field_9\">A\u00f1o de compra<\/label><input type=\"text\" id=\"wpforms-29631-field_9\" class=\"wpforms-field-large\" name=\"wpforms[fields][9]\" aria-errormessage=\"wpforms-29631-field_9-error\" ><\/div><div id=\"wpforms-29631-field_8-container\" class=\"wpforms-field wpforms-field-textarea\" data-field-id=\"8\"><label class=\"wpforms-field-label\" for=\"wpforms-29631-field_8\">Direcci\u00f3n de retiro<\/label><textarea id=\"wpforms-29631-field_8\" class=\"wpforms-field-medium\" name=\"wpforms[fields][8]\" aria-errormessage=\"wpforms-29631-field_8-error\" ><\/textarea><\/div><div id=\"wpforms-29631-field_2-container\" class=\"wpforms-field wpforms-field-textarea\" data-field-id=\"2\"><label class=\"wpforms-field-label\" for=\"wpforms-29631-field_2\">Problema que tienes <span class=\"wpforms-required-label\" aria-hidden=\"true\">*<\/span><\/label><textarea id=\"wpforms-29631-field_2\" class=\"wpforms-field-medium wpforms-field-required\" name=\"wpforms[fields][2]\" aria-errormessage=\"wpforms-29631-field_2-error\" required><\/textarea><\/div><div id=\"wpforms-29631-field_3-container\" class=\"wpforms-field wpforms-field-checkbox\" data-field-id=\"3\"><fieldset><legend class=\"wpforms-field-label wpforms-label-hide\" aria-hidden=\"false\">Privacy <span class=\"wpforms-required-label\" aria-hidden=\"true\">*<\/span><\/legend><ul id=\"wpforms-29631-field_3\" class=\"wpforms-field-required\"><li class=\"choice-1 depth-1\"><input type=\"checkbox\" id=\"wpforms-29631-field_3_1\" name=\"wpforms[fields][3][]\" value=\"Autorizo el tratamiento de los datos personales contenidos en este formulario y acepto la politica de privacidad\" aria-errormessage=\"wpforms-29631-field_3_1-error\" required ><label class=\"wpforms-field-label-inline\" for=\"wpforms-29631-field_3_1\">Autorizo el tratamiento de los datos personales contenidos en este formulario y acepto la politica de privacidad<\/label><\/li><\/ul><\/fieldset><\/div><div id=\"wpforms-29631-field_5-container\" class=\"wpforms-field wpforms-field-checkbox\" data-field-id=\"5\"><fieldset><legend class=\"wpforms-field-label wpforms-label-hide\" aria-hidden=\"false\">RGPD <span class=\"wpforms-required-label\" aria-hidden=\"true\">*<\/span><\/legend><ul id=\"wpforms-29631-field_5\" class=\"wpforms-field-required\"><li class=\"choice-1 depth-1\"><input type=\"checkbox\" id=\"wpforms-29631-field_5_1\" name=\"wpforms[fields][5][]\" value=\"Acepto recibir nformaci\u00f3n comercial, ofertas y promociones.\" aria-errormessage=\"wpforms-29631-field_5_1-error\" required ><label class=\"wpforms-field-label-inline\" for=\"wpforms-29631-field_5_1\">Acepto recibir nformaci\u00f3n comercial, ofertas y promociones.<\/label><\/li><\/ul><\/fieldset><\/div><\/div><!-- .wpforms-field-container --><div class=\"wpforms-field wpforms-field-hp\"><label for=\"wpforms-29631-field-hp\" class=\"wpforms-field-label\">Website<\/label><input type=\"text\" name=\"wpforms[hp]\" id=\"wpforms-29631-field-hp\" class=\"wpforms-field-medium\"><\/div><div class=\"wpforms-recaptcha-container wpforms-is-recaptcha wpforms-is-recaptcha-type-v2\" ><div class=\"g-recaptcha\" data-sitekey=\"6Lf-_nwpAAAAAKxN0AkdB7mPS4MsXvUEASNjjJcJ\"><\/div><input type=\"text\" name=\"g-recaptcha-hidden\" class=\"wpforms-recaptcha-hidden\" style=\"position:absolute!important;clip:rect(0,0,0,0)!important;height:1px!important;width:1px!important;border:0!important;overflow:hidden!important;padding:0!important;margin:0!important;\" data-rule-recaptcha=\"1\"><\/div><div class=\"wpforms-submit-container\" ><input type=\"hidden\" name=\"wpforms[id]\" value=\"29631\"><input type=\"hidden\" name=\"page_title\" value=\"\"><input type=\"hidden\" name=\"page_url\" value=\"https:\/\/hurom.es\/pt-pt\/wp-json\/wp\/v2\/pages\/33962\"><input type=\"hidden\" name=\"url_referer\" value=\"\"><button type=\"submit\" name=\"wpforms[submit]\" id=\"wpforms-submit-29631\" class=\"wpforms-submit b-envio\" data-alt-text=\"Enviando...\" data-submit-text=\"ENVIA SOLICITUD DE ASISTENCIA\" aria-live=\"assertive\" value=\"wpforms-submit\">ENVIA SOLICITUD DE ASISTENCIA<\/button><\/div><\/form><\/div>  <!-- .wpforms-container --><\/div>\n\n\n\n<div class=\"wp-block-column is-layout-flow wp-block-column-is-layout-flow\" style=\"flex-basis:20%\"><\/div>\n<\/div>\n<\/div>\n<\/div>\n\n\n\n<div class=\"wp-block-column is-layout-flow wp-block-column-is-layout-flow\" style=\"flex-basis:20%\"><\/div>\n<\/div>\n\n\n\n<div style=\"height:0px;width:0px\" aria-hidden=\"true\" class=\"wp-block-spacer\"><\/div>\n<\/div>\n\n\n\n<div class=\"wp-block-cover alignfull is-light has-parallax has-black-color has-text-color has-link-color wp-elements-072ecf6c4fea0437eb3e683b2db1471e\" style=\"min-height:700px;aspect-ratio:unset;\"><div class=\"wp-block-cover__image-background wp-image-29733 has-parallax\" style=\"background-position:50% 50%;background-image:url(https:\/\/hurom.es\/wp-content\/uploads\/2024\/02\/consulente-hurom.jpeg)\"><\/div><span aria-hidden=\"true\" class=\"wp-block-cover__background has-white-background-color has-background-dim-60 has-background-dim\"><\/span><div class=\"wp-block-cover__inner-container is-layout-flow wp-block-cover-is-layout-flow\">\n<div class=\"wp-block-columns alignwide is-layout-flex wp-container-core-columns-is-layout-28f84493 wp-block-columns-is-layout-flex\">\n<div class=\"wp-block-column is-layout-flow wp-block-column-is-layout-flow\" style=\"flex-basis:30%\"><\/div>\n\n\n\n<div class=\"wp-block-column is-layout-flow wp-block-column-is-layout-flow\" style=\"flex-basis:80%\">\n<h2 class=\"wp-block-heading has-text-align-center has-text-color has-link-color has-large-font-size wp-elements-46feddd3c0031b40a36680bd69e51494\" style=\"color:#6aac03\"><strong>Confie em n\u00f3s para suporte e manuten\u00e7\u00e3o de seus extratores de suco Hurom\u00ae. A nossa experi\u00eancia e paix\u00e3o s\u00e3o a garantia de um servi\u00e7o excelente e confi\u00e1vel. <\/strong><\/h2>\n\n\n\n<p class=\"has-text-align-center\"><strong>OS TEMPOS DE REPARO PODEM VARIAR<\/strong><\/p>\n<\/div>\n\n\n\n<div class=\"wp-block-column is-layout-flow wp-block-column-is-layout-flow\" style=\"flex-basis:30%\"><\/div>\n<\/div>\n<\/div><\/div>\n\n\n\n<div class=\"wp-block-group alignfull has-global-padding is-layout-constrained wp-container-core-group-is-layout-d53f0d15 wp-block-group-is-layout-constrained\" style=\"padding-top:64px;padding-right:20px;padding-bottom:64px;padding-left:20px\">\n<div class=\"wp-block-group is-vertical is-content-justification-left is-layout-flex wp-container-core-group-is-layout-a46a9c02 wp-block-group-is-layout-flex\">\n<h2 class=\"wp-block-heading alignfull has-text-align-left has-contrast-color has-text-color\" style=\"font-size:clamp(22.041px, 1.378rem + ((1vw - 3.2px) * 1.604), 36px);font-style:normal;font-weight:800;text-transform:uppercase\">Perguntas frequentes<\/h2>\n\n\n\n<div class=\"wp-block-group has-global-padding is-layout-constrained wp-container-core-group-is-layout-9843040e wp-block-group-is-layout-constrained\">\n<p class=\"has-text-color\" style=\"color:#555555\">Compilamos as perguntas mais frequentes.<\/p>\n<\/div>\n<\/div>\n\n\n\n<div class=\"wp-block-columns is-layout-flex wp-container-core-columns-is-layout-28f84493 wp-block-columns-is-layout-flex\">\n<div class=\"wp-block-column is-layout-flow wp-container-core-column-is-layout-6eecc127 wp-block-column-is-layout-flow\" style=\"border-style:none;border-width:0px\">\n<div class=\"wp-block-columns is-layout-flex wp-container-core-columns-is-layout-28f84493 wp-block-columns-is-layout-flex\">\n<div class=\"wp-block-column is-layout-flow wp-block-column-is-layout-flow\">\n<h2 class=\"wp-block-heading has-contrast-color has-text-color\" style=\"font-size:clamp(14px, 0.875rem + ((1vw - 3.2px) * 0.46), 18px);font-style:normal;font-weight:600;line-height:0.8\">Onde encontro o modelo da minha m\u00e1quina?<\/h2>\n<\/div>\n\n\n\n<div class=\"wp-block-column is-layout-flow wp-block-column-is-layout-flow\">\n<p>O modelo do seu extrator est\u00e1 indicado na etiqueta localizada sob o corpo do motor da m\u00e1quina.<\/p>\n<\/div>\n<\/div>\n\n\n\n<hr class=\"wp-block-separator has-text-color has-alpha-channel-opacity has-background is-style-default\" style=\"background-color:#e7e7e7;color:#e7e7e7\"\/>\n\n\n\n<div class=\"wp-block-columns is-layout-flex wp-container-core-columns-is-layout-28f84493 wp-block-columns-is-layout-flex\">\n<div class=\"wp-block-column is-layout-flow wp-block-column-is-layout-flow\">\n<h2 class=\"wp-block-heading has-contrast-color has-text-color\" style=\"font-size:clamp(14px, 0.875rem + ((1vw - 3.2px) * 0.46), 18px);font-style:normal;font-weight:600;line-height:0.8\">Onde posso encontrar o manual de instru\u00e7\u00f5es do meu extrator?<\/h2>\n<\/div>\n\n\n\n<div class=\"wp-block-column is-layout-flow wp-block-column-is-layout-flow\">\n<p>Baixe o manual em PDF dos seguintes modelos<\/p>\n\n\n\n<p>H-100<br>H-200<br>H-300<br>H-310A<br>H-320N<br>M-100<br>H-AK<br>H-AE<br>H-AI<br>HW Professional<br>Serie DT<br>Serie HQ \u2013 HE \u2013 HH<br>Serie HP<\/p>\n<\/div>\n<\/div>\n\n\n\n<hr class=\"wp-block-separator has-text-color has-alpha-channel-opacity has-background is-style-default\" style=\"background-color:#e7e7e7;color:#e7e7e7\"\/>\n\n\n\n<div class=\"wp-block-columns is-layout-flex wp-container-core-columns-is-layout-28f84493 wp-block-columns-is-layout-flex\">\n<div class=\"wp-block-column is-layout-flow wp-block-column-is-layout-flow\">\n<h2 class=\"wp-block-heading has-contrast-color has-text-color\" style=\"font-size:clamp(14px, 0.875rem + ((1vw - 3.2px) * 0.46), 18px);font-style:normal;font-weight:600;line-height:0.8\">Posso enviar minha m\u00e1quina para Hurom\u00ae para reparo quando ela estiver fora da garantia?<\/h2>\n<\/div>\n\n\n\n<div class=\"wp-block-column is-layout-flow wp-block-column-is-layout-flow\">\n<p>SIM. Podemos reparar ou substituir o produto por um custo fora da garantia. O custo do reparo pode variar.  <\/p>\n\n\n\n<p>Contate-nos para mais informa\u00e7\u00f5es sobre isso.<\/p>\n<\/div>\n<\/div>\n\n\n\n<hr class=\"wp-block-separator has-text-color has-alpha-channel-opacity has-background is-style-default\" style=\"background-color:#e7e7e7;color:#e7e7e7\"\/>\n\n\n\n<div class=\"wp-block-columns is-layout-flex wp-container-core-columns-is-layout-28f84493 wp-block-columns-is-layout-flex\">\n<div class=\"wp-block-column is-layout-flow wp-block-column-is-layout-flow\">\n<h2 class=\"wp-block-heading has-contrast-color has-text-color\" style=\"font-size:clamp(14px, 0.875rem + ((1vw - 3.2px) * 0.46), 18px);font-style:normal;font-weight:600;line-height:0.8\">Onde posso comprar pe\u00e7as de reposi\u00e7\u00e3o?<\/h2>\n<\/div>\n\n\n\n<div class=\"wp-block-column is-layout-flow wp-block-column-is-layout-flow\">\n<p>Visite nossa <a href=\"https:\/\/hurom.es\/pt-pt\/pecas-de-reposicao\/\" data-type=\"product_cat\" data-id=\"33\">loja<\/a> ou ligue para n\u00f3s teremos prazer em atend\u00ea-lo.<\/p>\n<\/div>\n<\/div>\n\n\n\n<hr class=\"wp-block-separator has-text-color has-alpha-channel-opacity has-background is-style-default\" style=\"background-color:#e7e7e7;color:#e7e7e7\"\/>\n\n\n\n<div class=\"wp-block-columns is-layout-flex wp-container-core-columns-is-layout-28f84493 wp-block-columns-is-layout-flex\">\n<div class=\"wp-block-column is-layout-flow wp-block-column-is-layout-flow\">\n<h2 class=\"wp-block-heading has-contrast-color has-text-color\" style=\"font-size:clamp(14px, 0.875rem + ((1vw - 3.2px) * 0.46), 18px);font-style:normal;font-weight:600;line-height:0.8\">Qual \u00e9 a garantia de um extrator Hurom?<\/h2>\n<\/div>\n\n\n\n<div class=\"wp-block-column is-layout-flow wp-block-column-is-layout-flow\">\n<p>Oferecemos uma garantia de motor de 10 anos e uma garantia de pe\u00e7as de 2 anos para todos os modelos de Slow Juicer somente se adquiridos em Hurom.es ou em nossos vendedores autorizados. Cadastre-se online conosco aqui. <\/p>\n\n\n\n<p>N\u00e3o oferecemos suporte p\u00f3s-venda para compras de vendedores n\u00e3o autorizados. Se voc\u00ea tiver d\u00favidas sobre como autorizar um vendedor online, ligue para +34 984 040 032. <\/p>\n\n\n\n<p>Cobrimos a maior parte dos custos de envio para servi\u00e7os relacionados \u00e0 garantia se voc\u00ea mora em territ\u00f3rio espanhol. Os clientes europeus dos produtos Hurom Espanha devem pagar pelo envio de e para os nossos centros de servi\u00e7o. <\/p>\n<\/div>\n<\/div>\n\n\n\n<hr class=\"wp-block-separator has-text-color has-alpha-channel-opacity has-background is-style-default\" style=\"background-color:#e7e7e7;color:#e7e7e7\"\/>\n\n\n\n<div class=\"wp-block-columns is-layout-flex wp-container-core-columns-is-layout-28f84493 wp-block-columns-is-layout-flex\">\n<div class=\"wp-block-column is-layout-flow wp-block-column-is-layout-flow\">\n<h2 class=\"wp-block-heading has-contrast-color has-text-color\" style=\"font-size:clamp(14px, 0.875rem + ((1vw - 3.2px) * 0.46), 18px);font-style:normal;font-weight:600;line-height:0.8\">Quanto tempo levar\u00e1 para ficar pronto?<\/h2>\n<\/div>\n\n\n\n<div class=\"wp-block-column is-layout-flow wp-block-column-is-layout-flow\">\n<p>Depende do problema, entre em contato conosco para saber mais.<\/p>\n<\/div>\n<\/div>\n<\/div>\n<\/div>\n<\/div>\n","protected":false},"excerpt":{"rendered":"<p>Suporte Hurom\u00ae Espanha Gra\u00e7as \u00e0 nossa experi\u00eancia e profissionalismo, somos capazes de oferecer um servi\u00e7o completo e personalizado para satisfazer as necessidades de cada cliente. A nossa miss\u00e3o \u00e9 prestar suporte qualificado e oportuno a todos os utilizadores do Hurom, garantindo a m\u00e1xima fiabilidade e qualidade dos nossos servi\u00e7os. Escreva para n\u00f3s: asistencia@hurom.es Ligue para [&hellip;]<\/p>\n","protected":false},"author":1,"featured_media":0,"parent":0,"menu_order":20,"comment_status":"closed","ping_status":"closed","template":"template-canvas.php","meta":{"footnotes":""},"class_list":["post-33962","page","type-page","status-publish","hentry"],"_links":{"self":[{"href":"https:\/\/hurom.es\/pt-pt\/wp-json\/wp\/v2\/pages\/33962","targetHints":{"allow":["GET"]}}],"collection":[{"href":"https:\/\/hurom.es\/pt-pt\/wp-json\/wp\/v2\/pages"}],"about":[{"href":"https:\/\/hurom.es\/pt-pt\/wp-json\/wp\/v2\/types\/page"}],"author":[{"embeddable":true,"href":"https:\/\/hurom.es\/pt-pt\/wp-json\/wp\/v2\/users\/1"}],"replies":[{"embeddable":true,"href":"https:\/\/hurom.es\/pt-pt\/wp-json\/wp\/v2\/comments?post=33962"}],"version-history":[{"count":4,"href":"https:\/\/hurom.es\/pt-pt\/wp-json\/wp\/v2\/pages\/33962\/revisions"}],"predecessor-version":[{"id":34617,"href":"https:\/\/hurom.es\/pt-pt\/wp-json\/wp\/v2\/pages\/33962\/revisions\/34617"}],"wp:attachment":[{"href":"https:\/\/hurom.es\/pt-pt\/wp-json\/wp\/v2\/media?parent=33962"}],"curies":[{"name":"wp","href":"https:\/\/api.w.org\/{rel}","templated":true}]}}