{"id":33949,"date":"2023-12-13T21:47:30","date_gmt":"2023-12-13T20:47:30","guid":{"rendered":"https:\/\/hurom.es\/afiliados\/"},"modified":"2025-03-06T11:03:27","modified_gmt":"2025-03-06T10:03:27","slug":"afiliados","status":"publish","type":"page","link":"https:\/\/hurom.es\/pt-pt\/afiliados\/","title":{"rendered":"Afiliados"},"content":{"rendered":"\n<div class=\"wp-block-group alignwide has-background has-global-padding is-content-justification-center is-layout-constrained wp-container-core-group-is-layout-152abb36 wp-block-group-is-layout-constrained\" style=\"background-color:#f2f5ed;padding-top:64px;padding-right:20px;padding-bottom:64px;padding-left:20px\">\n<div class=\"wp-block-columns are-vertically-aligned-center is-layout-flex wp-container-core-columns-is-layout-0485a0e3 wp-block-columns-is-layout-flex\" style=\"margin-top:0;margin-bottom:0;padding-top:0;padding-right:0;padding-bottom:0;padding-left:0\">\n<div class=\"wp-block-column is-vertically-aligned-center has-global-padding is-layout-constrained wp-container-core-column-is-layout-e8411349 wp-block-column-is-layout-constrained\" style=\"padding-top:0;padding-right:0;padding-bottom:0;padding-left:0\">\n<h1 class=\"wp-block-heading has-text-align-center\" style=\"font-size:clamp(0.875rem, 0.875rem + ((1vw - 0.2rem) * 0.598), 1.2rem);letter-spacing:0.5px\"><strong><strong>ENTRE NO PROGRAMA DE AFILIADOS HUROM<\/strong> ESPANHA<\/strong><\/h1>\n\n\n\n<h2 class=\"wp-block-heading has-text-align-center has-black-color has-text-color\" style=\"font-size:clamp(25.014px, 1.563rem + ((1vw - 3.2px) * 1.952), 42px);font-style:normal;font-weight:700\">Ofere\u00e7a ao seu p\u00fablico os melhores extratores de suco do mundo e ganhe comiss\u00f5es sobre as vendas.<\/h2>\n\n\n\n<p class=\"has-text-align-center has-text-color\" style=\"color:#555555;font-size:clamp(14px, 0.875rem + ((1vw - 3.2px) * 0.69), 20px);font-style:normal;font-weight:300\">Com ofertas exclusivas e op\u00e7\u00f5es de ganhos significativas, nunca houve melhor momento para se juntar \u00e0 nossa equipe. Cadastre-se agora e comece a aproveitar os benef\u00edcios de ser afiliado da Hurom Espanha. <\/p>\n\n\n\n<div class=\"wp-block-buttons has-custom-font-size is-horizontal is-content-justification-center is-layout-flex wp-container-core-buttons-is-layout-a9d8f8b3 wp-block-buttons-is-layout-flex\" style=\"font-size:clamp(14px, 0.875rem + ((1vw - 3.2px) * 0.23), 16px);font-style:normal;font-weight:500\">\n<div class=\"wp-block-button has-custom-font-size\" style=\"font-size:clamp(14px, 0.875rem + ((1vw - 3.2px) * 0.23), 16px);font-style:normal;font-weight:500\"><a class=\"wp-block-button__link has-white-color has-text-color has-background wp-element-button\" href=\"#form\" style=\"border-radius:8px;background-color:#84c400\">INSCREVA-SE GRATUITAMENTE AGORA<\/a><\/div>\n<\/div>\n<\/div>\n<\/div>\n<\/div>\n\n<div class=\"wp-block-group alignfull has-global-padding is-layout-constrained wp-container-core-group-is-layout-64fcf90c wp-block-group-is-layout-constrained\" style=\"min-height:500px\">\n<div class=\"wp-block-columns alignfull is-layout-flex wp-container-core-columns-is-layout-d7d455e7 wp-block-columns-is-layout-flex\" style=\"border-style:none;border-width:0px;padding-top:0;padding-right:0;padding-bottom:0;padding-left:0;font-size:clamp(14px, 0.875rem + ((1vw - 3.2px) * 0.115), 15px);\">\n<div class=\"wp-block-column is-layout-flow wp-block-column-is-layout-flow\" style=\"flex-basis:10%\"><\/div>\n\n\n\n<div class=\"wp-block-column is-vertically-aligned-center is-layout-flow wp-block-column-is-layout-flow\">\n<div style=\"height:70px\" aria-hidden=\"true\" class=\"wp-block-spacer\"><\/div>\n\n\n\n<figure class=\"wp-block-image size-full is-resized has-custom-border\"><img fetchpriority=\"high\" decoding=\"async\" width=\"1280\" height=\"853\" src=\"https:\/\/hurom.es\/wp-content\/uploads\/2024\/02\/affiliados-hurom-1.webp\" alt=\"\" class=\"wp-image-29738\" style=\"border-top-right-radius:17px;border-bottom-right-radius:17px;aspect-ratio:1.4;object-fit:cover;width:507px;height:auto\" title=\"\" srcset=\"https:\/\/hurom.es\/wp-content\/uploads\/2024\/02\/affiliados-hurom-1.webp 1280w, https:\/\/hurom.es\/wp-content\/uploads\/2024\/02\/affiliados-hurom-1-300x200.webp 300w, https:\/\/hurom.es\/wp-content\/uploads\/2024\/02\/affiliados-hurom-1-1024x682.webp 1024w, https:\/\/hurom.es\/wp-content\/uploads\/2024\/02\/affiliados-hurom-1-768x512.webp 768w, https:\/\/hurom.es\/wp-content\/uploads\/2024\/02\/affiliados-hurom-1-990x660.webp 990w, https:\/\/hurom.es\/wp-content\/uploads\/2024\/02\/affiliados-hurom-1-441x294.webp 441w, https:\/\/hurom.es\/wp-content\/uploads\/2024\/02\/affiliados-hurom-1-600x400.webp 600w, https:\/\/hurom.es\/wp-content\/uploads\/2024\/02\/affiliados-hurom-1-150x100.webp 150w\" sizes=\"(max-width: 1280px) 100vw, 1280px\" \/><\/figure>\n\n\n\n<div style=\"height:50px\" aria-hidden=\"true\" class=\"wp-block-spacer\"><\/div>\n<\/div>\n\n\n\n<div class=\"wp-block-column is-vertically-aligned-center is-layout-flow wp-block-column-is-layout-flow\" style=\"padding-right:var(--wp--preset--spacing--30);padding-left:var(--wp--preset--spacing--30)\">\n<h2 class=\"wp-block-heading has-x-large-font-size\" style=\"margin-top:var(--wp--preset--spacing--20);margin-right:var(--wp--preset--spacing--40);margin-bottom:0;margin-left:0;font-style:normal;font-weight:700\">Conhe\u00e7a o programa de afiliados Hurom Espanha<\/h2>\n\n\n\n<p>A Hurom \u00e9 l\u00edder mundial na produ\u00e7\u00e3o de extratores de suco e todos os dias estamos comprometidos em fornecer as ferramentas para ajudar a melhorar a qualidade de vida das pessoas atrav\u00e9s de uma alimenta\u00e7\u00e3o mais saud\u00e1vel. <\/p>\n\n\n\n<p>Com mais de <strong>40 anos de inova\u00e7\u00e3o t\u00e9cnica<\/strong>, a Hurom patenteou o primeiro espremedor lento em 1979, e continua inovando at\u00e9 hoje com as melhores tecnologias do mercado, oferecendo uma garantia de 10 anos, \u00fanica no mundo. <\/p>\n<\/div>\n\n\n\n<div class=\"wp-block-column is-layout-flow wp-block-column-is-layout-flow\" style=\"flex-basis:10%\"><\/div>\n<\/div>\n<\/div>\n\n<div class=\"wp-block-group alignfull has-global-padding is-layout-constrained wp-container-core-group-is-layout-2cd3538d wp-block-group-is-layout-constrained\" id=\"form\" style=\"min-height:500px\">\n<div class=\"wp-block-columns alignfull is-layout-flex wp-container-core-columns-is-layout-d7d455e7 wp-block-columns-is-layout-flex\" style=\"border-style:none;border-width:0px;padding-top:0;padding-right:0;padding-bottom:0;padding-left:0;font-size:clamp(14px, 0.875rem + ((1vw - 3.2px) * 0.115), 15px);\">\n<div class=\"wp-block-column is-layout-flow wp-block-column-is-layout-flow\" style=\"flex-basis:15%\"><\/div>\n\n\n\n<div class=\"wp-block-column is-vertically-aligned-center is-layout-flow wp-block-column-is-layout-flow\" style=\"padding-right:var(--wp--preset--spacing--30);padding-left:var(--wp--preset--spacing--30)\">\n<h2 class=\"wp-block-heading has-x-large-font-size\" style=\"margin-top:var(--wp--preset--spacing--20);margin-right:var(--wp--preset--spacing--40);margin-bottom:0;margin-left:0;font-style:normal;font-weight:700\">Por que aderir ao programa de afiliados Hurom Espanha?<\/h2>\n\n\n\n<ul class=\"wp-block-list\">\n<li><strong>Comiss\u00e3o de vendas<\/strong> = 10,00%<\/li>\n\n\n\n<li><strong>Janela de rastreamento<\/strong> = 30 dias<\/li>\n\n\n\n<li><strong>Valor m\u00e9dio do pedido<\/strong> = 490\u20ac<\/li>\n\n\n\n<li><strong>Incentivo:<\/strong> b\u00f4nus de $ 50 em sua primeira venda verificada<\/li>\n\n\n\n<li><strong>Principais promo\u00e7\u00f5es:<\/strong> Dia das M\u00e3es, Black Friday\/Cyber \u200b\u200bMonday e Natal<\/li>\n<\/ul>\n<\/div>\n\n\n\n<div class=\"wp-block-column is-vertically-aligned-center is-layout-flow wp-block-column-is-layout-flow\">\n<div style=\"height:70px\" aria-hidden=\"true\" class=\"wp-block-spacer\"><\/div>\n\n\n\n<figure class=\"wp-block-image aligncenter size-full is-resized has-custom-border is-style-default\"><img decoding=\"async\" width=\"800\" height=\"1207\" src=\"https:\/\/hurom.es\/wp-content\/uploads\/2024\/02\/influencer-hurom-1.webp\" alt=\"\" class=\"wp-image-29737\" style=\"border-top-right-radius:17px;border-bottom-right-radius:17px;aspect-ratio:1.3333333333333333;object-fit:contain;width:800px;height:auto\" title=\"\" srcset=\"https:\/\/hurom.es\/wp-content\/uploads\/2024\/02\/influencer-hurom-1.webp 800w, https:\/\/hurom.es\/wp-content\/uploads\/2024\/02\/influencer-hurom-1-199x300.webp 199w, https:\/\/hurom.es\/wp-content\/uploads\/2024\/02\/influencer-hurom-1-679x1024.webp 679w, https:\/\/hurom.es\/wp-content\/uploads\/2024\/02\/influencer-hurom-1-768x1159.webp 768w, https:\/\/hurom.es\/wp-content\/uploads\/2024\/02\/influencer-hurom-1-441x665.webp 441w, https:\/\/hurom.es\/wp-content\/uploads\/2024\/02\/influencer-hurom-1-600x905.webp 600w, https:\/\/hurom.es\/wp-content\/uploads\/2024\/02\/influencer-hurom-1-150x226.webp 150w\" sizes=\"(max-width: 800px) 100vw, 800px\" \/><\/figure>\n\n\n\n<div style=\"height:50px\" aria-hidden=\"true\" class=\"wp-block-spacer\"><\/div>\n<\/div>\n\n\n\n<div class=\"wp-block-column is-layout-flow wp-block-column-is-layout-flow\" style=\"flex-basis:15%\"><\/div>\n<\/div>\n<\/div>\n\n<div class=\"wp-block-group has-global-padding is-layout-constrained wp-block-group-is-layout-constrained\">\n<div class=\"wp-block-columns is-layout-flex wp-container-core-columns-is-layout-28f84493 wp-block-columns-is-layout-flex\">\n<div class=\"wp-block-column is-layout-flow wp-block-column-is-layout-flow\" style=\"flex-basis:25%\"><\/div>\n\n\n\n<div class=\"wp-block-column is-layout-flow wp-block-column-is-layout-flow\" style=\"flex-basis:50%\">\n<h3 class=\"wp-block-heading has-text-align-center\">PREENCHA O FORMUL\u00c1RIO<\/h3>\n\n\n<div class=\"afwc_reg_form_wrapper\"><form action=\"#\" id=\"afwc_registration_form\"><div class=\"afwc_reg_field_wrapper afwc_reg_email \"><label for=\"afwc_reg_email\" class=\"afwc_required\">Email<\/label><input type=\"email\" id=\"afwc_reg_email\" name=\"afwc_reg_email\" required class=\"afwc_reg_form_field\"  value=\"\"\/><\/div><div class=\"afwc_reg_field_wrapper afwc_reg_first_name afwc_is_half\"><label for=\"afwc_reg_first_name\" class=\"afwc_\">Nombre<\/label><input type=\"text\" id=\"afwc_reg_first_name\" name=\"afwc_reg_first_name\"  class=\"afwc_reg_form_field\"  value=\"\"\/><\/div><div class=\"afwc_reg_field_wrapper afwc_reg_last_name afwc_is_half\"><label for=\"afwc_reg_last_name\" class=\"afwc_\">Apellido<\/label><input type=\"text\" id=\"afwc_reg_last_name\" name=\"afwc_reg_last_name\"  class=\"afwc_reg_form_field\"  value=\"\"\/><\/div><div class=\"afwc_reg_field_wrapper afwc_reg_contact \"><label for=\"afwc_reg_contact\" class=\"afwc_\">Telefono \/ Whatsapp<\/label><input type=\"text\" id=\"afwc_reg_contact\" name=\"afwc_reg_contact\"  class=\"afwc_reg_form_field\"  value=\"\"\/><\/div><div class=\"afwc_reg_field_wrapper afwc_reg_website \"><label for=\"afwc_reg_website\" class=\"afwc_\">P\u00e1gina Web<\/label><input type=\"text\" id=\"afwc_reg_website\" name=\"afwc_reg_website\"  class=\"afwc_reg_form_field\"  value=\"\"\/><\/div><div class=\"afwc_reg_field_wrapper afwc_reg_password afwc_is_half\"><label for=\"afwc_reg_password\" class=\"afwc_required\">Contrase\u00f1a<\/label><input type=\"password\" id=\"afwc_reg_password\" name=\"afwc_reg_password\" required class=\"afwc_reg_form_field\"  value=\"\"\/><\/div><div class=\"afwc_reg_field_wrapper afwc_reg_confirm_password afwc_is_half\"><label for=\"afwc_reg_confirm_password\" class=\"afwc_required\">Confirma Contrase\u00f1a<\/label><input type=\"password\" id=\"afwc_reg_confirm_password\" name=\"afwc_reg_confirm_password\" required class=\"afwc_reg_form_field\"  value=\"\"\/><\/div><div class=\"afwc_reg_field_wrapper afwc_reg_desc \"><label for=\"afwc_reg_desc\" class=\"afwc_required\">Cu\u00e9ntanos m\u00e1s sobre ti<\/label><textarea name=\"afwc_reg_desc\" id=\"afwc_reg_desc\" required size=\"100\" rows=\"5\" cols=\"58\" class=\"afwc_reg_form_field\"><\/textarea><\/div><div class=\"afwc_reg_field_wrapper afwc_reg_terms \"><label for=\"afwc_reg_terms\" class=\"afwc_required\"><input type=\"checkbox\" id=\"afwc_reg_terms\" name=\"afwc_reg_terms\" required class=\"afwc_reg_form_field\"  value=\"\"\/>Acepto los t\u00e9rminos y condiciones sobre el programa<\/label><\/div><input type=\"hidden\" name=\"afwc_registration\" id=\"afwc_registration\" value=\"4759d7f905\"\/><label style=\"position:absolute;top:-99999px;left:-99999px;z-index:-99;\"><input type=\"text\" name=\"afwc_hp_email\"  tabindex=\"-1\" autocomplete=\"-1\" value=\"\"\/><\/label><div class=\"afwc_reg_field_wrapper\"><input type=\"submit\" name=\"submit\" class=\"afwc_registration_form_submit\" id=\"afwc_registration_form_submit\" value=\"Submit\"\/><div class=\"afwc_reg_loader\"><img decoding=\"async\" src=\"https:\/\/hurom.es\/wp-content\/plugins\/woocommerce\/assets\/images\/wpspin-2x.gif\" alt=\"\" title=\"\"><\/div><\/div><div class=\"afwc_reg_message\"><\/div><\/form><\/div>\n<\/div>\n\n\n\n<div class=\"wp-block-column is-layout-flow wp-block-column-is-layout-flow\" style=\"flex-basis:25%\"><\/div>\n<\/div>\n<\/div>\n","protected":false},"excerpt":{"rendered":"<p>ENTRE NO PROGRAMA DE AFILIADOS HUROM ESPANHA Ofere\u00e7a ao seu p\u00fablico os melhores extratores de suco do mundo e ganhe comiss\u00f5es sobre as vendas. Com ofertas exclusivas e op\u00e7\u00f5es de ganhos significativas, nunca houve melhor momento para se juntar \u00e0 nossa equipe. Cadastre-se agora e comece a aproveitar os benef\u00edcios de ser afiliado da Hurom [&hellip;]<\/p>\n","protected":false},"author":1,"featured_media":0,"parent":0,"menu_order":10,"comment_status":"closed","ping_status":"closed","template":"template-canvas.php","meta":{"footnotes":""},"class_list":["post-33949","page","type-page","status-publish","hentry"],"_links":{"self":[{"href":"https:\/\/hurom.es\/pt-pt\/wp-json\/wp\/v2\/pages\/33949","targetHints":{"allow":["GET"]}}],"collection":[{"href":"https:\/\/hurom.es\/pt-pt\/wp-json\/wp\/v2\/pages"}],"about":[{"href":"https:\/\/hurom.es\/pt-pt\/wp-json\/wp\/v2\/types\/page"}],"author":[{"embeddable":true,"href":"https:\/\/hurom.es\/pt-pt\/wp-json\/wp\/v2\/users\/1"}],"replies":[{"embeddable":true,"href":"https:\/\/hurom.es\/pt-pt\/wp-json\/wp\/v2\/comments?post=33949"}],"version-history":[{"count":2,"href":"https:\/\/hurom.es\/pt-pt\/wp-json\/wp\/v2\/pages\/33949\/revisions"}],"predecessor-version":[{"id":33951,"href":"https:\/\/hurom.es\/pt-pt\/wp-json\/wp\/v2\/pages\/33949\/revisions\/33951"}],"wp:attachment":[{"href":"https:\/\/hurom.es\/pt-pt\/wp-json\/wp\/v2\/media?parent=33949"}],"curies":[{"name":"wp","href":"https:\/\/api.w.org\/{rel}","templated":true}]}}