{"id":33937,"date":"2023-12-15T18:54:13","date_gmt":"2023-12-15T17:54:13","guid":{"rendered":"https:\/\/hurom.es\/hurom-apoya-y-promueve\/"},"modified":"2025-03-06T09:09:02","modified_gmt":"2025-03-06T08:09:02","slug":"hurom-apoya-y-promueve","status":"publish","type":"page","link":"https:\/\/hurom.es\/pt-pt\/hurom-apoya-y-promueve\/","title":{"rendered":"Hurom apoia e promove"},"content":{"rendered":"\n<div class=\"wp-block-cover alignfull is-light edge-to-edge\" style=\"min-height:616px;aspect-ratio:unset;\"><span aria-hidden=\"true\" class=\"wp-block-cover__background has-contrast-background-color has-background-dim-0 has-background-dim\"><\/span><img fetchpriority=\"high\" decoding=\"async\" width=\"1536\" height=\"837\" class=\"wp-block-cover__image-background wp-image-29761\" alt=\"\" src=\"https:\/\/hurom.es\/wp-content\/uploads\/2024\/02\/H300-kitchen1123-1536x837-1.jpeg\" data-object-fit=\"cover\" title=\"\" srcset=\"https:\/\/hurom.es\/wp-content\/uploads\/2024\/02\/H300-kitchen1123-1536x837-1.jpeg 1536w, https:\/\/hurom.es\/wp-content\/uploads\/2024\/02\/H300-kitchen1123-1536x837-1-300x163.jpeg 300w, https:\/\/hurom.es\/wp-content\/uploads\/2024\/02\/H300-kitchen1123-1536x837-1-1024x558.jpeg 1024w, https:\/\/hurom.es\/wp-content\/uploads\/2024\/02\/H300-kitchen1123-1536x837-1-768x419.jpeg 768w, https:\/\/hurom.es\/wp-content\/uploads\/2024\/02\/H300-kitchen1123-1536x837-1-990x539.jpeg 990w, https:\/\/hurom.es\/wp-content\/uploads\/2024\/02\/H300-kitchen1123-1536x837-1-441x240.jpeg 441w, https:\/\/hurom.es\/wp-content\/uploads\/2024\/02\/H300-kitchen1123-1536x837-1-600x327.jpeg 600w, https:\/\/hurom.es\/wp-content\/uploads\/2024\/02\/H300-kitchen1123-1536x837-1-150x82.jpeg 150w\" sizes=\"(max-width: 1536px) 100vw, 1536px\" \/><div class=\"wp-block-cover__inner-container is-layout-flow wp-block-cover-is-layout-flow\">\n<div class=\"wp-block-group alignfull has-global-padding is-content-justification-center is-layout-constrained wp-container-core-group-is-layout-2aadf2d8 wp-block-group-is-layout-constrained\" style=\"padding-top:64px;padding-right:20px;padding-bottom:64px;padding-left:20px\">\n<div class=\"wp-block-columns alignwide are-vertically-aligned-center is-layout-flex wp-container-core-columns-is-layout-fb3009b3 wp-block-columns-is-layout-flex\" style=\"margin-top:0;margin-bottom:0;padding-top:0;padding-right:0;padding-bottom:0;padding-left:0\">\n<div class=\"wp-block-column is-vertically-aligned-center is-layout-flow wp-block-column-is-layout-flow\" style=\"flex-basis:100%\"><\/div>\n<\/div>\n<\/div>\n<\/div><\/div>\n\n<div class=\"wp-block-cover alignwide is-light\" style=\"min-height:98px;aspect-ratio:unset;\"><span aria-hidden=\"true\" class=\"wp-block-cover__background has-background-dim-100 has-background-dim\" style=\"background-color:#84bd00\"><\/span><div class=\"wp-block-cover__inner-container has-global-padding is-layout-constrained wp-block-cover-is-layout-constrained\">\n<p class=\"has-text-align-center has-white-color has-text-color has-link-color wp-elements-1a6131fcfbfe557422b49b8688c0f784\"><strong>#HUROM | #APOIAMOS | #CARIDADE<\/strong><\/p>\n<\/div><\/div>\n\n<div class=\"wp-block-group alignfull has-base-background-color has-background has-global-padding is-layout-constrained wp-container-core-group-is-layout-ef4e354f wp-block-group-is-layout-constrained\" style=\"padding-top:96px;padding-right:20px;padding-bottom:96px;padding-left:20px\">\n<div class=\"wp-block-group has-global-padding is-layout-constrained wp-container-core-group-is-layout-9843040e wp-block-group-is-layout-constrained\">\n<h1 class=\"wp-block-heading has-text-align-center has-text-color has-link-color wp-elements-63a5f82036c3e1f937ff33c6620700ff\" style=\"color:#6aac03;font-size:clamp(29.768px, 1.861rem + ((1vw - 3.2px) * 2.555), 52px);\">Hurom apoia e promove<\/h1>\n\n\n\n<h3 class=\"wp-block-heading has-text-align-center\">QUEREMOS CRIAR BEM-ESTAR GLOBAL<\/h3>\n\n\n\n<p>Queremos criar um mundo onde as pessoas tenham maior acesso aos benef\u00edcios e maravilhas da natureza. Acreditamos que todos merecem a oportunidade de experimentar o bem-estar e a vitalidade que a M\u00e3e Natureza oferece, os produtos naturais s\u00e3o cruciais para isso. <\/p>\n\n\n\n<p>Como empresa, <strong>estamos comprometidos em promover a sustentabilidade e a sa\u00fade da sociedade<\/strong>. Todos n\u00f3s podemos viver em harmonia com a natureza.<\/p>\n\n\n\n<p>Estabelecemos um objetivo claro: <strong>oferecer tecnologia inovadora que permita \u00e0s pessoas ter um estilo de vida mais saud\u00e1vel e natural<\/strong>. Com os nossos extratores, todos poder\u00e3o produzir os seus pr\u00f3prios sumos deliciosos e nutritivos no conforto da sua casa. Temos o compromisso de fornecer m\u00e1quinas de alta qualidade e f\u00e1ceis de usar que facilitem \u00e0s pessoas a incorpora\u00e7\u00e3o de alimentos vegetais em sua dieta. <\/p>\n\n\n\n<p>Nossos produtos s\u00e3o pensados \u200b\u200bpara oferecer uma experi\u00eancia agrad\u00e1vel e saud\u00e1vel, respeitando o meio ambiente. Al\u00e9m disso, ao incentivar as pessoas a fazerem o seu pr\u00f3prio sumo em casa, promovemos a <strong>redu\u00e7\u00e3o do impacto ambiental<\/strong> associado aos alimentos processados \u200b\u200be apoiamos os produtores locais e a agricultura. <\/p>\n\n\n\n<p>Junte-se a n\u00f3s hoje e descubra os fant\u00e1sticos benef\u00edcios de nossas m\u00e1quinas extratoras de suco de frutas e vegetais!<\/p>\n<\/div>\n\n\n\n<div style=\"height:100px\" aria-hidden=\"true\" class=\"wp-block-spacer\"><\/div>\n\n\n\n<div class=\"wp-block-group alignfull has-base-background-color has-background has-global-padding is-layout-constrained wp-container-core-group-is-layout-3b83e71c wp-block-group-is-layout-constrained\" style=\"padding-top:64px;padding-right:20px;padding-bottom:64px;padding-left:20px\">\n<div class=\"wp-block-group has-global-padding is-layout-constrained wp-container-core-group-is-layout-9843040e wp-block-group-is-layout-constrained\">\n<h2 class=\"wp-block-heading has-text-align-center has-contrast-color has-text-color has-medium-font-size\" style=\"font-style:normal;font-weight:800;line-height:1\">DESCUBRA NOSSAS A\u00c7\u00d5ES PARA O BEM-ESTAR<\/h2>\n<\/div>\n\n\n\n<div class=\"wp-block-columns is-layout-flex wp-container-core-columns-is-layout-e0dca8c8 wp-block-columns-is-layout-flex\">\n<div class=\"wp-block-column is-layout-flow wp-container-core-column-is-layout-369f67fb wp-block-column-is-layout-flow\">\n<div class=\"wp-block-group has-text-color is-vertical is-content-justification-center is-nowrap is-layout-flex wp-container-core-group-is-layout-53f5fb61 wp-block-group-is-layout-flex\" style=\"border-width:1px;border-radius:8px;color:#e7e7e7;padding-top:24px;padding-right:24px;padding-bottom:24px;padding-left:24px\">\n<div class=\"wp-block-group has-global-padding is-layout-constrained wp-container-core-group-is-layout-f328152f wp-block-group-is-layout-constrained\" style=\"border-radius:8px;padding-top:9px;padding-right:11px;padding-bottom:9px;padding-left:11px\">\n<figure class=\"wp-block-image aligncenter size-large is-resized\"><img decoding=\"async\" width=\"512\" height=\"512\" src=\"https:\/\/hurom.es\/wp-content\/uploads\/2024\/02\/hurom-ayuda10.svg\" alt=\"\" class=\"wp-image-29759\" style=\"width:120px\" title=\"\"><\/figure>\n<\/div>\n\n\n\n<h2 class=\"wp-block-heading has-text-align-center has-black-color has-text-color has-medium-font-size\" style=\"font-style:normal;font-weight:700\">SA\u00daDE E SEGURAN\u00c7A<\/h2>\n\n\n\n<p class=\"has-text-align-center has-text-color\" style=\"color:#666666;line-height:1.2\">Proporcionamos a todos os nossos colaboradores ambientes de trabalho saud\u00e1veis, concebidos para minimizar o risco de acidentes, les\u00f5es ou doen\u00e7as. Realizamos testes regulares para garantir que todos os nossos produtos estejam livres de materiais perigosos que possam ser prejudiciais aos nossos funcion\u00e1rios, clientes e ao meio ambiente. <\/p>\n<\/div>\n<\/div>\n\n\n\n<div class=\"wp-block-column is-layout-flow wp-container-core-column-is-layout-369f67fb wp-block-column-is-layout-flow\">\n<div class=\"wp-block-group has-text-color is-vertical is-content-justification-center is-nowrap is-layout-flex wp-container-core-group-is-layout-53f5fb61 wp-block-group-is-layout-flex\" style=\"border-width:1px;border-radius:8px;color:#e7e7e7;padding-top:24px;padding-right:24px;padding-bottom:24px;padding-left:24px\">\n<div class=\"wp-block-group has-global-padding is-layout-constrained wp-container-core-group-is-layout-f328152f wp-block-group-is-layout-constrained\" style=\"border-radius:8px;padding-top:9px;padding-right:11px;padding-bottom:9px;padding-left:11px\">\n<figure class=\"wp-block-image aligncenter size-large is-resized\"><img decoding=\"async\" width=\"512\" height=\"512\" src=\"https:\/\/hurom.es\/wp-content\/uploads\/2024\/02\/hurom-ayuda6.svg\" alt=\"\" class=\"wp-image-29755\" style=\"width:120px\" title=\"\"><\/figure>\n<\/div>\n\n\n\n<h2 class=\"wp-block-heading has-text-align-center has-black-color has-text-color\" style=\"font-size:clamp(14px, 0.875rem + ((1vw - 3.2px) * 0.69), 20px);font-style:normal;font-weight:700\">SEM TRABALHO INFANTIL<\/h2>\n\n\n\n<p class=\"has-text-align-center has-text-color\" style=\"color:#666666;line-height:1.2\">Cumprimos rigorosamente as leis de trabalho infantil em cada um dos pa\u00edses em que operamos. Nem n\u00f3s nem nossos parceiros estamos autorizados a empregar filhos menores. Qualquer parceiro ou fornecedor que violar estas leis ser\u00e1 imediatamente demitido e denunciado \u00e0s autoridades.  <\/p>\n<\/div>\n<\/div>\n\n\n\n<div class=\"wp-block-column is-layout-flow wp-container-core-column-is-layout-369f67fb wp-block-column-is-layout-flow\">\n<div class=\"wp-block-group has-text-color is-vertical is-content-justification-center is-nowrap is-layout-flex wp-container-core-group-is-layout-53f5fb61 wp-block-group-is-layout-flex\" style=\"border-width:1px;border-radius:8px;color:#e7e7e7;padding-top:24px;padding-right:24px;padding-bottom:24px;padding-left:24px\">\n<div class=\"wp-block-group has-global-padding is-layout-constrained wp-container-core-group-is-layout-f328152f wp-block-group-is-layout-constrained\" style=\"border-radius:8px;padding-top:9px;padding-right:11px;padding-bottom:9px;padding-left:11px\">\n<figure class=\"wp-block-image aligncenter size-large is-resized\"><img loading=\"lazy\" decoding=\"async\" width=\"512\" height=\"512\" src=\"https:\/\/hurom.es\/wp-content\/uploads\/2024\/02\/hurom-ayuda5.svg\" alt=\"\" class=\"wp-image-29754\" style=\"width:120px\" title=\"\"><\/figure>\n<\/div>\n\n\n\n<h2 class=\"wp-block-heading has-text-align-center has-black-color has-text-color\" style=\"font-size:clamp(14px, 0.875rem + ((1vw - 3.2px) * 0.69), 20px);font-style:normal;font-weight:700\">IMPORT\u00c2NCIA DOS FUNCION\u00c1RIOS<\/h2>\n\n\n\n<p class=\"has-text-align-center has-text-color\" style=\"color:#666666;line-height:1.2\">Tratamos todos os nossos colaboradores como fam\u00edlia, proporcionando-lhes excelentes condi\u00e7\u00f5es de trabalho. Desde a oferta de sal\u00e1rios e benef\u00edcios acima da m\u00e9dia at\u00e9 a constru\u00e7\u00e3o de f\u00e1bricas e escrit\u00f3rios de \u00faltima gera\u00e7\u00e3o, garantimos que todos possam trabalhar em um ambiente limpo, seguro, feliz e produtivo. <\/p>\n<\/div>\n<\/div>\n<\/div>\n\n\n\n<div class=\"wp-block-columns is-layout-flex wp-container-core-columns-is-layout-e0dca8c8 wp-block-columns-is-layout-flex\">\n<div class=\"wp-block-column is-layout-flow wp-container-core-column-is-layout-369f67fb wp-block-column-is-layout-flow\">\n<div class=\"wp-block-group has-text-color is-vertical is-content-justification-center is-nowrap is-layout-flex wp-container-core-group-is-layout-53f5fb61 wp-block-group-is-layout-flex\" style=\"border-width:1px;border-radius:8px;color:#e7e7e7;padding-top:24px;padding-right:24px;padding-bottom:24px;padding-left:24px\">\n<div class=\"wp-block-group has-global-padding is-layout-constrained wp-container-core-group-is-layout-f328152f wp-block-group-is-layout-constrained\" style=\"border-radius:8px;padding-top:9px;padding-right:11px;padding-bottom:9px;padding-left:11px\">\n<figure class=\"wp-block-image aligncenter size-large is-resized\"><img loading=\"lazy\" decoding=\"async\" width=\"512\" height=\"512\" src=\"https:\/\/hurom.es\/wp-content\/uploads\/2024\/02\/hurom-ayuda7.svg\" alt=\"\" class=\"wp-image-29756\" style=\"width:120px\" title=\"\"><\/figure>\n<\/div>\n\n\n\n<h2 class=\"wp-block-heading has-text-align-center has-black-color has-text-color\" style=\"font-size:clamp(14px, 0.875rem + ((1vw - 3.2px) * 0.69), 20px);font-style:normal;font-weight:700\">IMPACTO AMBIENTAL REDUZIDO<\/h2>\n\n\n\n<p class=\"has-text-align-center has-text-color\" style=\"color:#666666;line-height:1.2\">A durabilidade das nossas m\u00e1quinas permite-nos minimizar o desperd\u00edcio e reduzir a utiliza\u00e7\u00e3o de recursos preciosos e, assim, reduzir o impacto ambiental. Hoje somos capazes de criar um c\u00edrculo virtuoso de desenvolvimento sustent\u00e1vel, capaz de garantir um futuro melhor para as gera\u00e7\u00f5es futuras e consolidar a nossa posi\u00e7\u00e3o de lideran\u00e7a no setor. <\/p>\n<\/div>\n<\/div>\n\n\n\n<div class=\"wp-block-column is-layout-flow wp-container-core-column-is-layout-369f67fb wp-block-column-is-layout-flow\">\n<div class=\"wp-block-group has-text-color is-vertical is-content-justification-center is-nowrap is-layout-flex wp-container-core-group-is-layout-53f5fb61 wp-block-group-is-layout-flex\" style=\"border-width:1px;border-radius:8px;color:#e7e7e7;padding-top:24px;padding-right:24px;padding-bottom:24px;padding-left:24px\">\n<div class=\"wp-block-group has-global-padding is-layout-constrained wp-container-core-group-is-layout-f328152f wp-block-group-is-layout-constrained\" style=\"border-radius:8px;padding-top:9px;padding-right:11px;padding-bottom:9px;padding-left:11px\">\n<figure class=\"wp-block-image aligncenter size-large is-resized\"><img loading=\"lazy\" decoding=\"async\" width=\"512\" height=\"512\" src=\"https:\/\/hurom.es\/wp-content\/uploads\/2024\/02\/hurom-ayuda8.svg\" alt=\"\" class=\"wp-image-29757\" style=\"width:120px\" title=\"\"><\/figure>\n<\/div>\n\n\n\n<h2 class=\"wp-block-heading has-text-align-center has-black-color has-text-color\" style=\"font-size:clamp(14px, 0.875rem + ((1vw - 3.2px) * 0.69), 20px);font-style:normal;font-weight:700\">PROMOVE UMA CULTURA ALIMENTAR CORRETA<\/h2>\n\n\n\n<p class=\"has-text-align-center has-text-color\" style=\"color:#666666;line-height:1.2\">Atrav\u00e9s de demonstra\u00e7\u00f5es pr\u00e1ticas, publica\u00e7\u00f5es informativas e livros de receitas, a Hurom promove uma cultura nutricional correta, consciente da import\u00e2ncia que tem para a sa\u00fade e para a obten\u00e7\u00e3o de um estado geral de bem-estar.<\/p>\n<\/div>\n<\/div>\n\n\n\n<div class=\"wp-block-column is-layout-flow wp-container-core-column-is-layout-369f67fb wp-block-column-is-layout-flow\">\n<div class=\"wp-block-group alignwide has-text-color is-vertical is-content-justification-center is-nowrap is-layout-flex wp-container-core-group-is-layout-bcf9bcb7 wp-block-group-is-layout-flex\" style=\"border-width:1px;border-radius:8px;color:#e7e7e7;padding-top:24px;padding-right:24px;padding-bottom:24px;padding-left:24px\">\n<div class=\"wp-block-group has-global-padding is-layout-constrained wp-container-core-group-is-layout-f328152f wp-block-group-is-layout-constrained\" style=\"border-radius:8px;padding-top:9px;padding-right:11px;padding-bottom:9px;padding-left:11px\">\n<figure class=\"wp-block-image aligncenter size-large is-resized\"><img loading=\"lazy\" decoding=\"async\" width=\"512\" height=\"512\" src=\"https:\/\/hurom.es\/wp-content\/uploads\/2024\/02\/hurom-ayuda9.svg\" alt=\"\" class=\"wp-image-29758\" style=\"width:120px\" title=\"\"><\/figure>\n<\/div>\n\n\n\n<h2 class=\"wp-block-heading has-text-align-center has-black-color has-text-color\" style=\"font-size:clamp(14px, 0.875rem + ((1vw - 3.2px) * 0.69), 20px);font-style:normal;font-weight:700\">PLANO DE ECONOMIA DE ENERGIA NO ESCRIT\u00d3RIO<\/h2>\n\n\n\n<p class=\"has-text-align-center has-text-color\" style=\"color:#666666;line-height:1.2\">Nossos escrit\u00f3rios sempre promoveram uma vida com baixo carbono. Para demonstrar este compromisso, realiz\u00e1mos diversas iniciativas ao longo do nosso processo de fabrico e tamb\u00e9m na gest\u00e3o di\u00e1ria da nossa marca e vendas. Nosso objetivo \u00e9 reduzir diariamente o consumo de \u00e1gua, papel e energia.  <\/p>\n<\/div>\n<\/div>\n<\/div>\n<\/div>\n<\/div>\n\n<div class=\"wp-block-group edge-to-edge has-global-padding is-layout-constrained wp-block-group-is-layout-constrained\">\n<figure class=\"wp-block-image aligncenter size-large is-resized\"><img loading=\"lazy\" decoding=\"async\" width=\"1024\" height=\"372\" src=\"https:\/\/hurom.es\/wp-content\/uploads\/2024\/02\/hurom-apoya-1024x372.jpeg\" alt=\"\" class=\"wp-image-29760\" style=\"width:1450px;height:auto\" title=\"\" srcset=\"https:\/\/hurom.es\/wp-content\/uploads\/2024\/02\/hurom-apoya-1024x372.jpeg 1024w, https:\/\/hurom.es\/wp-content\/uploads\/2024\/02\/hurom-apoya-300x109.jpeg 300w, https:\/\/hurom.es\/wp-content\/uploads\/2024\/02\/hurom-apoya-768x279.jpeg 768w, https:\/\/hurom.es\/wp-content\/uploads\/2024\/02\/hurom-apoya-1536x559.jpeg 1536w, https:\/\/hurom.es\/wp-content\/uploads\/2024\/02\/hurom-apoya-990x360.jpeg 990w, https:\/\/hurom.es\/wp-content\/uploads\/2024\/02\/hurom-apoya-441x160.jpeg 441w, https:\/\/hurom.es\/wp-content\/uploads\/2024\/02\/hurom-apoya-600x218.jpeg 600w, https:\/\/hurom.es\/wp-content\/uploads\/2024\/02\/hurom-apoya-150x55.jpeg 150w, https:\/\/hurom.es\/wp-content\/uploads\/2024\/02\/hurom-apoya.jpeg 1650w\" sizes=\"(max-width: 1024px) 100vw, 1024px\" \/><\/figure>\n<\/div>\n\n<div class=\"wp-block-group alignfull has-global-padding is-layout-constrained wp-container-core-group-is-layout-99f667cf wp-block-group-is-layout-constrained\" style=\"padding-top:64px;padding-right:20px;padding-bottom:64px;padding-left:20px\">\n<div class=\"wp-block-group has-global-padding is-layout-constrained wp-container-core-group-is-layout-933edf90 wp-block-group-is-layout-constrained\">\n<h3 class=\"wp-block-heading alignfull has-text-align-center has-contrast-color has-text-color has-medium-font-size\" style=\"font-style:normal;font-weight:800;text-transform:capitalize\">SUA COMPRA FAZ A DIFEREN\u00c7A<\/h3>\n\n\n\n<p><\/p>\n<\/div>\n\n\n\n<div class=\"wp-block-columns is-layout-flex wp-container-core-columns-is-layout-28f84493 wp-block-columns-is-layout-flex\">\n<div class=\"wp-block-column is-layout-flow wp-container-core-column-is-layout-9301a9c8 wp-block-column-is-layout-flow\" style=\"border-style:none;border-width:0px\">\n<div class=\"wp-block-columns is-layout-flex wp-container-core-columns-is-layout-28f84493 wp-block-columns-is-layout-flex\">\n<div class=\"wp-block-column is-vertically-aligned-top has-small-font-size is-layout-flow wp-container-core-column-is-layout-343acf9e wp-block-column-is-layout-flow\">\n<div class=\"wp-block-group is-vertical is-content-justification-center is-layout-flex wp-container-core-group-is-layout-1a31e274 wp-block-group-is-layout-flex\">\n<figure class=\"wp-block-image aligncenter size-full is-resized is-style-default\"><img loading=\"lazy\" decoding=\"async\" width=\"480\" height=\"480\" src=\"https:\/\/hurom.es\/wp-content\/uploads\/2024\/02\/hurom-ayuda1.svg\" alt=\"\" class=\"wp-image-29750\" style=\"width:80px\" title=\"\"><\/figure>\n\n\n\n<div class=\"wp-block-group has-text-color is-vertical is-content-justification-center is-layout-flex wp-container-core-group-is-layout-3ab3172e wp-block-group-is-layout-flex\" style=\"color:#666666\">\n<p class=\"has-text-align-center\" style=\"font-size:clamp(14px, 0.875rem + ((1vw - 3.2px) * 0.23), 16px);font-style:normal;font-weight:500\"><strong>Adicione<\/strong> o produto que deseja comprar ao seu carrinho<\/p>\n<\/div>\n<\/div>\n<\/div>\n\n\n\n<div class=\"wp-block-column is-vertically-aligned-top has-small-font-size is-layout-flow wp-container-core-column-is-layout-343acf9e wp-block-column-is-layout-flow\">\n<div class=\"wp-block-group is-vertical is-content-justification-center is-layout-flex wp-container-core-group-is-layout-1a31e274 wp-block-group-is-layout-flex\">\n<figure class=\"wp-block-image aligncenter size-full is-resized is-style-default\"><img loading=\"lazy\" decoding=\"async\" width=\"300\" height=\"300\" src=\"https:\/\/hurom.es\/wp-content\/uploads\/2024\/02\/hurom-ayuda3.svg\" alt=\"\" class=\"wp-image-29752\" style=\"width:80px\" title=\"\"><\/figure>\n\n\n\n<div class=\"wp-block-group has-text-color is-vertical is-content-justification-center is-layout-flex wp-container-core-group-is-layout-3ab3172e wp-block-group-is-layout-flex\" style=\"color:#666666\">\n<p class=\"has-text-align-center\" style=\"font-size:clamp(14px, 0.875rem + ((1vw - 3.2px) * 0.23), 16px);font-style:normal;font-weight:500\"><strong>Conclua sua compra<\/strong> normalmente<\/p>\n<\/div>\n<\/div>\n<\/div>\n\n\n\n<div class=\"wp-block-column is-vertically-aligned-top has-small-font-size is-layout-flow wp-container-core-column-is-layout-343acf9e wp-block-column-is-layout-flow\">\n<div class=\"wp-block-group is-vertical is-content-justification-center is-layout-flex wp-container-core-group-is-layout-1a31e274 wp-block-group-is-layout-flex\">\n<figure class=\"wp-block-image aligncenter size-full is-resized is-style-default\"><img loading=\"lazy\" decoding=\"async\" width=\"64\" height=\"64\" src=\"https:\/\/hurom.es\/wp-content\/uploads\/2024\/02\/hurom-ayuda2.svg\" alt=\"\" class=\"wp-image-29751\" style=\"width:80px\" title=\"\"><\/figure>\n\n\n\n<div class=\"wp-block-group has-text-color is-vertical is-content-justification-center is-layout-flex wp-container-core-group-is-layout-3ab3172e wp-block-group-is-layout-flex\" style=\"color:#666666\">\n<p class=\"has-text-align-center\" style=\"font-size:clamp(14px, 0.875rem + ((1vw - 3.2px) * 0.23), 16px);font-style:normal;font-weight:500\"><strong>Doamos 1% da sua compra<\/strong> sem nenhum custo para voc\u00ea<\/p>\n<\/div>\n<\/div>\n<\/div>\n<\/div>\n<\/div>\n<\/div>\n<\/div>\n","protected":false},"excerpt":{"rendered":"<p>Hurom apoia e promove QUEREMOS CRIAR BEM-ESTAR GLOBAL Queremos criar um mundo onde as pessoas tenham maior acesso aos benef\u00edcios e maravilhas da natureza. Acreditamos que todos merecem a oportunidade de experimentar o bem-estar e a vitalidade que a M\u00e3e Natureza oferece, os produtos naturais s\u00e3o cruciais para isso. Como empresa, estamos comprometidos em promover [&hellip;]<\/p>\n","protected":false},"author":1,"featured_media":0,"parent":0,"menu_order":9,"comment_status":"closed","ping_status":"closed","template":"template-canvas.php","meta":{"footnotes":""},"class_list":["post-33937","page","type-page","status-publish","hentry"],"_links":{"self":[{"href":"https:\/\/hurom.es\/pt-pt\/wp-json\/wp\/v2\/pages\/33937","targetHints":{"allow":["GET"]}}],"collection":[{"href":"https:\/\/hurom.es\/pt-pt\/wp-json\/wp\/v2\/pages"}],"about":[{"href":"https:\/\/hurom.es\/pt-pt\/wp-json\/wp\/v2\/types\/page"}],"author":[{"embeddable":true,"href":"https:\/\/hurom.es\/pt-pt\/wp-json\/wp\/v2\/users\/1"}],"replies":[{"embeddable":true,"href":"https:\/\/hurom.es\/pt-pt\/wp-json\/wp\/v2\/comments?post=33937"}],"version-history":[{"count":2,"href":"https:\/\/hurom.es\/pt-pt\/wp-json\/wp\/v2\/pages\/33937\/revisions"}],"predecessor-version":[{"id":33939,"href":"https:\/\/hurom.es\/pt-pt\/wp-json\/wp\/v2\/pages\/33937\/revisions\/33939"}],"wp:attachment":[{"href":"https:\/\/hurom.es\/pt-pt\/wp-json\/wp\/v2\/media?parent=33937"}],"curies":[{"name":"wp","href":"https:\/\/api.w.org\/{rel}","templated":true}]}}