{"id":33912,"date":"2023-12-15T18:58:32","date_gmt":"2023-12-15T17:58:32","guid":{"rendered":"https:\/\/hurom.es\/quienes-somos\/"},"modified":"2025-03-06T08:27:00","modified_gmt":"2025-03-06T07:27:00","slug":"quienes-somos","status":"publish","type":"page","link":"https:\/\/hurom.es\/pt-pt\/quienes-somos\/","title":{"rendered":"Quem somos n\u00f3s?"},"content":{"rendered":"\n<div class=\"wp-block-group alignfull has-global-padding is-layout-constrained wp-container-core-group-is-layout-7043b10e wp-block-group-is-layout-constrained\" style=\"padding-right:0;padding-bottom:0;padding-left:0\">\n<div class=\"wp-block-group alignwide has-base-background-color has-background has-global-padding is-layout-constrained wp-container-core-group-is-layout-bcbe5670 wp-block-group-is-layout-constrained\" style=\"padding-top:64px;padding-right:16px;padding-bottom:64px;padding-left:16px\">\n<div class=\"wp-block-columns are-vertically-aligned-center is-layout-flex wp-container-core-columns-is-layout-b325c629 wp-block-columns-is-layout-flex\" style=\"margin-top:0;margin-bottom:0;padding-top:0;padding-right:0;padding-bottom:0;padding-left:0\">\n<div class=\"wp-block-column is-vertically-aligned-center has-global-padding is-layout-constrained wp-container-core-column-is-layout-254f1302 wp-block-column-is-layout-constrained\" style=\"padding-top:0;padding-right:0;padding-bottom:0;padding-left:0\">\n<h1 class=\"wp-block-heading\">Quem somos: Hurom, 40 anos de inova\u00e7\u00e3o no setor<\/h1>\n\n\n\n<h2 class=\"wp-block-heading\">Uma empresa de eletrodom\u00e9sticos de renome mundial<\/h2>\n\n\n\n<p>Desde o primeiro dia, desenvolvemos tecnologias e produtos inovadores que promovem estilos de vida saud\u00e1veis \u200b\u200bdos nossos clientes, ajudando-os a integrar eficazmente alimentos integrais e nutritivos nas suas dietas.<\/p>\n\n\n\n<div class=\"wp-block-buttons has-custom-font-size is-content-justification-left is-layout-flex wp-container-core-buttons-is-layout-458daba3 wp-block-buttons-is-layout-flex\" style=\"font-size:clamp(14px, 0.875rem + ((1vw - 3.2px) * 0.23), 16px);font-style:normal;font-weight:500\">\n<div class=\"wp-block-button has-custom-font-size\" style=\"font-size:clamp(14px, 0.875rem + ((1vw - 3.2px) * 0.23), 16px);font-style:normal;font-weight:500\"><a class=\"wp-block-button__link has-white-color has-black-background-color has-text-color has-background wp-element-button\" href=\"https:\/\/hurom.es\/pt-pt\/extractores-de-zumo-pt-pt\/\" style=\"border-radius:8px\">Descubra nossos extratores<\/a><\/div>\n<\/div>\n<\/div>\n\n\n\n<div class=\"wp-block-column is-layout-flow wp-block-column-is-layout-flow\" style=\"padding-top:0;padding-right:0;padding-bottom:0;padding-left:0\">\n<figure class=\"wp-block-image aligncenter size-full is-style-default\"><img fetchpriority=\"high\" decoding=\"async\" width=\"800\" height=\"1199\" src=\"https:\/\/hurom.es\/wp-content\/uploads\/2024\/02\/hurom-h400.webp\" alt=\"\" class=\"wp-image-29808\" style=\"aspect-ratio:1;object-fit:cover\" title=\"\" srcset=\"https:\/\/hurom.es\/wp-content\/uploads\/2024\/02\/hurom-h400.webp 800w, https:\/\/hurom.es\/wp-content\/uploads\/2024\/02\/hurom-h400-200x300.webp 200w, https:\/\/hurom.es\/wp-content\/uploads\/2024\/02\/hurom-h400-683x1024.webp 683w, https:\/\/hurom.es\/wp-content\/uploads\/2024\/02\/hurom-h400-768x1151.webp 768w, https:\/\/hurom.es\/wp-content\/uploads\/2024\/02\/hurom-h400-441x661.webp 441w, https:\/\/hurom.es\/wp-content\/uploads\/2024\/02\/hurom-h400-600x899.webp 600w, https:\/\/hurom.es\/wp-content\/uploads\/2024\/02\/hurom-h400-150x225.webp 150w\" sizes=\"(max-width: 800px) 100vw, 800px\" \/><\/figure>\n<\/div>\n<\/div>\n<\/div>\n<\/div>\n\n<hr class=\"wp-block-separator has-alpha-channel-opacity\"\/>\n\n<p class=\"has-text-align-center\" style=\"font-size:clamp(16.834px, 1.052rem + ((1vw - 3.2px) * 1.054), 26px);\"><strong>Nossa hist\u00f3ria<\/strong><\/p>\n\n<div class=\"wp-block-group alignfull has-base-background-color has-background has-global-padding is-layout-constrained wp-container-core-group-is-layout-d7b95318 wp-block-group-is-layout-constrained\" style=\"border-bottom-style:none;border-bottom-width:0px;padding-top:64px;padding-right:64px;padding-bottom:64px;padding-left:64px\">\n<div class=\"wp-block-columns are-vertically-aligned-center is-layout-flex wp-container-core-columns-is-layout-269740e5 wp-block-columns-is-layout-flex\">\n<div class=\"wp-block-column is-vertically-aligned-center is-layout-flow wp-container-core-column-is-layout-8eebadab wp-block-column-is-layout-flow\" style=\"flex-basis:50%\">\n<div class=\"wp-block-group is-vertical is-layout-flex wp-container-core-group-is-layout-b2c973f4 wp-block-group-is-layout-flex\">\n<p>1974<\/p>\n\n\n\n<h3 class=\"wp-block-heading\">A Hurom nasceu como uma empresa produtora de eletrodom\u00e9sticos para cozinha.<\/h3>\n\n\n\n<p>Empreendedor e inovador, o fundador da Hurom tinha a miss\u00e3o de promover um estilo de vida saud\u00e1vel, criando dispositivos que ajudassem as pessoas a comer alimentos integrais mais nutritivos.<\/p>\n<\/div>\n<\/div>\n\n\n\n<div class=\"wp-block-column is-vertically-aligned-center is-layout-flow wp-block-column-is-layout-flow\">\n<figure class=\"wp-block-image size-full is-resized\"><img decoding=\"async\" width=\"600\" height=\"600\" src=\"https:\/\/hurom.es\/wp-content\/uploads\/2024\/02\/1974-edited.webp\" alt=\"\" class=\"wp-image-29807\" style=\"aspect-ratio:1;object-fit:cover;width:400px\" title=\"\" srcset=\"https:\/\/hurom.es\/wp-content\/uploads\/2024\/02\/1974-edited.webp 600w, https:\/\/hurom.es\/wp-content\/uploads\/2024\/02\/1974-edited-300x300.webp 300w, https:\/\/hurom.es\/wp-content\/uploads\/2024\/02\/1974-edited-150x150.webp 150w, https:\/\/hurom.es\/wp-content\/uploads\/2024\/02\/1974-edited-441x441.webp 441w, https:\/\/hurom.es\/wp-content\/uploads\/2024\/02\/1974-edited-100x100.webp 100w\" sizes=\"(max-width: 600px) 100vw, 600px\" \/><\/figure>\n<\/div>\n<\/div>\n\n\n\n<div class=\"wp-block-columns are-vertically-aligned-center is-layout-flex wp-container-core-columns-is-layout-269740e5 wp-block-columns-is-layout-flex\">\n<div class=\"wp-block-column is-vertically-aligned-center is-layout-flow wp-block-column-is-layout-flow\">\n<figure class=\"wp-block-image size-full is-resized\"><img decoding=\"async\" width=\"600\" height=\"600\" src=\"https:\/\/hurom.es\/wp-content\/uploads\/2024\/02\/1979-edited.webp\" alt=\"\" class=\"wp-image-29806\" style=\"aspect-ratio:1;object-fit:cover;width:400px\" title=\"\" srcset=\"https:\/\/hurom.es\/wp-content\/uploads\/2024\/02\/1979-edited.webp 600w, https:\/\/hurom.es\/wp-content\/uploads\/2024\/02\/1979-edited-300x300.webp 300w, https:\/\/hurom.es\/wp-content\/uploads\/2024\/02\/1979-edited-150x150.webp 150w, https:\/\/hurom.es\/wp-content\/uploads\/2024\/02\/1979-edited-441x441.webp 441w, https:\/\/hurom.es\/wp-content\/uploads\/2024\/02\/1979-edited-100x100.webp 100w\" sizes=\"(max-width: 600px) 100vw, 600px\" \/><\/figure>\n<\/div>\n\n\n\n<div class=\"wp-block-column is-vertically-aligned-center is-layout-flow wp-container-core-column-is-layout-8eebadab wp-block-column-is-layout-flow\" style=\"flex-basis:50%\">\n<div class=\"wp-block-group is-vertical is-layout-flex wp-container-core-group-is-layout-b2c973f4 wp-block-group-is-layout-flex\">\n<p>1979-1998<\/p>\n\n\n\n<h3 class=\"wp-block-heading\">Desenvolvi utens\u00edlios de cozinha, incluindo um processador el\u00e9trico de alimentos.<\/h3>\n\n\n\n<p>A inova\u00e7\u00e3o sempre foi um fator chave na Hurom. Durante este per\u00edodo, a Hurom produziu e comercializou diversos eletrodom\u00e9sticos de cozinha, incluindo um processador de alimentos de alta velocidade. <\/p>\n<\/div>\n<\/div>\n<\/div>\n\n\n\n<div class=\"wp-block-columns are-vertically-aligned-center is-layout-flex wp-container-core-columns-is-layout-269740e5 wp-block-columns-is-layout-flex\">\n<div class=\"wp-block-column is-vertically-aligned-center is-layout-flow wp-container-core-column-is-layout-8eebadab wp-block-column-is-layout-flow\" style=\"flex-basis:50%\">\n<div class=\"wp-block-group is-vertical is-layout-flex wp-container-core-group-is-layout-b2c973f4 wp-block-group-is-layout-flex\">\n<p>2005<\/p>\n\n\n\n<h3 class=\"wp-block-heading\">Hurom Slow Juicer selecionado como produto coreano de classe mundial<\/h3>\n\n\n\n<p>\u00c9 lan\u00e7ado o primeiro extrator lento de prensagem a frio do mundo.<\/p>\n\n\n\n<p>Hurom anuncia o primeiro extrator lento usando sua tecnologia SST (Slow Squeezing Technology) patenteada mundialmente.<\/p>\n<\/div>\n<\/div>\n\n\n\n<div class=\"wp-block-column is-vertically-aligned-center is-layout-flow wp-block-column-is-layout-flow\">\n<figure class=\"wp-block-image alignright size-full is-resized\"><img loading=\"lazy\" decoding=\"async\" width=\"600\" height=\"750\" src=\"https:\/\/hurom.es\/wp-content\/uploads\/2024\/02\/2005.webp\" alt=\"\" class=\"wp-image-29805\" style=\"width:350px\" title=\"\" srcset=\"https:\/\/hurom.es\/wp-content\/uploads\/2024\/02\/2005.webp 600w, https:\/\/hurom.es\/wp-content\/uploads\/2024\/02\/2005-240x300.webp 240w, https:\/\/hurom.es\/wp-content\/uploads\/2024\/02\/2005-441x551.webp 441w, https:\/\/hurom.es\/wp-content\/uploads\/2024\/02\/2005-150x188.webp 150w\" sizes=\"(max-width: 600px) 100vw, 600px\" \/><\/figure>\n<\/div>\n<\/div>\n\n\n\n<div class=\"wp-block-columns are-vertically-aligned-center is-layout-flex wp-container-core-columns-is-layout-269740e5 wp-block-columns-is-layout-flex\">\n<div class=\"wp-block-column is-vertically-aligned-center is-layout-flow wp-block-column-is-layout-flow\">\n<figure class=\"wp-block-image size-full is-resized\"><img loading=\"lazy\" decoding=\"async\" width=\"492\" height=\"656\" src=\"https:\/\/hurom.es\/wp-content\/uploads\/2024\/02\/hurom-s13-e1696847090531.webp\" alt=\"\" class=\"wp-image-29551\" style=\"width:350px\" title=\"\" srcset=\"https:\/\/hurom.es\/wp-content\/uploads\/2024\/02\/hurom-s13-e1696847090531.webp 492w, https:\/\/hurom.es\/wp-content\/uploads\/2024\/02\/hurom-s13-e1696847090531-225x300.webp 225w, https:\/\/hurom.es\/wp-content\/uploads\/2024\/02\/hurom-s13-e1696847090531-441x588.webp 441w, https:\/\/hurom.es\/wp-content\/uploads\/2024\/02\/hurom-s13-e1696847090531-150x200.webp 150w\" sizes=\"(max-width: 492px) 100vw, 492px\" \/><\/figure>\n<\/div>\n\n\n\n<div class=\"wp-block-column is-vertically-aligned-center is-layout-flow wp-container-core-column-is-layout-8eebadab wp-block-column-is-layout-flow\" style=\"flex-basis:50%\">\n<div class=\"wp-block-group is-vertical is-layout-flex wp-container-core-group-is-layout-b2c973f4 wp-block-group-is-layout-flex\">\n<p>2010<\/p>\n\n\n\n<h3 class=\"wp-block-heading\">A Hurom nasceu como uma empresa produtora de eletrodom\u00e9sticos para cozinha.<\/h3>\n\n\n\n<p>O governo coreano designou o Hurom Slow Juicer como um produto de primeira classe refletindo seu crescimento no mercado. O Produto de Classe Mundial resultou em um produto classificado entre os 5 primeiros em termos de participa\u00e7\u00e3o no mercado global todos os anos. <\/p>\n<\/div>\n<\/div>\n<\/div>\n\n\n\n<div class=\"wp-block-columns are-vertically-aligned-center is-layout-flex wp-container-core-columns-is-layout-269740e5 wp-block-columns-is-layout-flex\">\n<div class=\"wp-block-column is-vertically-aligned-center is-layout-flow wp-container-core-column-is-layout-8eebadab wp-block-column-is-layout-flow\" style=\"flex-basis:50%\">\n<div class=\"wp-block-group is-vertical is-layout-flex wp-container-core-group-is-layout-b2c973f4 wp-block-group-is-layout-flex\">\n<p>2013<\/p>\n\n\n\n<h3 class=\"wp-block-heading\">Vencedor do Red Dot Design Award e do IF Award for Product Design<\/h3>\n\n\n\n<p>Hurom premiado pela excel\u00eancia em design de produtos em competi\u00e7\u00f5es de design de renome mundial.<\/p>\n<\/div>\n<\/div>\n\n\n\n<div class=\"wp-block-column is-vertically-aligned-center is-layout-flow wp-block-column-is-layout-flow\">\n<figure class=\"wp-block-image alignright size-full is-resized\"><img loading=\"lazy\" decoding=\"async\" width=\"600\" height=\"750\" src=\"https:\/\/hurom.es\/wp-content\/uploads\/2024\/02\/2013.webp\" alt=\"\" class=\"wp-image-29804\" style=\"width:300px\" title=\"\" srcset=\"https:\/\/hurom.es\/wp-content\/uploads\/2024\/02\/2013.webp 600w, https:\/\/hurom.es\/wp-content\/uploads\/2024\/02\/2013-240x300.webp 240w, https:\/\/hurom.es\/wp-content\/uploads\/2024\/02\/2013-441x551.webp 441w, https:\/\/hurom.es\/wp-content\/uploads\/2024\/02\/2013-150x188.webp 150w\" sizes=\"(max-width: 600px) 100vw, 600px\" \/><\/figure>\n<\/div>\n<\/div>\n\n\n\n<div class=\"wp-block-columns are-vertically-aligned-center is-layout-flex wp-container-core-columns-is-layout-269740e5 wp-block-columns-is-layout-flex\">\n<div class=\"wp-block-column is-vertically-aligned-center is-layout-flow wp-block-column-is-layout-flow\">\n<figure class=\"wp-block-image size-full\"><img loading=\"lazy\" decoding=\"async\" width=\"459\" height=\"700\" src=\"https:\/\/hurom.es\/wp-content\/uploads\/2023\/12\/extractor-de-alto-rendimiento-hurom-h300p-con-gran-capacidad16.webp\" alt=\"\" class=\"wp-image-29728\" style=\"aspect-ratio:1;object-fit:cover\" title=\"\" srcset=\"https:\/\/hurom.es\/wp-content\/uploads\/2023\/12\/extractor-de-alto-rendimiento-hurom-h300p-con-gran-capacidad16.webp 459w, https:\/\/hurom.es\/wp-content\/uploads\/2023\/12\/extractor-de-alto-rendimiento-hurom-h300p-con-gran-capacidad16-197x300.webp 197w, https:\/\/hurom.es\/wp-content\/uploads\/2023\/12\/extractor-de-alto-rendimiento-hurom-h300p-con-gran-capacidad16-441x673.webp 441w, https:\/\/hurom.es\/wp-content\/uploads\/2023\/12\/extractor-de-alto-rendimiento-hurom-h300p-con-gran-capacidad16-150x229.webp 150w\" sizes=\"(max-width: 459px) 100vw, 459px\" \/><\/figure>\n<\/div>\n\n\n\n<div class=\"wp-block-column is-vertically-aligned-center is-layout-flow wp-container-core-column-is-layout-8eebadab wp-block-column-is-layout-flow\" style=\"flex-basis:50%\">\n<div class=\"wp-block-group is-vertical is-layout-flex wp-container-core-group-is-layout-b2c973f4 wp-block-group-is-layout-flex\">\n<p>HOJE<\/p>\n\n\n\n<h3 class=\"wp-block-heading\">Hurom hoje<\/h3>\n\n\n\n<p>No mercado de espremedores lentos, lan\u00e7ado pela Hurom, o Hurom Slow Juicer acumulou milh\u00f5es de vendas em todo o mundo. A Hurom continua a refinar sua tecnologia de sucos e a desenvolver dispositivos mais \u00fateis. <\/p>\n<\/div>\n<\/div>\n<\/div>\n<\/div>\n\n<div class=\"wp-block-group alignfull has-background has-global-padding is-content-justification-center is-layout-constrained wp-container-core-group-is-layout-2aadf2d8 wp-block-group-is-layout-constrained\" style=\"background-color:#f3f5f0;padding-top:64px;padding-right:20px;padding-bottom:64px;padding-left:20px\">\n<div class=\"wp-block-columns are-vertically-aligned-center is-layout-flex wp-container-core-columns-is-layout-96a9e0ec wp-block-columns-is-layout-flex\" style=\"margin-top:0;margin-bottom:0;padding-top:0;padding-right:0;padding-bottom:0;padding-left:0\">\n<div class=\"wp-block-column is-vertically-aligned-center has-global-padding is-content-justification-left is-layout-constrained wp-container-core-column-is-layout-14fa8993 wp-block-column-is-layout-constrained\" style=\"padding-top:0;padding-right:0;padding-bottom:0;padding-left:0;flex-basis:55%\">\n<div class=\"wp-block-group is-vertical is-layout-flex wp-container-core-group-is-layout-3ec2841e wp-block-group-is-layout-flex\">\n<h3 class=\"wp-block-heading has-text-align-left has-contrast-color has-text-color\">O Hurom Product Research Institute desenvolve e inova para oferecer aos clientes os melhores produtos e tecnologias.<\/h3>\n\n\n\n<p>\u2022 Equipe de pr\u00e9-desenvolvimento: respons\u00e1vel pela pesquisa preliminar, revis\u00e3o de novos componentes e testes de execu\u00e7\u00e3o.<\/p>\n\n\n\n<p>\u2022 Equipe de Design: Projete e verifique modelos de produtos usando impressoras 3D.<\/p>\n\n\n\n<p>\u2022 Equipe de certifica\u00e7\u00e3o: atesta a seguran\u00e7a de produtos nacionais e estrangeiros, bem como o desenvolvimento de componentes de dispositivos el\u00e9tricos.<\/p>\n\n\n\n<p>\u2022 Equipe de Design de Produto: Analisa tend\u00eancias globais, bem como tend\u00eancias de consumo, para conceber e implementar os designs e fun\u00e7\u00f5es mais adequados.<\/p>\n<\/div>\n\n\n\n<div class=\"wp-block-buttons is-horizontal is-content-justification-left is-layout-flex wp-container-core-buttons-is-layout-921065ce wp-block-buttons-is-layout-flex\">\n<div class=\"wp-block-button has-custom-font-size\" style=\"font-size:clamp(14px, 0.875rem + ((1vw - 3.2px) * 0.23), 16px);font-style:normal;font-weight:500\"><a class=\"wp-block-button__link has-white-color has-black-background-color has-text-color has-background wp-element-button\" href=\"https:\/\/hurom.es\/pt-pt\/por-que-hurom\/\" style=\"border-radius:8px\">Saiba mais sobre Hurom<\/a><\/div>\n<\/div>\n<\/div>\n\n\n\n<div class=\"wp-block-column is-vertically-aligned-center is-layout-flow wp-block-column-is-layout-flow\" style=\"flex-basis:45%\">\n<figure class=\"wp-block-embed is-type-video is-provider-youtube wp-block-embed-youtube wp-embed-aspect-16-9 wp-has-aspect-ratio\"><div class=\"wp-block-embed__wrapper\">\n<div class=\"video-container\"><iframe title=\"Hurom R&amp;D center\" width=\"1170\" height=\"658\" src=\"https:\/\/www.youtube.com\/embed\/QL0_CKb4K0E?feature=oembed&#038;enablejsapi=1&#038;origin=https:\/\/hurom.es\" frameborder=\"0\" allow=\"accelerometer; autoplay; clipboard-write; encrypted-media; gyroscope; picture-in-picture; web-share\" referrerpolicy=\"strict-origin-when-cross-origin\" allowfullscreen><\/iframe><\/div>\n<\/div><\/figure>\n<\/div>\n<\/div>\n<\/div>\n","protected":false},"excerpt":{"rendered":"<p>Quem somos: Hurom, 40 anos de inova\u00e7\u00e3o no setor Uma empresa de eletrodom\u00e9sticos de renome mundial Desde o primeiro dia, desenvolvemos tecnologias e produtos inovadores que promovem estilos de vida saud\u00e1veis \u200b\u200bdos nossos clientes, ajudando-os a integrar eficazmente alimentos integrais e nutritivos nas suas dietas. Nossa hist\u00f3ria 1974 A Hurom nasceu como uma empresa produtora [&hellip;]<\/p>\n","protected":false},"author":1,"featured_media":0,"parent":0,"menu_order":2,"comment_status":"closed","ping_status":"closed","template":"template-canvas.php","meta":{"footnotes":""},"class_list":["post-33912","page","type-page","status-publish","hentry"],"_links":{"self":[{"href":"https:\/\/hurom.es\/pt-pt\/wp-json\/wp\/v2\/pages\/33912","targetHints":{"allow":["GET"]}}],"collection":[{"href":"https:\/\/hurom.es\/pt-pt\/wp-json\/wp\/v2\/pages"}],"about":[{"href":"https:\/\/hurom.es\/pt-pt\/wp-json\/wp\/v2\/types\/page"}],"author":[{"embeddable":true,"href":"https:\/\/hurom.es\/pt-pt\/wp-json\/wp\/v2\/users\/1"}],"replies":[{"embeddable":true,"href":"https:\/\/hurom.es\/pt-pt\/wp-json\/wp\/v2\/comments?post=33912"}],"version-history":[{"count":2,"href":"https:\/\/hurom.es\/pt-pt\/wp-json\/wp\/v2\/pages\/33912\/revisions"}],"predecessor-version":[{"id":33914,"href":"https:\/\/hurom.es\/pt-pt\/wp-json\/wp\/v2\/pages\/33912\/revisions\/33914"}],"wp:attachment":[{"href":"https:\/\/hurom.es\/pt-pt\/wp-json\/wp\/v2\/media?parent=33912"}],"curies":[{"name":"wp","href":"https:\/\/api.w.org\/{rel}","templated":true}]}}