{"id":33721,"date":"2023-12-02T12:57:40","date_gmt":"2023-12-02T11:57:40","guid":{"rendered":"https:\/\/hurom.es\/asesoria\/"},"modified":"2025-03-03T15:54:47","modified_gmt":"2025-03-03T14:54:47","slug":"asesoria","status":"publish","type":"page","link":"https:\/\/hurom.es\/pt-pt\/asesoria\/","title":{"rendered":"Consultoria"},"content":{"rendered":"\n<div class=\"wp-block-group alignfull has-background has-global-padding is-content-justification-center is-layout-constrained wp-container-core-group-is-layout-2aadf2d8 wp-block-group-is-layout-constrained\" style=\"background-color:#f9fdf5;padding-top:64px;padding-right:20px;padding-bottom:64px;padding-left:20px\">\n<div class=\"wp-block-columns are-vertically-aligned-center is-layout-flex wp-container-core-columns-is-layout-96a9e0ec wp-block-columns-is-layout-flex\" style=\"margin-top:0;margin-bottom:0;padding-top:0;padding-right:0;padding-bottom:0;padding-left:0\">\n<div class=\"wp-block-column is-vertically-aligned-center has-global-padding is-content-justification-left is-layout-constrained wp-container-core-column-is-layout-14fa8993 wp-block-column-is-layout-constrained\" style=\"padding-top:0;padding-right:0;padding-bottom:0;padding-left:0;flex-basis:55%\">\n<div class=\"wp-block-group is-vertical is-layout-flex wp-container-core-group-is-layout-3ec2841e wp-block-group-is-layout-flex\">\n<h1 class=\"wp-block-heading has-text-align-left has-contrast-color has-text-color has-medium-font-size\" style=\"text-transform:uppercase\">Conselhos sobre extratores de suco<\/h1>\n\n\n\n<h2 class=\"wp-block-heading has-text-align-left has-contrast-color has-text-color\" style=\"font-size:clamp(22.041px, 1.378rem + ((1vw - 3.2px) * 1.604), 36px);\">Agende uma consulta telef\u00f4nica gratuita e personalizada com um consultor Hurom<\/h2>\n\n\n\n<p class=\"has-text-align-left has-text-color\" style=\"color:#666666;font-style:normal;font-weight:400\">Selecione a data e hor\u00e1rio mais conveniente no calend\u00e1rio e Lia ligar\u00e1 para voc\u00ea para inform\u00e1-lo e tirar suas d\u00favidas sobre nossos extratores e o mundo dos extratos de frutas e vegetais.<\/p>\n<\/div>\n<\/div>\n\n\n\n<div class=\"wp-block-column is-vertically-aligned-center is-layout-flow wp-block-column-is-layout-flow\" style=\"flex-basis:45%\">\n<figure class=\"wp-block-image size-full has-custom-border\"><img fetchpriority=\"high\" decoding=\"async\" width=\"500\" height=\"500\" src=\"https:\/\/hurom.es\/wp-content\/uploads\/2024\/02\/hurom-h400-easy-clean.webp\" alt=\"\" class=\"wp-image-29734\" style=\"border-radius:8px\" title=\"\" srcset=\"https:\/\/hurom.es\/wp-content\/uploads\/2024\/02\/hurom-h400-easy-clean.webp 500w, https:\/\/hurom.es\/wp-content\/uploads\/2024\/02\/hurom-h400-easy-clean-300x300.webp 300w, https:\/\/hurom.es\/wp-content\/uploads\/2024\/02\/hurom-h400-easy-clean-150x150.webp 150w, https:\/\/hurom.es\/wp-content\/uploads\/2024\/02\/hurom-h400-easy-clean-441x441.webp 441w, https:\/\/hurom.es\/wp-content\/uploads\/2024\/02\/hurom-h400-easy-clean-100x100.webp 100w\" sizes=\"(max-width: 500px) 100vw, 500px\" \/><\/figure>\n<\/div>\n<\/div>\n<\/div>\n\n<div style=\"height:100px\" aria-hidden=\"true\" class=\"wp-block-spacer\"><\/div>\n\n<div class=\"wp-block-group 800 is-vertical is-content-justification-stretch is-layout-flex wp-container-core-group-is-layout-5621715d wp-block-group-is-layout-flex\">\n<div class=\"wp-block-columns is-layout-flex wp-container-core-columns-is-layout-28f84493 wp-block-columns-is-layout-flex\">\n<div class=\"wp-block-column is-layout-flow wp-block-column-is-layout-flow\" style=\"flex-basis:20%\"><\/div>\n\n\n\n<div class=\"wp-block-column is-layout-flow wp-block-column-is-layout-flow\" style=\"flex-basis:70%\">\n<h2 class=\"wp-block-heading has-text-align-center\">Conselheiro Hurom<\/h2>\n\n\n\n<p class=\"has-text-align-center\">Experimente e descubra a solu\u00e7\u00e3o Hurom \u00e0 sua medida: <strong>Cada extrator Hurom \u00e9 adequado a um conjunto de necessidades. Lia ir\u00e1 gui\u00e1-lo passo a passo no processo de compra online, inform\u00e1-lo e responder \u00e0s suas perguntas, explicar como tirar o m\u00e1ximo proveito e oferecer-lhe conselhos valiosos. <\/strong><\/p>\n\n\n\n<p class=\"has-text-align-center\">Ou se preferir, pode enviar um email para <a href=\"mailto:asistencia@hurom.es\">assist@hurom.es<\/a> e receber\u00e1 uma resposta o mais breve poss\u00edvel.<\/p>\n\n\n\n<!-- Principio del widget integrado de Calendly -->\n<div class=\"calendly-inline-widget\" data-url=\"https:\/\/calendly.com\/asistencia-hurom\/evento?hide_event_type_details=1&#038;hide_gdpr_banner=1&#038;primary_color=62ca36\" style=\"min-width:320px;height:700px;\"><\/div>\n<script type=\"text\/javascript\" src=\"https:\/\/assets.calendly.com\/assets\/external\/widget.js\" async=\"\"><\/script>\n<!-- Final del widget integrado de Calendly -->\n<\/div>\n\n\n\n<div class=\"wp-block-column is-layout-flow wp-block-column-is-layout-flow\" style=\"flex-basis:20%\"><\/div>\n<\/div>\n<\/div>\n\n<div style=\"height:100px\" aria-hidden=\"true\" class=\"wp-block-spacer\"><\/div>\n\n<div class=\"wp-block-cover alignfull has-parallax\" style=\"min-height:700px;aspect-ratio:unset;\"><span aria-hidden=\"true\" class=\"wp-block-cover__background has-background-dim-40 has-background-dim\" style=\"background-color:#000000\"><\/span><div class=\"wp-block-cover__image-background wp-image-29733 has-parallax\" style=\"background-position:50% 50%;background-image:url(https:\/\/hurom.es\/wp-content\/uploads\/2024\/02\/consulente-hurom.jpeg)\"><\/div><div class=\"wp-block-cover__inner-container is-layout-flow wp-block-cover-is-layout-flow\">\n<div class=\"wp-block-columns alignwide is-layout-flex wp-container-core-columns-is-layout-28f84493 wp-block-columns-is-layout-flex\">\n<div class=\"wp-block-column is-layout-flow wp-block-column-is-layout-flow\" style=\"flex-basis:30%\"><\/div>\n\n\n\n<div class=\"wp-block-column is-layout-flow wp-block-column-is-layout-flow\" style=\"flex-basis:80%\">\n<h2 class=\"wp-block-heading has-text-align-center alignwide has-white-color has-text-color has-large-font-size\" style=\"line-height:1.2\"><strong>Escolha o extrator que melhor se adapta \u00e0s suas necessidades e \u00e0s da sua fam\u00edlia juntamente com o seu consultor de confian\u00e7a e em breve ter\u00e1 o seu novo Hurom \u00e0 sua disposi\u00e7\u00e3o.\u200b<\/strong><\/h2>\n\n\n\n<p class=\"has-text-align-center\">SELECIONE A DATA E HOR\u00c1RIO MAIS CONVENIENTE PARA VOC\u00ca, NO CALEND\u00c1RIO E A LIA ENTRAR\u00c1 EM CONTATO<\/p>\n<\/div>\n\n\n\n<div class=\"wp-block-column is-layout-flow wp-block-column-is-layout-flow\" style=\"flex-basis:30%\"><\/div>\n<\/div>\n<\/div><\/div>\n\n<div class=\"wp-block-group alignfull has-global-padding is-layout-constrained wp-container-core-group-is-layout-d53f0d15 wp-block-group-is-layout-constrained\" style=\"padding-top:64px;padding-right:20px;padding-bottom:64px;padding-left:20px\">\n<div class=\"wp-block-group is-vertical is-content-justification-left is-layout-flex wp-container-core-group-is-layout-a46a9c02 wp-block-group-is-layout-flex\">\n<h3 class=\"wp-block-heading has-text-align-center\">PERGUNTAS FREQUENTES\u200b<\/h3>\n\n\n\n<div class=\"wp-block-group has-global-padding is-layout-constrained wp-container-core-group-is-layout-9843040e wp-block-group-is-layout-constrained\">\n<p class=\"has-text-color\" style=\"color:#555555\">Abaixo voc\u00ea encontrar\u00e1 uma s\u00e9rie de perguntas frequentes que coletamos sobre este SERVI\u00c7O DE CONSULTORIA GRATUITO<\/p>\n<\/div>\n<\/div>\n\n\n\n<div class=\"wp-block-columns is-layout-flex wp-container-core-columns-is-layout-28f84493 wp-block-columns-is-layout-flex\">\n<div class=\"wp-block-column is-layout-flow wp-container-core-column-is-layout-6eecc127 wp-block-column-is-layout-flow\" style=\"border-style:none;border-width:0px\">\n<div class=\"wp-block-columns is-layout-flex wp-container-core-columns-is-layout-28f84493 wp-block-columns-is-layout-flex\">\n<div class=\"wp-block-column is-layout-flow wp-block-column-is-layout-flow\">\n<p><br\/><strong>Como posso marcar uma consulta telef\u00f3nica personalizada?<\/strong><\/p>\n<\/div>\n\n\n\n<div class=\"wp-block-column is-layout-flow wp-block-column-is-layout-flow\">\n<p>Selecione no calend\u00e1rio a data e hor\u00e1rio que mais lhe convier, preencha o formul\u00e1rio com as informa\u00e7\u00f5es necess\u00e1rias e pronto! Voc\u00ea receber\u00e1 um e-mail com o resumo da sua reserva: reserve esse momento e fique \u00e0 vontade, Lia ir\u00e1 apresent\u00e1-lo ao emocionante mundo de Hurom. <\/p>\n<\/div>\n<\/div>\n\n\n\n<hr class=\"wp-block-separator has-text-color has-alpha-channel-opacity has-background is-style-default\" style=\"background-color:#e7e7e7;color:#e7e7e7\"\/>\n\n\n\n<div class=\"wp-block-columns is-layout-flex wp-container-core-columns-is-layout-28f84493 wp-block-columns-is-layout-flex\">\n<div class=\"wp-block-column is-layout-flow wp-block-column-is-layout-flow\">\n<p><strong>O que acontecer\u00e1 no dia da consulta telef\u00f4nica personalizada?<\/strong><\/p>\n<\/div>\n\n\n\n<div class=\"wp-block-column is-layout-flow wp-block-column-is-layout-flow\">\n<p>Lia entrar\u00e1 em contato com voc\u00ea, ouvir\u00e1 suas solicita\u00e7\u00f5es e tirar\u00e1 todas as suas d\u00favidas: n\u00e3o h\u00e1 compromisso de sua parte e voc\u00ea tamb\u00e9m poder\u00e1 manter contato com ela para saber mais sobre a experi\u00eancia Hurom no futuro.<\/p>\n<\/div>\n<\/div>\n\n\n\n<hr class=\"wp-block-separator has-text-color has-alpha-channel-opacity has-background is-style-default\" style=\"background-color:#e7e7e7;color:#e7e7e7\"\/>\n\n\n\n<div class=\"wp-block-columns is-layout-flex wp-container-core-columns-is-layout-28f84493 wp-block-columns-is-layout-flex\">\n<div class=\"wp-block-column is-layout-flow wp-block-column-is-layout-flow\">\n<p><strong>O que acontece se eu n\u00e3o conseguir receber a chamada ou perd\u00ea-la?<\/strong><\/p>\n<\/div>\n\n\n\n<div class=\"wp-block-column is-layout-flow wp-block-column-is-layout-flow\">\n<p>Sem problemas! Lia tentar\u00e1 entrar em contato com voc\u00ea pela primeira vez por telefone. Em caso de tentativa fracassada, voc\u00ea receber\u00e1 uma mensagem de texto ou WhatsApp dela para que possam agendar uma segunda liga\u00e7\u00e3o juntos ou um m\u00e9todo diferente de contato entre voc\u00eas.  <\/p>\n<\/div>\n<\/div>\n\n\n\n<hr class=\"wp-block-separator has-text-color has-alpha-channel-opacity has-background is-style-default\" style=\"background-color:#e7e7e7;color:#e7e7e7\"\/>\n\n\n\n<div class=\"wp-block-columns is-layout-flex wp-container-core-columns-is-layout-28f84493 wp-block-columns-is-layout-flex\">\n<div class=\"wp-block-column is-layout-flow wp-block-column-is-layout-flow\">\n<p><strong>O aconselhamento telef\u00f4nico personalizado me custa?<\/strong><\/p>\n<\/div>\n\n\n\n<div class=\"wp-block-column is-layout-flow wp-block-column-is-layout-flow\">\n<p>Absolutamente n\u00e3o. A liga\u00e7\u00e3o \u00e9 totalmente gratuita para voc\u00ea. <\/p>\n<\/div>\n<\/div>\n\n\n\n<hr class=\"wp-block-separator has-text-color has-alpha-channel-opacity has-background is-style-default\" style=\"background-color:#e7e7e7;color:#e7e7e7\"\/>\n\n\n\n<div class=\"wp-block-columns is-layout-flex wp-container-core-columns-is-layout-28f84493 wp-block-columns-is-layout-flex\">\n<div class=\"wp-block-column is-layout-flow wp-block-column-is-layout-flow\">\n<p><strong>Posso entrar em contato direto com Lia?<\/strong><\/p>\n<\/div>\n\n\n\n<div class=\"wp-block-column is-layout-flow wp-block-column-is-layout-flow\">\n<p>Claro! Envie um email para <a href=\"mailto:asistencia@hurom.es\">assist@hurom.es<\/a> e Lia responder\u00e1 \u00e0 sua consulta por email. <\/p>\n<\/div>\n<\/div>\n<\/div>\n<\/div>\n<\/div>\n","protected":false},"excerpt":{"rendered":"<p>Conselhos sobre extratores de suco Agende uma consulta telef\u00f4nica gratuita e personalizada com um consultor Hurom Selecione a data e hor\u00e1rio mais conveniente no calend\u00e1rio e Lia ligar\u00e1 para voc\u00ea para inform\u00e1-lo e tirar suas d\u00favidas sobre nossos extratores e o mundo dos extratos de frutas e vegetais. Conselheiro Hurom Experimente e descubra a solu\u00e7\u00e3o [&hellip;]<\/p>\n","protected":false},"author":1,"featured_media":0,"parent":0,"menu_order":20,"comment_status":"closed","ping_status":"closed","template":"template-canvas.php","meta":{"footnotes":""},"class_list":["post-33721","page","type-page","status-publish","hentry"],"_links":{"self":[{"href":"https:\/\/hurom.es\/pt-pt\/wp-json\/wp\/v2\/pages\/33721","targetHints":{"allow":["GET"]}}],"collection":[{"href":"https:\/\/hurom.es\/pt-pt\/wp-json\/wp\/v2\/pages"}],"about":[{"href":"https:\/\/hurom.es\/pt-pt\/wp-json\/wp\/v2\/types\/page"}],"author":[{"embeddable":true,"href":"https:\/\/hurom.es\/pt-pt\/wp-json\/wp\/v2\/users\/1"}],"replies":[{"embeddable":true,"href":"https:\/\/hurom.es\/pt-pt\/wp-json\/wp\/v2\/comments?post=33721"}],"version-history":[{"count":2,"href":"https:\/\/hurom.es\/pt-pt\/wp-json\/wp\/v2\/pages\/33721\/revisions"}],"predecessor-version":[{"id":33723,"href":"https:\/\/hurom.es\/pt-pt\/wp-json\/wp\/v2\/pages\/33721\/revisions\/33723"}],"wp:attachment":[{"href":"https:\/\/hurom.es\/pt-pt\/wp-json\/wp\/v2\/media?parent=33721"}],"curies":[{"name":"wp","href":"https:\/\/api.w.org\/{rel}","templated":true}]}}