{"id":33827,"date":"2023-12-02T13:14:34","date_gmt":"2023-12-02T12:14:34","guid":{"rendered":"https:\/\/hurom.es\/zumos-de-frutas-y-verduras-frescas\/"},"modified":"2025-03-05T10:36:07","modified_gmt":"2025-03-05T09:36:07","slug":"zumos-de-frutas-y-verduras-frescas","status":"publish","type":"product","link":"https:\/\/hurom.es\/ca\/zumos-de-frutas-y-verduras-frescas\/","title":{"rendered":"Sucs de fruites i vegetais frescos"},"content":{"rendered":"\n<h3 class=\"wp-block-heading\">Melhore sua dieta<\/h3>\n\n<p>Nossa dieta di\u00e0ria \u00e9s cada vegada m\u00e9s <strong>deficient en vitamines i minerais<\/strong>. De forma sint\u00e8tica, m\u00e9s detallada i profunda, aquest volum explica com com <strong>summes de fruites i extratos de plantes<\/strong> \u00e9 poss\u00edvel recuperar subst\u00e2ncias de vital import\u00e2ncia i <strong>regeneradores per a sa\u00fade<\/strong>, tudo com um <strong>m\u00ednim esfor\u00e7<\/strong> d&#8217;assimila\u00e7\u00e3o p\u00e8l nosso organisme.<\/p>\n","protected":false},"excerpt":{"rendered":"<div class=\"et_pb_module et_pb_wc_description et_pb_wc_description_0_tb_body et_pb_bg_layout_light et_pb_text_align_left\">\n<div class=\"et_pb_module_inner\"><strong>\u201cJocs de fruites i vegetais frescos\u201d<\/strong> apresenta muitas receptes saud\u00e1veis \u200b\u200be saboroses que prop\u00f5em ingredients vegans, com algumas concess\u00f5es al leite de cabra cru i outros ingredients especials. O text tamb\u00e9 ofereix in\u00fameres i interessants <strong>tabeles nutricionais<\/strong> i um vademecum exclusiu de jugos recomanats per a diverses doen\u00e7as, apresentats em uma <strong>tabela<\/strong> de f\u00e0cil consulta. Aquest llibre explica com com jugos de fruites i extratos de plantes \u00e9 poss\u00edvel recuperar subst\u00e2ncias de vital import\u00e2ncia i regeneradores per aa sa\u00fade.  <\/div>\n<\/div>\n","protected":false},"featured_media":32124,"comment_status":"closed","ping_status":"closed","template":"","meta":[],"product_brand":[],"product_cat":[224],"product_tag":[],"class_list":{"0":"post-33827","1":"product","2":"type-product","3":"status-publish","4":"has-post-thumbnail","6":"product_cat-libros-ca","8":"first","9":"instock","10":"taxable","11":"shipping-taxable","12":"purchasable","13":"product-type-simple"},"_links":{"self":[{"href":"https:\/\/hurom.es\/ca\/wp-json\/wp\/v2\/product\/33827","targetHints":{"allow":["GET"]}}],"collection":[{"href":"https:\/\/hurom.es\/ca\/wp-json\/wp\/v2\/product"}],"about":[{"href":"https:\/\/hurom.es\/ca\/wp-json\/wp\/v2\/types\/product"}],"replies":[{"embeddable":true,"href":"https:\/\/hurom.es\/ca\/wp-json\/wp\/v2\/comments?post=33827"}],"wp:featuredmedia":[{"embeddable":true,"href":"https:\/\/hurom.es\/ca\/wp-json\/wp\/v2\/media\/32124"}],"wp:attachment":[{"href":"https:\/\/hurom.es\/ca\/wp-json\/wp\/v2\/media?parent=33827"}],"wp:term":[{"taxonomy":"product_brand","embeddable":true,"href":"https:\/\/hurom.es\/ca\/wp-json\/wp\/v2\/product_brand?post=33827"},{"taxonomy":"product_cat","embeddable":true,"href":"https:\/\/hurom.es\/ca\/wp-json\/wp\/v2\/product_cat?post=33827"},{"taxonomy":"product_tag","embeddable":true,"href":"https:\/\/hurom.es\/ca\/wp-json\/wp\/v2\/product_tag?post=33827"}],"curies":[{"name":"wp","href":"https:\/\/api.w.org\/{rel}","templated":true}]}}