{"id":33790,"date":"2023-12-02T13:14:34","date_gmt":"2023-12-02T12:14:34","guid":{"rendered":"https:\/\/hurom.es\/botella-termica-hurom-330-ml\/"},"modified":"2025-03-04T15:38:51","modified_gmt":"2025-03-04T14:38:51","slug":"botella-termica-hurom-330-ml","status":"publish","type":"product","link":"https:\/\/hurom.es\/ca\/botella-termica-hurom-330-ml\/","title":{"rendered":"Garrafa T\u00e8rmica \u2013 Capacidade 330 ml"},"content":{"rendered":"","protected":false},"excerpt":{"rendered":"<p>Garrafa T\u00e8rmica \u2013 Capacidade 330 ml<\/p>\n<p>Mant\u00e9m <strong>quente per lligar 6 hores <\/strong>i <strong>fred per lligar 10 hores.<\/p>\n<p><\/strong>Vaig ser pensat per a voler preparar el seu propi <strong>extracte<\/strong> a casa i <strong>llev\u00e0-ho<\/strong> durant el dia, per\u00f2 tamb\u00e9 ideal per als amants del x\u00e0, del caf\u00e8 i de qualsevol altre tipus de beguda.<\/p>\n<p>Disposable en el <strong>seu<\/strong> ou <strong>branc<\/strong>, com un meravell\u00f3s acabament <strong>fosc<\/strong>, a garrafa t\u00e8rmica em <strong>a\u00e7o<\/strong> Hurom \u00e9s una combinaci\u00f3 de desempenho i alt <strong>design<\/strong>.<\/p>\n","protected":false},"featured_media":32028,"comment_status":"closed","ping_status":"closed","template":"","meta":[],"product_brand":[],"product_cat":[213],"product_tag":[],"class_list":{"0":"post-33790","1":"product","2":"type-product","3":"status-publish","4":"has-post-thumbnail","6":"product_cat-accesorios-ca","8":"first","9":"instock","10":"taxable","11":"shipping-taxable","12":"purchasable","13":"product-type-variable"},"_links":{"self":[{"href":"https:\/\/hurom.es\/ca\/wp-json\/wp\/v2\/product\/33790","targetHints":{"allow":["GET"]}}],"collection":[{"href":"https:\/\/hurom.es\/ca\/wp-json\/wp\/v2\/product"}],"about":[{"href":"https:\/\/hurom.es\/ca\/wp-json\/wp\/v2\/types\/product"}],"replies":[{"embeddable":true,"href":"https:\/\/hurom.es\/ca\/wp-json\/wp\/v2\/comments?post=33790"}],"wp:featuredmedia":[{"embeddable":true,"href":"https:\/\/hurom.es\/ca\/wp-json\/wp\/v2\/media\/32028"}],"wp:attachment":[{"href":"https:\/\/hurom.es\/ca\/wp-json\/wp\/v2\/media?parent=33790"}],"wp:term":[{"taxonomy":"product_brand","embeddable":true,"href":"https:\/\/hurom.es\/ca\/wp-json\/wp\/v2\/product_brand?post=33790"},{"taxonomy":"product_cat","embeddable":true,"href":"https:\/\/hurom.es\/ca\/wp-json\/wp\/v2\/product_cat?post=33790"},{"taxonomy":"product_tag","embeddable":true,"href":"https:\/\/hurom.es\/ca\/wp-json\/wp\/v2\/product_tag?post=33790"}],"curies":[{"name":"wp","href":"https:\/\/api.w.org\/{rel}","templated":true}]}}