{"id":33732,"date":"2023-12-02T13:15:37","date_gmt":"2023-12-02T12:15:37","guid":{"rendered":"https:\/\/hurom.es\/hurom-s13\/"},"modified":"2025-03-07T09:23:41","modified_gmt":"2025-03-07T08:23:41","slug":"hurom-s13","status":"publish","type":"product","link":"https:\/\/hurom.es\/ca\/hurom-s13\/","title":{"rendered":"Extrator de suc Hurom S13"},"content":{"rendered":"\n<div class=\"wp-block-group alignfull has-tertiary-background-color has-background has-global-padding is-content-justification-center is-layout-constrained wp-container-core-group-is-layout-6190183f wp-block-group-is-layout-constrained\" style=\"padding-top:64px;padding-right:20px;padding-bottom:64px;padding-left:20px\">\n<div class=\"wp-block-columns are-vertically-aligned-center is-layout-flex wp-container-core-columns-is-layout-0485a0e3 wp-block-columns-is-layout-flex\" style=\"margin-top:0;margin-bottom:0;padding-top:0;padding-right:0;padding-bottom:0;padding-left:0\">\n<div class=\"wp-block-column is-vertically-aligned-center has-global-padding is-layout-constrained wp-container-core-column-is-layout-e804803e wp-block-column-is-layout-constrained\" style=\"padding-top:0;padding-right:0;padding-bottom:0;padding-left:0\">\n<h2 class=\"wp-block-heading has-text-align-center has-contrast-color has-text-color\" style=\"font-size:clamp(22.041px, 1.378rem + ((1vw - 3.2px) * 1.604), 36px);\">L&#8217;extractor essencial per obtenir un excel\u00b7lent suc natural a casa<\/h2>\n\n\n\n<h3 class=\"wp-block-heading has-text-align-center\" style=\"font-size:clamp(14px, 0.875rem + ((1vw - 3.2px) * 0.46), 18px);\">TOT EL QUE NECESSITES PER GAUDIR DE L&#8217;EXPERI\u00c8NCIA DEL PREMSAT EN FRED<\/h3>\n\n\n\n<p class=\"has-text-align-center\">La <strong>s\u00e8rie b\u00e0sica Hurom S13 <\/strong>cont\u00e9 tots els elements essencials que fan que els extractors Hurom siguin excepcionals en un producte compacte i senzill: <strong>la tecnologia patentada Slow Squeeze de Hurom<\/strong>, filtre fi, tremuja doble c\u00f2moda, c\u00e0mera gran de 500 ml i bot\u00f3 d&#8217;operaci\u00f3 amb un sol toc.<\/p>\n\n\n\n<p class=\"has-text-align-center\">Aquest extractor lent \u00e9s espectacular i t&#8217;ofereix sucs premsats en fred d&#8217;alta qualitat des de la comoditat de casa teva.<\/p>\n<\/div>\n<\/div>\n<\/div>\n\n<figure class=\"wp-block-image size-large\"><img fetchpriority=\"high\" decoding=\"async\" width=\"1024\" height=\"683\" src=\"https:\/\/hurom.es\/wp-content\/uploads\/2024\/02\/hurom-s13-estrattore-serie-basic-1024x683.jpg\" alt=\"\" class=\"wp-image-29610\" title=\"\" srcset=\"https:\/\/hurom.es\/wp-content\/uploads\/2024\/02\/hurom-s13-estrattore-serie-basic-1024x683.jpg 1024w, https:\/\/hurom.es\/wp-content\/uploads\/2024\/02\/hurom-s13-estrattore-serie-basic-300x200.jpg 300w, https:\/\/hurom.es\/wp-content\/uploads\/2024\/02\/hurom-s13-estrattore-serie-basic-768x512.jpg 768w, https:\/\/hurom.es\/wp-content\/uploads\/2024\/02\/hurom-s13-estrattore-serie-basic-1536x1024.jpg 1536w, https:\/\/hurom.es\/wp-content\/uploads\/2024\/02\/hurom-s13-estrattore-serie-basic-990x660.jpg 990w, https:\/\/hurom.es\/wp-content\/uploads\/2024\/02\/hurom-s13-estrattore-serie-basic-441x294.jpg 441w, https:\/\/hurom.es\/wp-content\/uploads\/2024\/02\/hurom-s13-estrattore-serie-basic-600x400.jpg 600w, https:\/\/hurom.es\/wp-content\/uploads\/2024\/02\/hurom-s13-estrattore-serie-basic-150x100.jpg 150w, https:\/\/hurom.es\/wp-content\/uploads\/2024\/02\/hurom-s13-estrattore-serie-basic.jpg 1920w\" sizes=\"(max-width: 1024px) 100vw, 1024px\" \/><\/figure>\n","protected":false},"excerpt":{"rendered":"<ul>\n<li>Velocitat de rotaci\u00f3 lenta de <strong>70 voltes per minut<\/strong><\/li>\n<li>Capacitat de la <strong>gerra de 500 ml<\/strong><\/li>\n<li><strong>Cargol de premsat d&#8217;alta resist\u00e8ncia<\/strong><\/li>\n<li>Filtre fi per <strong>separar els materials s\u00f2lids <\/strong>del suc<\/li>\n<li><strong>Tap de suc<\/strong> vers\u00e0til per a m\u00e9s comoditat<\/li>\n<li><strong>Motor AC silenci\u00f3s i amb poques vibracions<\/strong><\/li>\n<li><strong>Extractor per a fruites i verdures amb garantia de 10 anys en el motor<\/strong><\/li>\n<\/ul>\n","protected":false},"featured_media":34901,"comment_status":"closed","ping_status":"closed","template":"","meta":[],"product_brand":[],"product_cat":[162],"product_tag":[164],"class_list":{"0":"post-33732","1":"product","2":"type-product","3":"status-publish","4":"has-post-thumbnail","6":"product_cat-extractores-de-zumo-ca","7":"product_tag-navidad-ca","9":"first","10":"outofstock","11":"taxable","12":"shipping-taxable","13":"purchasable","14":"product-type-simple"},"_links":{"self":[{"href":"https:\/\/hurom.es\/ca\/wp-json\/wp\/v2\/product\/33732","targetHints":{"allow":["GET"]}}],"collection":[{"href":"https:\/\/hurom.es\/ca\/wp-json\/wp\/v2\/product"}],"about":[{"href":"https:\/\/hurom.es\/ca\/wp-json\/wp\/v2\/types\/product"}],"replies":[{"embeddable":true,"href":"https:\/\/hurom.es\/ca\/wp-json\/wp\/v2\/comments?post=33732"}],"wp:featuredmedia":[{"embeddable":true,"href":"https:\/\/hurom.es\/ca\/wp-json\/wp\/v2\/media\/34901"}],"wp:attachment":[{"href":"https:\/\/hurom.es\/ca\/wp-json\/wp\/v2\/media?parent=33732"}],"wp:term":[{"taxonomy":"product_brand","embeddable":true,"href":"https:\/\/hurom.es\/ca\/wp-json\/wp\/v2\/product_brand?post=33732"},{"taxonomy":"product_cat","embeddable":true,"href":"https:\/\/hurom.es\/ca\/wp-json\/wp\/v2\/product_cat?post=33732"},{"taxonomy":"product_tag","embeddable":true,"href":"https:\/\/hurom.es\/ca\/wp-json\/wp\/v2\/product_tag?post=33732"}],"curies":[{"name":"wp","href":"https:\/\/api.w.org\/{rel}","templated":true}]}}