{"id":34131,"date":"2023-12-15T18:48:48","date_gmt":"2023-12-15T17:48:48","guid":{"rendered":"https:\/\/hurom.es\/compara-los-extractores-de-jugo-hurom\/"},"modified":"2025-03-10T12:42:20","modified_gmt":"2025-03-10T11:42:20","slug":"compara-los-extractores-de-jugo-hurom","status":"publish","type":"page","link":"https:\/\/hurom.es\/ca\/compara-los-extractores-de-jugo-hurom\/","title":{"rendered":"Compara els Extractors de suc Hurom"},"content":{"rendered":"\n<h2 class=\"wp-block-heading\">Extractor de Suc: quin triar, qu\u00e8 \u00e9s i com funciona<\/h2>\n\n<h3 class=\"wp-block-heading\"><strong><strong>No \u00e9s nom\u00e9s un electrodom\u00e8stic<br\/><br\/><\/strong><\/strong><\/h3>\n\n<p>Un extractor de suc \u00e9s un electrodom\u00e8stic utilitzat per extreure el suc de fruites i verdures que, treballant a baixa velocitat, no compromet les propietats nutricionals dels aliments. El suc obtingut \u00e9s un extracte viu, font d\u2019energia, vitamines i antioxidants preuats per al nostre organisme. Nutricionistes i dietistes coincideixen en la import\u00e0ncia de consumir 5 racions de fruites i verdures al dia, i la FAO (Food and Agriculture Organization) recomana consumir-ne uns 400 g al dia. Per\u00f2 quants de nosaltres, atrapats en el fren\u00e8tic ritme del dia a dia, ho aconseguim?   <\/p>\n\n<h3 class=\"wp-block-heading\"><strong>Els extractors de<\/strong> suc<\/h3>\n\n<p>Aqu\u00ed \u00e9s on entren en joc els extractes, grans aliats per a la nostra salut i la necessitat de prendre la quantitat correcta de nutrients. D\u2019una banda, els extractes de fruites i verdures poden enriquir la nostra dieta, i de l\u2019altra, tamb\u00e9 s\u00f3n una manera r\u00e0pida d\u2019integrar tots els nutrients necessaris a la nostra alimentaci\u00f3. Especialment quan no tenim temps per a un \u00e0pat saludable, un extracte de fruites i verdures en forma de suc representa una alternativa f\u00e0cil d&#8217;assimilar i digerir, i molt m\u00e9s saludable que qualsevol menjar r\u00e0pid. A m\u00e9s, ajuden a aportar al cos els l\u00edquids necessaris i s\u00f3n aptes per a totes les edats: els nens beuran verdures que probablement no menjarien mai, i les persones grans no tindran dificultat per prendre\u2019l, ja que no requereix masticaci\u00f3.<br\/>At\u00e8s que aquesta tecnologia \u00e9s realment revolucion\u00e0ria, com podem escollir el model adequat entre tots els extractors disponibles al mercat?    <\/p>\n\n<h2 class=\"wp-block-heading\">Compara els Extractors de suc Hurom per mida i capacitat<br\/><br\/><\/h2>\n\n<h3 class=\"wp-block-heading has-x-large-font-size\">Dimensions<\/h3>\n\n<p>Abans d\u2019escollir el teu extractor, fes una ullada a la teva cuina per veure quant espai tens disponible. L\u2019ideal \u00e9s trobar un espai on deixar-lo muntat per poder utilitzar-lo di\u00e0riament. <\/p>\n\n<p><strong>Tots els extractors Hurom s\u00f3n verticals<\/strong>, de manera que s\u00f3n m\u00e9s compactes que els models d\u2019altres marques. A continuaci\u00f3, pots veure una comparaci\u00f3 de les seves dimensions.<\/p>\n\n<div class=\"wp-block-columns is-layout-flex wp-container-core-columns-is-layout-28f84493 wp-block-columns-is-layout-flex\">\n<div class=\"wp-block-column is-vertically-aligned-bottom is-layout-flow wp-block-column-is-layout-flow\" style=\"flex-basis:20%\">\n<figure class=\"wp-block-image aligncenter size-full is-resized\"><img fetchpriority=\"high\" decoding=\"async\" width=\"457\" height=\"1024\" src=\"https:\/\/hurom.es\/wp-content\/uploads\/2024\/02\/hurom_extractores_jugos-2-457x1024-1.webp\" alt=\"\" class=\"wp-image-29742\" style=\"width:auto;height:195px\" title=\"\" srcset=\"https:\/\/hurom.es\/wp-content\/uploads\/2024\/02\/hurom_extractores_jugos-2-457x1024-1.webp 457w, https:\/\/hurom.es\/wp-content\/uploads\/2024\/02\/hurom_extractores_jugos-2-457x1024-1-134x300.webp 134w, https:\/\/hurom.es\/wp-content\/uploads\/2024\/02\/hurom_extractores_jugos-2-457x1024-1-441x988.webp 441w, https:\/\/hurom.es\/wp-content\/uploads\/2024\/02\/hurom_extractores_jugos-2-457x1024-1-150x336.webp 150w\" sizes=\"(max-width: 457px) 100vw, 457px\" \/><\/figure>\n\n\n\n<h4 class=\"wp-block-heading has-text-align-center\">H310A<\/h4>\n<\/div>\n\n\n\n<div class=\"wp-block-column is-vertically-aligned-bottom is-layout-flow wp-block-column-is-layout-flow\" style=\"flex-basis:25%\">\n<figure class=\"wp-block-image aligncenter size-full is-resized\"><img decoding=\"async\" width=\"497\" height=\"1024\" src=\"https:\/\/hurom.es\/wp-content\/uploads\/2024\/02\/hurom_extractores_jugos-4-497x1024-1.webp\" alt=\"\" class=\"wp-image-29743\" style=\"width:auto;height:262px\" title=\"\" srcset=\"https:\/\/hurom.es\/wp-content\/uploads\/2024\/02\/hurom_extractores_jugos-4-497x1024-1.webp 497w, https:\/\/hurom.es\/wp-content\/uploads\/2024\/02\/hurom_extractores_jugos-4-497x1024-1-146x300.webp 146w, https:\/\/hurom.es\/wp-content\/uploads\/2024\/02\/hurom_extractores_jugos-4-497x1024-1-441x909.webp 441w, https:\/\/hurom.es\/wp-content\/uploads\/2024\/02\/hurom_extractores_jugos-4-497x1024-1-150x309.webp 150w\" sizes=\"(max-width: 497px) 100vw, 497px\" \/><\/figure>\n\n\n\n<h4 class=\"wp-block-heading has-text-align-center\">H330P<\/h4>\n<\/div>\n\n\n\n<div class=\"wp-block-column is-vertically-aligned-bottom is-layout-flow wp-block-column-is-layout-flow\" style=\"flex-basis:25%\">\n<figure class=\"wp-block-image aligncenter size-full is-resized\"><img decoding=\"async\" width=\"380\" height=\"1024\" src=\"https:\/\/hurom.es\/wp-content\/uploads\/2024\/02\/hurom_extractores_jugos-7-380x1024-1.webp\" alt=\"\" class=\"wp-image-29745\" style=\"width:auto;height:271px\" title=\"\" srcset=\"https:\/\/hurom.es\/wp-content\/uploads\/2024\/02\/hurom_extractores_jugos-7-380x1024-1.webp 380w, https:\/\/hurom.es\/wp-content\/uploads\/2024\/02\/hurom_extractores_jugos-7-380x1024-1-111x300.webp 111w, https:\/\/hurom.es\/wp-content\/uploads\/2024\/02\/hurom_extractores_jugos-7-380x1024-1-150x404.webp 150w\" sizes=\"(max-width: 380px) 100vw, 380px\" \/><\/figure>\n\n\n\n<h4 class=\"wp-block-heading has-text-align-center\">H400<\/h4>\n<\/div>\n\n\n\n<div class=\"wp-block-column is-vertically-aligned-bottom is-layout-flow wp-block-column-is-layout-flow\" style=\"flex-basis:30%\">\n<figure class=\"wp-block-image aligncenter size-full is-resized\"><img loading=\"lazy\" decoding=\"async\" width=\"822\" height=\"1024\" src=\"https:\/\/hurom.es\/wp-content\/uploads\/2024\/02\/hurom_extractores_jugos-6-822x1024-1.webp\" alt=\"\" class=\"wp-image-29744\" style=\"width:auto;height:290px\" title=\"\" srcset=\"https:\/\/hurom.es\/wp-content\/uploads\/2024\/02\/hurom_extractores_jugos-6-822x1024-1.webp 822w, https:\/\/hurom.es\/wp-content\/uploads\/2024\/02\/hurom_extractores_jugos-6-822x1024-1-241x300.webp 241w, https:\/\/hurom.es\/wp-content\/uploads\/2024\/02\/hurom_extractores_jugos-6-822x1024-1-768x957.webp 768w, https:\/\/hurom.es\/wp-content\/uploads\/2024\/02\/hurom_extractores_jugos-6-822x1024-1-441x549.webp 441w, https:\/\/hurom.es\/wp-content\/uploads\/2024\/02\/hurom_extractores_jugos-6-822x1024-1-600x747.webp 600w, https:\/\/hurom.es\/wp-content\/uploads\/2024\/02\/hurom_extractores_jugos-6-822x1024-1-150x187.webp 150w\" sizes=\"(max-width: 822px) 100vw, 822px\" \/><\/figure>\n\n\n\n<h4 class=\"wp-block-heading has-text-align-center\">M100<\/h4>\n<\/div>\n<\/div>\n\n<figure class=\"wp-block-table is-style-regular\"><table class=\"has-background has-fixed-layout\" style=\"background-color:#f8faf5\"><thead><tr><th class=\"has-text-align-left\" data-align=\"left\">Model<\/th><th class=\"has-text-align-left\" data-align=\"left\">Longitud (mm)<\/th><th class=\"has-text-align-left\" data-align=\"left\">Profunditat (mm)<\/th><th class=\"has-text-align-left\" data-align=\"left\">Al\u00e7ada (mm)<\/th><\/tr><\/thead><tbody><tr><td class=\"has-text-align-left\" data-align=\"left\">H310A<\/td><td class=\"has-text-align-left\" data-align=\"left\">170<\/td><td class=\"has-text-align-left\" data-align=\"left\">160<\/td><td class=\"has-text-align-left\" data-align=\"left\">395<\/td><\/tr><tr><td class=\"has-text-align-left\" data-align=\"left\">H330P<\/td><td class=\"has-text-align-left\" data-align=\"left\">248<\/td><td class=\"has-text-align-left\" data-align=\"left\">223<\/td><td class=\"has-text-align-left\" data-align=\"left\">462<\/td><\/tr><tr><td class=\"has-text-align-left\" data-align=\"left\">H400<\/td><td class=\"has-text-align-left\" data-align=\"left\">169<\/td><td class=\"has-text-align-left\" data-align=\"left\">261<\/td><td class=\"has-text-align-left\" data-align=\"left\">471<\/td><\/tr><tr><td class=\"has-text-align-left\" data-align=\"left\">M100 (extractor)<\/td><td class=\"has-text-align-left\" data-align=\"left\">246<\/td><td class=\"has-text-align-left\" data-align=\"left\">296<\/td><td class=\"has-text-align-left\" data-align=\"left\">490<\/td><\/tr><tr><td class=\"has-text-align-left\" data-align=\"left\">M100 (batedora)<\/td><td class=\"has-text-align-left\" data-align=\"left\">186<\/td><td class=\"has-text-align-left\" data-align=\"left\">296<\/td><td class=\"has-text-align-left\" data-align=\"left\">528<\/td><\/tr><\/tbody><\/table><\/figure>\n\n<hr class=\"wp-block-separator has-alpha-channel-opacity\"\/>\n\n<div style=\"height:50px\" aria-hidden=\"true\" class=\"wp-block-spacer\"><\/div>\n\n<div class=\"wp-block-columns is-layout-flex wp-container-core-columns-is-layout-28f84493 wp-block-columns-is-layout-flex\">\n<div class=\"wp-block-column is-layout-flow wp-block-column-is-layout-flow\" style=\"flex-basis:50%\">\n<figure class=\"wp-block-image size-full\"><img loading=\"lazy\" decoding=\"async\" width=\"500\" height=\"500\" src=\"https:\/\/hurom.es\/wp-content\/uploads\/2024\/02\/bichieri-succo-hurom.webp\" alt=\"\" class=\"wp-image-29747\" title=\"\" srcset=\"https:\/\/hurom.es\/wp-content\/uploads\/2024\/02\/bichieri-succo-hurom.webp 500w, https:\/\/hurom.es\/wp-content\/uploads\/2024\/02\/bichieri-succo-hurom-300x300.webp 300w, https:\/\/hurom.es\/wp-content\/uploads\/2024\/02\/bichieri-succo-hurom-150x150.webp 150w, https:\/\/hurom.es\/wp-content\/uploads\/2024\/02\/bichieri-succo-hurom-441x441.webp 441w, https:\/\/hurom.es\/wp-content\/uploads\/2024\/02\/bichieri-succo-hurom-100x100.webp 100w\" sizes=\"(max-width: 500px) 100vw, 500px\" \/><\/figure>\n<\/div>\n\n\n\n<div class=\"wp-block-column is-layout-flow wp-block-column-is-layout-flow\" style=\"flex-basis:2%\"><\/div>\n\n\n\n<div class=\"wp-block-column is-vertically-aligned-center is-layout-flow wp-block-column-is-layout-flow\" style=\"flex-basis:48%\">\n<h3 class=\"wp-block-heading has-x-large-font-size\">Capacitat<\/h3>\n\n\n\n<h4 class=\"wp-block-heading has-medium-font-size\">Quants gots de suc vols preparar?<\/h4>\n\n\n\n<p>Aqu\u00ed t&#8217;indiquem quants gots de 250 ml es poden preparar amb cada extractor i la seva continu\u00eftat de treball (temps m\u00e0xim de funcionament sense sobreescalfament). <\/p>\n<\/div>\n<\/div>\n\n<div class=\"wp-block-columns is-layout-flex wp-container-core-columns-is-layout-28f84493 wp-block-columns-is-layout-flex\">\n<div class=\"wp-block-column is-layout-flow wp-block-column-is-layout-flow\">\n<figure class=\"wp-block-image aligncenter size-full is-resized\"><img loading=\"lazy\" decoding=\"async\" width=\"457\" height=\"1024\" src=\"https:\/\/hurom.es\/wp-content\/uploads\/2024\/02\/hurom_extractores_jugos-2-457x1024-1.webp\" alt=\"\" class=\"wp-image-29742\" style=\"width:auto;height:150px\" title=\"\" srcset=\"https:\/\/hurom.es\/wp-content\/uploads\/2024\/02\/hurom_extractores_jugos-2-457x1024-1.webp 457w, https:\/\/hurom.es\/wp-content\/uploads\/2024\/02\/hurom_extractores_jugos-2-457x1024-1-134x300.webp 134w, https:\/\/hurom.es\/wp-content\/uploads\/2024\/02\/hurom_extractores_jugos-2-457x1024-1-441x988.webp 441w, https:\/\/hurom.es\/wp-content\/uploads\/2024\/02\/hurom_extractores_jugos-2-457x1024-1-150x336.webp 150w\" sizes=\"(max-width: 457px) 100vw, 457px\" \/><\/figure>\n\n\n\n<h5 class=\"wp-block-heading has-text-align-center\">H310A: 3 GOTS<br\/><\/h5>\n\n\n\n<p class=\"has-text-align-center\">En cada c\u00e0rrega es genera 1 got, per\u00f2 pot funcionar entre 15 i 20 minuts, per la qual cosa es poden preparar 3 gots (3 c\u00e0rregues).<\/p>\n<\/div>\n\n\n\n<div class=\"wp-block-column is-layout-flow wp-block-column-is-layout-flow\">\n<figure class=\"wp-block-image aligncenter size-full is-resized\"><img loading=\"lazy\" decoding=\"async\" width=\"1024\" height=\"598\" src=\"https:\/\/hurom.es\/wp-content\/uploads\/2024\/02\/hurom_extractores_jugos-10-1024x598-1.webp\" alt=\"\" class=\"wp-image-29746\" style=\"width:auto;height:150px\" title=\"\" srcset=\"https:\/\/hurom.es\/wp-content\/uploads\/2024\/02\/hurom_extractores_jugos-10-1024x598-1.webp 1024w, https:\/\/hurom.es\/wp-content\/uploads\/2024\/02\/hurom_extractores_jugos-10-1024x598-1-300x175.webp 300w, https:\/\/hurom.es\/wp-content\/uploads\/2024\/02\/hurom_extractores_jugos-10-1024x598-1-768x449.webp 768w, https:\/\/hurom.es\/wp-content\/uploads\/2024\/02\/hurom_extractores_jugos-10-1024x598-1-990x578.webp 990w, https:\/\/hurom.es\/wp-content\/uploads\/2024\/02\/hurom_extractores_jugos-10-1024x598-1-441x258.webp 441w, https:\/\/hurom.es\/wp-content\/uploads\/2024\/02\/hurom_extractores_jugos-10-1024x598-1-600x350.webp 600w, https:\/\/hurom.es\/wp-content\/uploads\/2024\/02\/hurom_extractores_jugos-10-1024x598-1-150x88.webp 150w\" sizes=\"(max-width: 1024px) 100vw, 1024px\" \/><\/figure>\n\n\n\n<h5 class=\"wp-block-heading has-text-align-center\">H330P, H400, M100: 9 GOTS<br\/><\/h5>\n\n\n\n<p class=\"has-text-align-center\">Poden preparar fins a 3 gots per c\u00e0rrega i tenen una continu\u00eftat de treball de fins a 40 minuts, permetent preparar 9 gots (3 c\u00e0rregues).<\/p>\n<\/div>\n<\/div>\n","protected":false},"excerpt":{"rendered":"<p>Extractor de Suc: quin triar, qu\u00e8 \u00e9s i com funciona No \u00e9s nom\u00e9s un electrodom\u00e8stic Un extractor de suc \u00e9s un electrodom\u00e8stic utilitzat per extreure el suc de fruites i verdures que, treballant a baixa velocitat, no compromet les propietats nutricionals dels aliments. El suc obtingut \u00e9s un extracte viu, font d\u2019energia, vitamines i antioxidants [&hellip;]<\/p>\n","protected":false},"author":1,"featured_media":0,"parent":0,"menu_order":3,"comment_status":"closed","ping_status":"closed","template":"template-fullwidth.php","meta":{"footnotes":""},"class_list":["post-34131","page","type-page","status-publish","hentry"],"_links":{"self":[{"href":"https:\/\/hurom.es\/ca\/wp-json\/wp\/v2\/pages\/34131","targetHints":{"allow":["GET"]}}],"collection":[{"href":"https:\/\/hurom.es\/ca\/wp-json\/wp\/v2\/pages"}],"about":[{"href":"https:\/\/hurom.es\/ca\/wp-json\/wp\/v2\/types\/page"}],"author":[{"embeddable":true,"href":"https:\/\/hurom.es\/ca\/wp-json\/wp\/v2\/users\/1"}],"replies":[{"embeddable":true,"href":"https:\/\/hurom.es\/ca\/wp-json\/wp\/v2\/comments?post=34131"}],"version-history":[{"count":2,"href":"https:\/\/hurom.es\/ca\/wp-json\/wp\/v2\/pages\/34131\/revisions"}],"predecessor-version":[{"id":34135,"href":"https:\/\/hurom.es\/ca\/wp-json\/wp\/v2\/pages\/34131\/revisions\/34135"}],"wp:attachment":[{"href":"https:\/\/hurom.es\/ca\/wp-json\/wp\/v2\/media?parent=34131"}],"curies":[{"name":"wp","href":"https:\/\/api.w.org\/{rel}","templated":true}]}}