{"id":34008,"date":"2023-12-13T16:43:51","date_gmt":"2023-12-13T15:43:51","guid":{"rendered":"https:\/\/hurom.es\/pagos\/"},"modified":"2025-03-07T08:44:49","modified_gmt":"2025-03-07T07:44:49","slug":"pagos","status":"publish","type":"page","link":"https:\/\/hurom.es\/ca\/pagos\/","title":{"rendered":"M\u00e8todes de pagament"},"content":{"rendered":"\n<p>ITALJUICER S.R.L. oli pagaments com els seg\u00fcents m\u00e8todes: <\/p>\n\n<p><strong>Transfer\u00eancia Banc\u00e1ria<\/strong><\/p>\n\n<p>El formulari de comanda per a compres amb pagament mitjan\u00e7ant transfer\u00e8ncia banc\u00e0ria proporcionar\u00e0 les instruccions necess\u00e0ries per realitzar una transacci\u00f3 correcta.<\/p>\n\n<p>En cas de compra de productes amb targeta de cr\u00e8dit, en finalitzar la compra en l\u00ednia, rebr\u00e0s instruccions detallades per efectuar el pagament.<\/p>\n\n<p>El pagament ser\u00e0 net, per al beneficiari, de possibles despeses i costos a realitzar en un dels seg\u00fcents codis IBAN.<\/p>\n\n<p>Qualsevol despesa banc\u00e0ria, carregada al client pel seu propi banc, anir\u00e0 a c\u00e0rrec del client.<\/p>\n\n<p>En cas que, per qualsevol motiu, el c\u00e0rrec dels imports deguts pel client sigui impossible, el proc\u00e9s de compra es cancel\u00b7lar\u00e0 autom\u00e0ticament i la compra quedar\u00e0 anul\u00b7lada.<\/p>\n\n<p><strong>Targeta de cr\u00e8dit<\/strong><\/p>\n\n<p>ITALJUICER ESPA\u00d1A SL accepta pagaments amb targeta de cr\u00e8dit. El formulari de comanda per a compres amb targeta de cr\u00e8dit proporcionar\u00e0 les instruccions necess\u00e0ries per realitzar una transacci\u00f3 correcta.  <\/p>\n\n<p>En cas de compra de productes amb targeta de cr\u00e8dit, en finalitzar la compra en l\u00ednia, el banc de refer\u00e8ncia procedir\u00e0 a autoritzar l&#8217;import corresponent a la compra. <\/p>\n\n<p>En cas de desistiment per part del client o de no acceptaci\u00f3 de la comanda per part d\u2019ITALJUICER ESPA\u00d1A SL, aquesta \u00faltima cancel\u00b7lar\u00e0 la transacci\u00f3 i separar\u00e0 l&#8217;import a pagar. Per a alguns tipus de targetes, els temps de desbloqueig depenen exclusivament del sistema bancari i poden trigar fins a 24 dies des de la data d&#8217;autoritzaci\u00f3.  <\/p>\n\n<p>ITALJUICER ESPA\u00d1A SL es reserva el dret de carregar l&#8217;import de la comanda realitzada pel client a la seva targeta de cr\u00e8dit per evitar la caducitat de l&#8217;autoritzaci\u00f3 de la transacci\u00f3, que es produeix despr\u00e9s de 23 dies. <\/p>\n\n<p>ITALJUICER ESPA\u00d1A SL es reserva el dret de sol\u00b7licitar al client certa informaci\u00f3 (com ara un n\u00famero de tel\u00e8fon fix) o l\u2019enviament d\u2019una c\u00f2pia de documents que acreditin la titularitat de la targeta de cr\u00e8dit utilitzada. Si no es reben els documents sol\u00b7licitats, ITALJUICER ESPA\u00d1A SL es reserva el dret de no acceptar la comanda.  <\/p>\n\n<p>ITALJUICER ESPA\u00d1A SL no podr\u00e0 accedir en cap moment del proc\u00e9s de compra a les dades relatives a la targeta de cr\u00e8dit del comprador, ja que aquestes seran transmeses a trav\u00e9s d&#8217;una connexi\u00f3 segura directament per l&#8217;entitat banc\u00e0ria que gestiona la transacci\u00f3. Aquestes dades no s&#8217;emmagatzemaran en cap arxiu inform\u00e0tic d\u2019ITALJUICER ESPA\u00d1A SL i, en cap cas, podr\u00e0 ser considerada responsable de l&#8217;\u00fas fraudulent o il\u00b7legal de targetes de cr\u00e8dit per part de tercers durant el pagament dels productes adquirits a la p\u00e0gina.  <\/p>\n\n<p>Finalment, en els casos en qu\u00e8 el client pagui amb targeta de cr\u00e8dit, ITALJUICER ESPA\u00d1A SL no ser\u00e0 responsable del resultat de la transacci\u00f3, que dep\u00e8n exclusivament de l&#8217;empresa que presta els serveis de pagament en l\u00ednia i que, en tot cas, ser\u00e0 triada entre els operadors m\u00e9s reconeguts del sector a nivell nacional. <\/p>\n\n<p>El client reconeix que la comanda i el seu pagament es realitzen a trav\u00e9s de xarxes i serveis de comunicaci\u00f3 electr\u00f2nica, el correcte funcionament dels quals est\u00e0 fora de l&#8217;abast d\u2019ITALJUICER ESPA\u00d1A SL, i no podr\u00e0 ser considerada responsable en cap cas de l&#8217;\u00fas fraudulent o il\u00b7legal de targetes de cr\u00e8dit per part de tercers durant el pagament dels productes adquirits a la p\u00e0gina. <\/p>\n\n<p><strong>PayPal<\/strong><\/p>\n\n<p>Si ja tens un compte de PayPal i decideixes comprar amb ell, despr\u00e9s de realitzar la teva comanda ser\u00e0s redirigit a una p\u00e0gina de pagament de PayPal (transacci\u00f3 segura protegida per SSL), on nom\u00e9s haur\u00e0s d&#8217;introduir les teves credencials d&#8217;inici de sessi\u00f3.<br\/>Si el pagament es realitza correctament, PayPal procedir\u00e0 immediatament a carregar a la teva compte l&#8217;import corresponent a la compra realitzada, enviant-nos la confirmaci\u00f3 de la comanda.  <\/p>\n\n<p>En cap moment del proc\u00e9s de compra podrem accedir a dades relatives a la teva targeta de cr\u00e8dit ni a altres dades introdu\u00efdes des del teu compte PayPal. <\/p>\n\n<p>En alguns casos, el nostre servei d&#8217;atenci\u00f3 al client pot posar-se en contacte amb tu i sol\u00b7licitar m\u00e9s informaci\u00f3 per confirmar la titularitat del teu compte PayPal. En aquest cas, els temps d&#8217;enviament dependran de la durada d&#8217;aquests controls.  <\/p>\n\n<p>En cas de revocaci\u00f3 del contracte i la conseg\u00fcent cancel\u00b7laci\u00f3 de la comanda, l&#8217;import corresponent a la compra realitzada es retornar\u00e0 peri\u00f2dicament al teu compte PayPal. Els m\u00e8todes de devoluci\u00f3 del pagament fet amb PayPal depenen exclusivament de PayPal. <\/p>\n\n<p><strong>Scalapay<\/strong><\/p>\n\n<p>El formulari de comanda per a compres amb Scalapay proporcionar\u00e0 les instruccions necess\u00e0ries per realitzar una transacci\u00f3 correcta.<br\/>Si compres amb Scalapay, reps la teva comanda immediatament i pagues en 3 terminis. Tingues en compte que les quotes seran cedides a Incremento SPV S.r.l., a entitats relacionades i als seus cessionaris, i que autoritzes aquesta cessi\u00f3.<br\/><br\/>  <\/p>\n\n<ul class=\"wp-block-list\">\n<li>Tria Scalapay en el moment de pagar: Paga amb Visa, Mastercard o Amex.<\/li>\n\n\n\n<li>Crea un compte en dos minuts: Registre gratu\u00eft i aprovaci\u00f3 instant\u00e0nia.<\/li>\n\n\n\n<li>Paga en 3 terminis, sense interessos: Rep la comanda immediatament i divideix l&#8217;import en 3 quotes mensuals c\u00f2modes, sense interessos.<\/li>\n<\/ul>\n\n<p><strong>Facturaci\u00f3<\/strong><\/p>\n\n<p>ITALJUICER ESPA\u00d1A SL emet una factura fiscal per a cada comanda enviada, enviant-la per correu postal al comprador, de conformitat amb l&#8217;article 14 del Decret Presidencial 445\/2000. Aquest document s&#8217;ha de conservar com a comprovant de compra en cas que s&#8217;hagin d&#8217;aplicar garanties.<br\/>La factura fiscal s&#8217;elaborar\u00e0 segons la informaci\u00f3 facilitada pel client en el formulari de comanda. Un cop emesa la factura fiscal, no ser\u00e0 possible fer modificacions en les dades que hi figuren.    <\/p>\n","protected":false},"excerpt":{"rendered":"<p>ITALJUICER S.R.L. oli pagaments com els seg\u00fcents m\u00e8todes: Transfer\u00eancia Banc\u00e1ria El formulari de comanda per a compres amb pagament mitjan\u00e7ant transfer\u00e8ncia banc\u00e0ria proporcionar\u00e0 les instruccions necess\u00e0ries per realitzar una transacci\u00f3 correcta. En cas de compra de productes amb targeta de cr\u00e8dit, en finalitzar la compra en l\u00ednia, rebr\u00e0s instruccions detallades per efectuar el pagament. El [&hellip;]<\/p>\n","protected":false},"author":1,"featured_media":0,"parent":0,"menu_order":105,"comment_status":"closed","ping_status":"closed","template":"","meta":{"footnotes":""},"class_list":["post-34008","page","type-page","status-publish","hentry"],"_links":{"self":[{"href":"https:\/\/hurom.es\/ca\/wp-json\/wp\/v2\/pages\/34008","targetHints":{"allow":["GET"]}}],"collection":[{"href":"https:\/\/hurom.es\/ca\/wp-json\/wp\/v2\/pages"}],"about":[{"href":"https:\/\/hurom.es\/ca\/wp-json\/wp\/v2\/types\/page"}],"author":[{"embeddable":true,"href":"https:\/\/hurom.es\/ca\/wp-json\/wp\/v2\/users\/1"}],"replies":[{"embeddable":true,"href":"https:\/\/hurom.es\/ca\/wp-json\/wp\/v2\/comments?post=34008"}],"version-history":[{"count":2,"href":"https:\/\/hurom.es\/ca\/wp-json\/wp\/v2\/pages\/34008\/revisions"}],"predecessor-version":[{"id":34014,"href":"https:\/\/hurom.es\/ca\/wp-json\/wp\/v2\/pages\/34008\/revisions\/34014"}],"wp:attachment":[{"href":"https:\/\/hurom.es\/ca\/wp-json\/wp\/v2\/media?parent=34008"}],"curies":[{"name":"wp","href":"https:\/\/api.w.org\/{rel}","templated":true}]}}