{"id":33972,"date":"2023-12-13T16:45:07","date_gmt":"2023-12-13T15:45:07","guid":{"rendered":"https:\/\/hurom.es\/condiciones-y-costos-de-envio\/"},"modified":"2025-03-06T12:05:51","modified_gmt":"2025-03-06T11:05:51","slug":"condiciones-y-costos-de-envio","status":"publish","type":"page","link":"https:\/\/hurom.es\/ca\/condiciones-y-costos-de-envio\/","title":{"rendered":"Condi\u00e7\u00f5es i custes d&#8217;enviament"},"content":{"rendered":"\n<h5 class=\"wp-block-heading\"><strong>M\u00e8tode d&#8217;enviament<\/strong><\/h5>\n\n<p>Tot just ser\u00e3o olis i poder\u00e3o ser processades encomanes com entrega en territori espanyol. Us enviaments ser\u00e3o feitos per correio. El client podr\u00e0 consultar o estar demanat a trav\u00e9s de la p\u00e0gina, en l&#8217;\u00e0rea reservada o hist\u00f2ric de compres.  <\/p>\n\n<h5 class=\"wp-block-heading\"><strong>Costos d&#8217;enviament<\/strong><\/h5>\n\n<p>Us custos de lliurament estan clarament especificats en p\u00e0gina i no text de comanda. O pagament dos productes adquirits en l\u00ednia p\u00e8l client ser\u00e0 efetuat a trav\u00e9s del m\u00e8tode escollit durant la comanda. O client n\u00e3o deve mais res em rela\u00e7\u00e3o al total de la comanda apresentada durant o procediment de compra.  <\/p>\n\n<h5 class=\"wp-block-heading\"><strong>Responsabilitat<\/strong><\/h5>\n\n<p>Nenhuma responsabilitat podr\u00e0 ser atribu\u00efda a ITALJUICER ESPA\u00d1A SL en cas d&#8217;endarreriment no processament de l&#8217;encomana o al lliurament del producte. A disposi\u00e7\u00e3o contratual d\u00f3na ITALJUICER ESPANYA SL. com o client acaba quando us produtos adquirits per aquest s\u00e3o lliuris per correio. A lliura dos productes per correio ser\u00e0 efectuada no r\u00e9s-do-ch\u00e3o de casa del client, excepte estipula\u00e7\u00e3o em contr\u00e1rio com o servi\u00e7o de recolzament al client o degut \u00e0s caracter\u00edstiques t\u00e8cniques del producte.   <\/p>\n\n<h5 class=\"wp-block-heading\"><strong>M\u00e8tode d&#8217;enviament i custes<\/strong><\/h5>\n\n<p>Quan o transportador lliurar o produir, o client haur\u00e0 de verificar:<\/p>\n\n<ol class=\"wp-block-list\">\n<li>que a quantidade d\u00f3nes embalagens lliuris correspon \u00e0 indicada no document de transport rebut per email;<\/li>\n\n\n\n<li>que a embalagem est\u00e0 intacta, sem d\u00f3na&#8217;ns, n\u00e3o molhada o alterada, nem us materiais de datamento (fita adesiva o selo met\u00e0l\u00b7lic).<\/li>\n<\/ol>\n\n<p>Eventuais d\u00f3na&#8217;ns a embalagem o produ\u00eft, o incompliment del nombre d&#8217;embalages o indica\u00e7\u00f5es, devem ser immediatament comunicats, com COMENTARI AL COSTAT D&#8217;ASSINATURA (ESPECIFICANDO O MOTIU DO COMENTARI, per exemple \u201cembalagem furada\u201d, \u201c recebiment del transportador. Uma vegada assinat o document del transportador, o client no podr\u00e0 fazer qualquer reclama\u00e7\u00e3o quanto \u00e0s caracter\u00edstiques externes del que vaig ser lliuri. Eventuais problemes relacionats \u00e0 integridade f\u00edsica, correspond\u00eancia o integridade dos productes rebuts dever\u00e3o ser comunicats no prazo de dois mesos despr\u00e9s de verifica\u00e7\u00e3o, d&#8217;acord procediments previstos en aquest document.  <\/p>\n\n<p>Cas o producte roman en els armaz\u00e9ns postais durant 5 dies \u00fateis degut \u00e0 repetida impossibilidade de lliurament no endere\u00e7o indicat p\u00e8l Client durant a encomana, o produto retornar\u00e0 als armaz\u00e9ns da ITALJUICER ESPA\u00d1A SL.<\/p>\n\n<h5 class=\"wp-block-heading\">Enviament per a les Ilhas Can\u00e1rias<\/h5>\n\n<p>El c\u00e0lcul del <span style=\"text-decoration: underline;\">valor<\/span> de l&#8217;enviament per a les Illes Can\u00e0ries ser\u00e0 realitzat directament en la p\u00e0gina abans de procedir al pagament i dependr\u00e0 del Codi Postal de l&#8217;habitatge de destinaci\u00f3. <\/p>\n\n<p>A les vendes per a les Ilhas Can\u00e1rias estan <span style=\"text-decoration: underline;\">isentas d&#8217;IVA<\/span> i isso tamb\u00e9 es reflectir\u00e0 no c\u00e0lcul del valor total i abans de l&#8217;aparecimiento de la tela per efetuar o pagament. <\/p>\n\n<p>Quan el producte chegar \u00e1s Ilhas, i for realitzat o processo d&#8217;importaci\u00f3, ser\u00e0 gerat o IGI, valor pel qual el comprador del b\u00e9 respons\u00e1vel i que al finalitzar la compra es compromet a cobrir sem exce\u00e7\u00f5es o endarreriments. <\/p>\n\n<p>A Italjuicer S.L n\u00e3o ser\u00e0 de forma alguma respons\u00e1vel per quaisquer impostos o despeses addicionals que possam ser geradas al longo do processo d&#8217;importaci\u00f3 de la mercadoria.<\/p>\n\n<p><\/p>\n","protected":false},"excerpt":{"rendered":"<p>M\u00e8tode d&#8217;enviament Tot just ser\u00e3o olis i poder\u00e3o ser processades encomanes com entrega en territori espanyol. Us enviaments ser\u00e3o feitos per correio. El client podr\u00e0 consultar o estar demanat a trav\u00e9s de la p\u00e0gina, en l&#8217;\u00e0rea reservada o hist\u00f2ric de compres. Costos d&#8217;enviament Us custos de lliurament estan clarament especificats en p\u00e0gina i no text [&hellip;]<\/p>\n","protected":false},"author":1,"featured_media":0,"parent":0,"menu_order":105,"comment_status":"closed","ping_status":"closed","template":"","meta":{"footnotes":""},"class_list":["post-33972","page","type-page","status-publish","hentry"],"_links":{"self":[{"href":"https:\/\/hurom.es\/ca\/wp-json\/wp\/v2\/pages\/33972","targetHints":{"allow":["GET"]}}],"collection":[{"href":"https:\/\/hurom.es\/ca\/wp-json\/wp\/v2\/pages"}],"about":[{"href":"https:\/\/hurom.es\/ca\/wp-json\/wp\/v2\/types\/page"}],"author":[{"embeddable":true,"href":"https:\/\/hurom.es\/ca\/wp-json\/wp\/v2\/users\/1"}],"replies":[{"embeddable":true,"href":"https:\/\/hurom.es\/ca\/wp-json\/wp\/v2\/comments?post=33972"}],"version-history":[{"count":2,"href":"https:\/\/hurom.es\/ca\/wp-json\/wp\/v2\/pages\/33972\/revisions"}],"predecessor-version":[{"id":33978,"href":"https:\/\/hurom.es\/ca\/wp-json\/wp\/v2\/pages\/33972\/revisions\/33978"}],"wp:attachment":[{"href":"https:\/\/hurom.es\/ca\/wp-json\/wp\/v2\/media?parent=33972"}],"curies":[{"name":"wp","href":"https:\/\/api.w.org\/{rel}","templated":true}]}}