{"id":33960,"date":"2023-12-15T18:26:14","date_gmt":"2023-12-15T17:26:14","guid":{"rendered":"https:\/\/hurom.es\/asistencia\/"},"modified":"2025-03-07T11:18:46","modified_gmt":"2025-03-07T10:18:46","slug":"asistencia","status":"publish","type":"page","link":"https:\/\/hurom.es\/ca\/asistencia\/","title":{"rendered":"Suport"},"content":{"rendered":"\n<div class=\"wp-block-group alignfull has-background has-global-padding is-content-justification-center is-layout-constrained wp-container-core-group-is-layout-2aadf2d8 wp-block-group-is-layout-constrained\" style=\"background-color:#f9fdf5;padding-top:64px;padding-right:20px;padding-bottom:64px;padding-left:20px\">\n<div class=\"wp-block-columns are-vertically-aligned-center is-layout-flex wp-container-core-columns-is-layout-96a9e0ec wp-block-columns-is-layout-flex\" style=\"margin-top:0;margin-bottom:0;padding-top:0;padding-right:0;padding-bottom:0;padding-left:0\">\n<div class=\"wp-block-column is-vertically-aligned-center has-global-padding is-content-justification-left is-layout-constrained wp-container-core-column-is-layout-14fa8993 wp-block-column-is-layout-constrained\" style=\"padding-top:0;padding-right:0;padding-bottom:0;padding-left:0;flex-basis:55%\">\n<div class=\"wp-block-group is-vertical is-layout-flex wp-container-core-group-is-layout-3ec2841e wp-block-group-is-layout-flex\">\n<h1 class=\"wp-block-heading has-text-align-left has-contrast-color has-text-color\" style=\"font-size:clamp(22.041px, 1.378rem + ((1vw - 3.2px) * 1.604), 36px);\">Suport Hurom\u00ae Espanya<\/h1>\n\n\n\n<p>Gr\u00e0cies a la nostra experi\u00e8ncia i professionalitat, som capa\u00e7os d\u2019oferir un servei complet i personalitzat per satisfer les necessitats de cada client.<\/p>\n\n\n\n<p>La nostra missi\u00f3 \u00e9s <strong>prestar suport qualificat i oport\u00fa a tots els usuaris de Hurom,<\/strong> garantint la m\u00e0xima fiabilitat i qualitat dels nostres serveis.<\/p>\n<\/div>\n\n\n\n<div style=\"height:30px;width:0px\" aria-hidden=\"true\" class=\"wp-block-spacer\"><\/div>\n\n\n\n<div class=\"wp-block-group is-nowrap is-layout-flex wp-container-core-group-is-layout-6c531013 wp-block-group-is-layout-flex\">\n<h4 class=\"wp-block-heading has-text-align-center\">Escriu-nos:<\/h4>\n\n\n\n<p class=\"has-text-align-center\">asistencia@hurom.es<\/p>\n<\/div>\n\n\n\n<div class=\"wp-block-group is-nowrap is-layout-flex wp-container-core-group-is-layout-6c531013 wp-block-group-is-layout-flex\">\n<h4 class=\"wp-block-heading has-text-align-center\">Truca&#8217;ns:<\/h4>\n\n\n\n<p class=\"has-text-align-left\">(+34) <a href=\"tel:984040032\">984 040032<\/a><\/p>\n<\/div>\n<\/div>\n\n\n\n<div class=\"wp-block-column is-vertically-aligned-center is-layout-flow wp-block-column-is-layout-flow\" style=\"flex-basis:45%\">\n<figure class=\"wp-block-image size-full has-custom-border\"><img fetchpriority=\"high\" decoding=\"async\" width=\"787\" height=\"1024\" src=\"https:\/\/hurom.es\/wp-content\/uploads\/2023\/12\/extractor-hurom-h310a-extractor-de-jugo-super-compacto4.webp\" alt=\"\" class=\"wp-image-29696\" style=\"border-radius:8px\" title=\"\" srcset=\"https:\/\/hurom.es\/wp-content\/uploads\/2023\/12\/extractor-hurom-h310a-extractor-de-jugo-super-compacto4.webp 787w, https:\/\/hurom.es\/wp-content\/uploads\/2023\/12\/extractor-hurom-h310a-extractor-de-jugo-super-compacto4-231x300.webp 231w, https:\/\/hurom.es\/wp-content\/uploads\/2023\/12\/extractor-hurom-h310a-extractor-de-jugo-super-compacto4-768x999.webp 768w, https:\/\/hurom.es\/wp-content\/uploads\/2023\/12\/extractor-hurom-h310a-extractor-de-jugo-super-compacto4-441x574.webp 441w, https:\/\/hurom.es\/wp-content\/uploads\/2023\/12\/extractor-hurom-h310a-extractor-de-jugo-super-compacto4-600x781.webp 600w, https:\/\/hurom.es\/wp-content\/uploads\/2023\/12\/extractor-hurom-h310a-extractor-de-jugo-super-compacto4-150x195.webp 150w\" sizes=\"(max-width: 787px) 100vw, 787px\" \/><\/figure>\n<\/div>\n<\/div>\n<\/div>\n\n<div class=\"wp-block-group has-global-padding is-layout-constrained wp-block-group-is-layout-constrained\">\n<div class=\"wp-block-columns is-layout-flex wp-container-core-columns-is-layout-28f84493 wp-block-columns-is-layout-flex\">\n<div class=\"wp-block-column is-layout-flow wp-block-column-is-layout-flow\" style=\"flex-basis:20%\"><\/div>\n\n\n\n<div class=\"wp-block-column is-layout-flow wp-block-column-is-layout-flow\" style=\"flex-basis:60%\">\n<div class=\"wp-block-group 800 is-vertical is-content-justification-center is-layout-flex wp-container-core-group-is-layout-fa38c63a wp-block-group-is-layout-flex\">\n<div class=\"wp-block-columns is-layout-flex wp-container-core-columns-is-layout-28f84493 wp-block-columns-is-layout-flex\">\n<div class=\"wp-block-column is-layout-flow wp-block-column-is-layout-flow\" style=\"flex-basis:20%\"><\/div>\n\n\n\n<div class=\"wp-block-column is-layout-flow wp-block-column-is-layout-flow\" style=\"flex-basis:60%\">\n<div style=\"height:100px\" aria-hidden=\"true\" class=\"wp-block-spacer\"><\/div>\n\n\n\n<h2 class=\"wp-block-heading has-text-align-center has-medium-font-size\" style=\"text-transform:uppercase\">FORMULARI DE COMANDA DE SUPORT<\/h2>\n\n\n<div class=\"wpforms-container wpforms-container-full wpforms-block wpforms-block-baf375e5-cab0-4498-8cf8-1442f5c065c2 wpforms-render-modern\" id=\"wpforms-29631\"><form id=\"wpforms-form-29631\" class=\"wpforms-validate wpforms-form\" data-formid=\"29631\" method=\"post\" enctype=\"multipart\/form-data\" action=\"\/ca\/wp-json\/wp\/v2\/pages\/33960\" data-token=\"201a30319fd8d0f1fd16292b92ae6781\" data-token-time=\"1776501934\"><noscript class=\"wpforms-error-noscript\">Activeu el JavaScript al navegador per a poder completar el formulari.<\/noscript><div id=\"wpforms-error-noscript\" style=\"display: none;\">Activeu el JavaScript al navegador per a poder completar el formulari.<\/div><div class=\"wpforms-field-container\"><div id=\"wpforms-29631-field_0-container\" class=\"wpforms-field wpforms-field-name\" data-field-id=\"0\"><fieldset><legend class=\"wpforms-field-label\">Nombre y apellido <span class=\"wpforms-required-label\" aria-hidden=\"true\">*<\/span><\/legend><div class=\"wpforms-field-row wpforms-field-large\"><div class=\"wpforms-field-row-block wpforms-first wpforms-one-half\"><input type=\"text\" id=\"wpforms-29631-field_0\" class=\"wpforms-field-name-first wpforms-field-required\" name=\"wpforms[fields][0][first]\" aria-errormessage=\"wpforms-29631-field_0-error\" required><label for=\"wpforms-29631-field_0\" class=\"wpforms-field-sublabel after\">Nom<\/label><\/div><div class=\"wpforms-field-row-block wpforms-one-half\"><input type=\"text\" id=\"wpforms-29631-field_0-last\" class=\"wpforms-field-name-last wpforms-field-required\" name=\"wpforms[fields][0][last]\" aria-errormessage=\"wpforms-29631-field_0-last-error\" required><label for=\"wpforms-29631-field_0-last\" class=\"wpforms-field-sublabel after\">Cognoms<\/label><\/div><\/div><\/fieldset><\/div><div id=\"wpforms-29631-field_1-container\" class=\"wpforms-field wpforms-field-email\" data-field-id=\"1\"><label class=\"wpforms-field-label\" for=\"wpforms-29631-field_1\">Email <span class=\"wpforms-required-label\" aria-hidden=\"true\">*<\/span><\/label><input type=\"email\" id=\"wpforms-29631-field_1\" class=\"wpforms-field-large wpforms-field-required\" name=\"wpforms[fields][1]\" spellcheck=\"false\" aria-errormessage=\"wpforms-29631-field_1-error\" required><\/div><div id=\"wpforms-29631-field_6-container\" class=\"wpforms-field wpforms-field-text wpforms-one-half wpforms-first\" data-field-id=\"6\"><label class=\"wpforms-field-label\" for=\"wpforms-29631-field_6\">Telefono <span class=\"wpforms-required-label\" aria-hidden=\"true\">*<\/span><\/label><input type=\"text\" id=\"wpforms-29631-field_6\" class=\"wpforms-field-large wpforms-field-required\" name=\"wpforms[fields][6]\" aria-errormessage=\"wpforms-29631-field_6-error\" required><\/div><div id=\"wpforms-29631-field_7-container\" class=\"wpforms-field wpforms-field-text wpforms-one-half\" data-field-id=\"7\"><label class=\"wpforms-field-label\" for=\"wpforms-29631-field_7\">Horario de contacto preferido <span class=\"wpforms-required-label\" aria-hidden=\"true\">*<\/span><\/label><input type=\"text\" id=\"wpforms-29631-field_7\" class=\"wpforms-field-large wpforms-field-required\" name=\"wpforms[fields][7]\" aria-errormessage=\"wpforms-29631-field_7-error\" required><\/div><div id=\"wpforms-29631-field_11-container\" class=\"wpforms-field wpforms-field-select wpforms-field-select-style-classic\" data-field-id=\"11\"><label class=\"wpforms-field-label\" for=\"wpforms-29631-field_11\">Motivo de Solicitud <span class=\"wpforms-required-label\" aria-hidden=\"true\">*<\/span><\/label><select id=\"wpforms-29631-field_11\" class=\"wpforms-field-large wpforms-field-required\" name=\"wpforms[fields][11]\" required=\"required\"><option value=\"Asistencia tecnica Producto en Garantia\"  class=\"choice-2 depth-1\"  >Asistencia tecnica Producto en Garantia<\/option><option value=\"Asistencia tecnica Producto sin Garantia\"  class=\"choice-1 depth-1\"  >Asistencia tecnica Producto sin Garantia<\/option><option value=\"Reclamo\"  class=\"choice-3 depth-1\"  >Reclamo<\/option><\/select><\/div><div id=\"wpforms-29631-field_10-container\" class=\"wpforms-field wpforms-field-text\" data-field-id=\"10\"><label class=\"wpforms-field-label\" for=\"wpforms-29631-field_10\">Modelo de Maquina<\/label><input type=\"text\" id=\"wpforms-29631-field_10\" class=\"wpforms-field-large\" name=\"wpforms[fields][10]\" aria-errormessage=\"wpforms-29631-field_10-error\" ><\/div><div id=\"wpforms-29631-field_9-container\" class=\"wpforms-field wpforms-field-text\" data-field-id=\"9\"><label class=\"wpforms-field-label\" for=\"wpforms-29631-field_9\">A\u00f1o de compra<\/label><input type=\"text\" id=\"wpforms-29631-field_9\" class=\"wpforms-field-large\" name=\"wpforms[fields][9]\" aria-errormessage=\"wpforms-29631-field_9-error\" ><\/div><div id=\"wpforms-29631-field_8-container\" class=\"wpforms-field wpforms-field-textarea\" data-field-id=\"8\"><label class=\"wpforms-field-label\" for=\"wpforms-29631-field_8\">Direcci\u00f3n de retiro<\/label><textarea id=\"wpforms-29631-field_8\" class=\"wpforms-field-medium\" name=\"wpforms[fields][8]\" aria-errormessage=\"wpforms-29631-field_8-error\" ><\/textarea><\/div><div id=\"wpforms-29631-field_2-container\" class=\"wpforms-field wpforms-field-textarea\" data-field-id=\"2\"><label class=\"wpforms-field-label\" for=\"wpforms-29631-field_2\">Problema que tienes <span class=\"wpforms-required-label\" aria-hidden=\"true\">*<\/span><\/label><textarea id=\"wpforms-29631-field_2\" class=\"wpforms-field-medium wpforms-field-required\" name=\"wpforms[fields][2]\" aria-errormessage=\"wpforms-29631-field_2-error\" required><\/textarea><\/div><div id=\"wpforms-29631-field_3-container\" class=\"wpforms-field wpforms-field-checkbox\" data-field-id=\"3\"><fieldset><legend class=\"wpforms-field-label wpforms-label-hide\" aria-hidden=\"false\">Privacy <span class=\"wpforms-required-label\" aria-hidden=\"true\">*<\/span><\/legend><ul id=\"wpforms-29631-field_3\" class=\"wpforms-field-required\"><li class=\"choice-1 depth-1\"><input type=\"checkbox\" id=\"wpforms-29631-field_3_1\" name=\"wpforms[fields][3][]\" value=\"Autorizo el tratamiento de los datos personales contenidos en este formulario y acepto la politica de privacidad\" aria-errormessage=\"wpforms-29631-field_3_1-error\" required ><label class=\"wpforms-field-label-inline\" for=\"wpforms-29631-field_3_1\">Autorizo el tratamiento de los datos personales contenidos en este formulario y acepto la politica de privacidad<\/label><\/li><\/ul><\/fieldset><\/div><div id=\"wpforms-29631-field_5-container\" class=\"wpforms-field wpforms-field-checkbox\" data-field-id=\"5\"><fieldset><legend class=\"wpforms-field-label wpforms-label-hide\" aria-hidden=\"false\">RGPD <span class=\"wpforms-required-label\" aria-hidden=\"true\">*<\/span><\/legend><ul id=\"wpforms-29631-field_5\" class=\"wpforms-field-required\"><li class=\"choice-1 depth-1\"><input type=\"checkbox\" id=\"wpforms-29631-field_5_1\" name=\"wpforms[fields][5][]\" value=\"Acepto recibir nformaci\u00f3n comercial, ofertas y promociones.\" aria-errormessage=\"wpforms-29631-field_5_1-error\" required ><label class=\"wpforms-field-label-inline\" for=\"wpforms-29631-field_5_1\">Acepto recibir nformaci\u00f3n comercial, ofertas y promociones.<\/label><\/li><\/ul><\/fieldset><\/div><\/div><!-- .wpforms-field-container --><div class=\"wpforms-field wpforms-field-hp\"><label for=\"wpforms-29631-field-hp\" class=\"wpforms-field-label\">Message<\/label><input type=\"text\" name=\"wpforms[hp]\" id=\"wpforms-29631-field-hp\" class=\"wpforms-field-medium\"><\/div><div class=\"wpforms-recaptcha-container wpforms-is-recaptcha wpforms-is-recaptcha-type-v2\" ><div class=\"g-recaptcha\" data-sitekey=\"6Lf-_nwpAAAAAKxN0AkdB7mPS4MsXvUEASNjjJcJ\"><\/div><input type=\"text\" name=\"g-recaptcha-hidden\" class=\"wpforms-recaptcha-hidden\" style=\"position:absolute!important;clip:rect(0,0,0,0)!important;height:1px!important;width:1px!important;border:0!important;overflow:hidden!important;padding:0!important;margin:0!important;\" data-rule-recaptcha=\"1\"><\/div><div class=\"wpforms-submit-container\" ><input type=\"hidden\" name=\"wpforms[id]\" value=\"29631\"><input type=\"hidden\" name=\"page_title\" value=\"\"><input type=\"hidden\" name=\"page_url\" value=\"https:\/\/hurom.es\/ca\/wp-json\/wp\/v2\/pages\/33960\"><input type=\"hidden\" name=\"url_referer\" value=\"\"><button type=\"submit\" name=\"wpforms[submit]\" id=\"wpforms-submit-29631\" class=\"wpforms-submit b-envio\" data-alt-text=\"Enviando...\" data-submit-text=\"ENVIA SOLICITUD DE ASISTENCIA\" aria-live=\"assertive\" value=\"wpforms-submit\">ENVIA SOLICITUD DE ASISTENCIA<\/button><\/div><\/form><\/div>  <!-- .wpforms-container --><\/div>\n\n\n\n<div class=\"wp-block-column is-layout-flow wp-block-column-is-layout-flow\" style=\"flex-basis:20%\"><\/div>\n<\/div>\n<\/div>\n<\/div>\n\n\n\n<div class=\"wp-block-column is-layout-flow wp-block-column-is-layout-flow\" style=\"flex-basis:20%\"><\/div>\n<\/div>\n\n\n\n<div style=\"height:0px;width:0px\" aria-hidden=\"true\" class=\"wp-block-spacer\"><\/div>\n<\/div>\n\n<div class=\"wp-block-cover alignfull is-light has-parallax has-black-color has-text-color has-link-color wp-elements-22763513923d74f1cdf29bb893eda93d\" style=\"min-height:700px;aspect-ratio:unset;\"><span aria-hidden=\"true\" class=\"wp-block-cover__background has-white-background-color has-background-dim-60 has-background-dim\"><\/span><div class=\"wp-block-cover__image-background wp-image-29733 has-parallax\" style=\"background-position:50% 50%;background-image:url(https:\/\/hurom.es\/wp-content\/uploads\/2024\/02\/consulente-hurom.jpeg)\"><\/div><div class=\"wp-block-cover__inner-container is-layout-flow wp-block-cover-is-layout-flow\">\n<div class=\"wp-block-columns alignwide is-layout-flex wp-container-core-columns-is-layout-28f84493 wp-block-columns-is-layout-flex\">\n<div class=\"wp-block-column is-layout-flow wp-block-column-is-layout-flow\" style=\"flex-basis:30%\"><\/div>\n\n\n\n<div class=\"wp-block-column is-layout-flow wp-block-column-is-layout-flow\" style=\"flex-basis:80%\">\n<h2 class=\"wp-block-heading has-text-align-center has-text-color has-link-color has-large-font-size wp-elements-3b6431e1efe474811a332bfcd47c57a7\" style=\"color:#6aac03\"><strong>Confi\u00ef em n\u00f3s per a suporti i manuten\u00e7\u00e3o de seus extratores de suco Hurom\u00ae. A nossa experi\u00e8ncia i paix\u00e3o s\u00f3n a garantia d&#8217;um servi\u00e7o excel\u00b7lent i confiable. <\/strong><\/h2>\n\n\n\n<p class=\"has-text-align-center\"><strong>US TEMPS DE OBSERVACI\u00d3 PODEM VARIAR<\/strong><\/p>\n<\/div>\n\n\n\n<div class=\"wp-block-column is-layout-flow wp-block-column-is-layout-flow\" style=\"flex-basis:30%\"><\/div>\n<\/div>\n<\/div><\/div>\n\n<div class=\"wp-block-group alignfull has-global-padding is-layout-constrained wp-container-core-group-is-layout-d53f0d15 wp-block-group-is-layout-constrained\" style=\"padding-top:64px;padding-right:20px;padding-bottom:64px;padding-left:20px\">\n<div class=\"wp-block-group is-vertical is-content-justification-left is-layout-flex wp-container-core-group-is-layout-a46a9c02 wp-block-group-is-layout-flex\">\n<h2 class=\"wp-block-heading alignfull has-text-align-left has-contrast-color has-text-color\" style=\"font-size:clamp(22.041px, 1.378rem + ((1vw - 3.2px) * 1.604), 36px);font-style:normal;font-weight:800;text-transform:uppercase\">Perguntes freq\u00fcents<\/h2>\n\n\n\n<div class=\"wp-block-group has-global-padding is-layout-constrained wp-container-core-group-is-layout-9843040e wp-block-group-is-layout-constrained\">\n<p class=\"has-text-color\" style=\"color:#555555\">Compilem a les preguntes m\u00e9s freq\u00fcents.<\/p>\n<\/div>\n<\/div>\n\n\n\n<div class=\"wp-block-columns is-layout-flex wp-container-core-columns-is-layout-28f84493 wp-block-columns-is-layout-flex\">\n<div class=\"wp-block-column is-layout-flow wp-container-core-column-is-layout-6eecc127 wp-block-column-is-layout-flow\" style=\"border-style:none;border-width:0px\">\n<div class=\"wp-block-columns is-layout-flex wp-container-core-columns-is-layout-28f84493 wp-block-columns-is-layout-flex\">\n<div class=\"wp-block-column is-layout-flow wp-block-column-is-layout-flow\">\n<h2 class=\"wp-block-heading has-contrast-color has-text-color\" style=\"font-size:clamp(14px, 0.875rem + ((1vw - 3.2px) * 0.46), 18px);font-style:normal;font-weight:600;line-height:0.8\">On trobada o model d\u00f3na minha m\u00e0quina?<\/h2>\n<\/div>\n\n\n\n<div class=\"wp-block-column is-layout-flow wp-block-column-is-layout-flow\">\n<p>El model del seu extrator est\u00e0 indicat en l&#8217;etiqueta localitzada sobre el cos del motor de la m\u00e0quina.<\/p>\n<\/div>\n<\/div>\n\n\n\n<hr class=\"wp-block-separator has-text-color has-alpha-channel-opacity has-background is-style-default\" style=\"background-color:#e7e7e7;color:#e7e7e7\"\/>\n\n\n\n<div class=\"wp-block-columns is-layout-flex wp-container-core-columns-is-layout-28f84493 wp-block-columns-is-layout-flex\">\n<div class=\"wp-block-column is-layout-flow wp-block-column-is-layout-flow\">\n<h2 class=\"wp-block-heading has-contrast-color has-text-color\" style=\"font-size:clamp(14px, 0.875rem + ((1vw - 3.2px) * 0.46), 18px);font-style:normal;font-weight:600;line-height:0.8\">On posso trobar o manual d&#8217;instru\u00e7\u00f5es del meu extrator?<\/h2>\n<\/div>\n\n\n\n<div class=\"wp-block-column is-layout-flow wp-block-column-is-layout-flow\">\n<p>Baix o manual em PDF dos seg\u00fcents models<\/p>\n\n\n\n<p>H-100<br\/>H-200<br\/>H-300<br\/>H-310A<br\/>H-320N<br\/>M-100<br\/>H-AK<br\/>H-AE<br\/>H-AI<br\/>HW Professional<br\/>Serie DT<br\/>Serie HQ \u2013 HE \u2013 HH<br\/>Serie HP<\/p>\n<\/div>\n<\/div>\n\n\n\n<hr class=\"wp-block-separator has-text-color has-alpha-channel-opacity has-background is-style-default\" style=\"background-color:#e7e7e7;color:#e7e7e7\"\/>\n\n\n\n<div class=\"wp-block-columns is-layout-flex wp-container-core-columns-is-layout-28f84493 wp-block-columns-is-layout-flex\">\n<div class=\"wp-block-column is-layout-flow wp-block-column-is-layout-flow\">\n<h2 class=\"wp-block-heading has-contrast-color has-text-color\" style=\"font-size:clamp(14px, 0.875rem + ((1vw - 3.2px) * 0.46), 18px);font-style:normal;font-weight:600;line-height:0.8\">Posso enviar minha m\u00e0quina per a Hurom\u00ae per objeccion quan l&#8217;estiver fora d\u00f3na garantia?<\/h2>\n<\/div>\n\n\n\n<div class=\"wp-block-column is-layout-flow wp-block-column-is-layout-flow\">\n<p>Si. Podem reparar o substituir o produ\u00eft per um cust fora de la garantia. O custo d&#8217;objecci\u00f3 pot variar.  <\/p>\n\n\n\n<p>Expliqui&#8217;ns per a mais informa\u00e7\u00f5es sobre isso.<\/p>\n<\/div>\n<\/div>\n\n\n\n<hr class=\"wp-block-separator has-text-color has-alpha-channel-opacity has-background is-style-default\" style=\"background-color:#e7e7e7;color:#e7e7e7\"\/>\n\n\n\n<div class=\"wp-block-columns is-layout-flex wp-container-core-columns-is-layout-28f84493 wp-block-columns-is-layout-flex\">\n<div class=\"wp-block-column is-layout-flow wp-block-column-is-layout-flow\">\n<h2 class=\"wp-block-heading has-contrast-color has-text-color\" style=\"font-size:clamp(14px, 0.875rem + ((1vw - 3.2px) * 0.46), 18px);font-style:normal;font-weight:600;line-height:0.8\">On posso comprar peces de reposi\u00e7\u00e3o?<\/h2>\n<\/div>\n\n\n\n<div class=\"wp-block-column is-layout-flow wp-block-column-is-layout-flow\">\n<p>Visiteu nossa <a href=\"https:\/\/hurom.es\/ca\/recanvis\/\" data-type=\"product_cat\" data-id=\"33\">loja<\/a> ou ligue per a nosaltres terem prazer em atend\u00ea-ho.<\/p>\n<\/div>\n<\/div>\n\n\n\n<hr class=\"wp-block-separator has-text-color has-alpha-channel-opacity has-background is-style-default\" style=\"background-color:#e7e7e7;color:#e7e7e7\"\/>\n\n\n\n<div class=\"wp-block-columns is-layout-flex wp-container-core-columns-is-layout-28f84493 wp-block-columns-is-layout-flex\">\n<div class=\"wp-block-column is-layout-flow wp-block-column-is-layout-flow\">\n<h2 class=\"wp-block-heading has-contrast-color has-text-color\" style=\"font-size:clamp(14px, 0.875rem + ((1vw - 3.2px) * 0.46), 18px);font-style:normal;font-weight:600;line-height:0.8\">Qual \u00e9 a garantia d&#8217;um extrator Hurom?<\/h2>\n<\/div>\n\n\n\n<div class=\"wp-block-column is-layout-flow wp-block-column-is-layout-flow\">\n<p>Oferim una garantia de motor de 10 anys i una garantia de peces de 2 anys per a tots els models de Slow Juicer nom\u00e9s s&#8217;adquireixen en Hurom.es o en els nostres venedors autoritzats. Cadastre-es online conosc aqui. <\/p>\n\n\n\n<p>N\u00e3o oferim suporti p\u00f3s-venda per a compres de venedors n\u00e3o autoritzats. Es voc\u00ea tiver d\u00favides sobre com autoritzar um venedor online, lligui per a +34 984 040 032. <\/p>\n\n\n\n<p>Cobrim a maior part dos custes d&#8217;enviament per a servi\u00e7os relacionats \u00e0 garantia es voc\u00ea mora em territ\u00f3rio espanhol. Els clients europeus dos productes Hurom Espanya hem de pagar p\u00e8l enviament d&#8217;i per als nostres centres de servi\u00e7o. <\/p>\n<\/div>\n<\/div>\n\n\n\n<hr class=\"wp-block-separator has-text-color has-alpha-channel-opacity has-background is-style-default\" style=\"background-color:#e7e7e7;color:#e7e7e7\"\/>\n\n\n\n<div class=\"wp-block-columns is-layout-flex wp-container-core-columns-is-layout-28f84493 wp-block-columns-is-layout-flex\">\n<div class=\"wp-block-column is-layout-flow wp-block-column-is-layout-flow\">\n<h2 class=\"wp-block-heading has-contrast-color has-text-color\" style=\"font-size:clamp(14px, 0.875rem + ((1vw - 3.2px) * 0.46), 18px);font-style:normal;font-weight:600;line-height:0.8\">Quant tempo aixecar\u00e0 per introduir aviat?<\/h2>\n<\/div>\n\n\n\n<div class=\"wp-block-column is-layout-flow wp-block-column-is-layout-flow\">\n<p>Dep\u00e8n del problema, entre em contato conosc per saber mais.<\/p>\n<\/div>\n<\/div>\n<\/div>\n<\/div>\n<\/div>\n","protected":false},"excerpt":{"rendered":"<p>Suport Hurom\u00ae Espanya Gr\u00e0cies a la nostra experi\u00e8ncia i professionalitat, som capa\u00e7os d\u2019oferir un servei complet i personalitzat per satisfer les necessitats de cada client. La nostra missi\u00f3 \u00e9s prestar suport qualificat i oport\u00fa a tots els usuaris de Hurom, garantint la m\u00e0xima fiabilitat i qualitat dels nostres serveis. Escriu-nos: asistencia@hurom.es Truca&#8217;ns: (+34) 984 040032 [&hellip;]<\/p>\n","protected":false},"author":1,"featured_media":0,"parent":0,"menu_order":20,"comment_status":"closed","ping_status":"closed","template":"template-canvas.php","meta":{"footnotes":""},"class_list":["post-33960","page","type-page","status-publish","hentry"],"_links":{"self":[{"href":"https:\/\/hurom.es\/ca\/wp-json\/wp\/v2\/pages\/33960","targetHints":{"allow":["GET"]}}],"collection":[{"href":"https:\/\/hurom.es\/ca\/wp-json\/wp\/v2\/pages"}],"about":[{"href":"https:\/\/hurom.es\/ca\/wp-json\/wp\/v2\/types\/page"}],"author":[{"embeddable":true,"href":"https:\/\/hurom.es\/ca\/wp-json\/wp\/v2\/users\/1"}],"replies":[{"embeddable":true,"href":"https:\/\/hurom.es\/ca\/wp-json\/wp\/v2\/comments?post=33960"}],"version-history":[{"count":4,"href":"https:\/\/hurom.es\/ca\/wp-json\/wp\/v2\/pages\/33960\/revisions"}],"predecessor-version":[{"id":34071,"href":"https:\/\/hurom.es\/ca\/wp-json\/wp\/v2\/pages\/33960\/revisions\/34071"}],"wp:attachment":[{"href":"https:\/\/hurom.es\/ca\/wp-json\/wp\/v2\/media?parent=33960"}],"curies":[{"name":"wp","href":"https:\/\/api.w.org\/{rel}","templated":true}]}}