{"id":33947,"date":"2023-12-13T21:47:30","date_gmt":"2023-12-13T20:47:30","guid":{"rendered":"https:\/\/hurom.es\/afiliados\/"},"modified":"2025-03-07T11:12:36","modified_gmt":"2025-03-07T10:12:36","slug":"afiliados","status":"publish","type":"page","link":"https:\/\/hurom.es\/ca\/afiliados\/","title":{"rendered":"Afiliats"},"content":{"rendered":"\n<div class=\"wp-block-group alignwide has-background has-global-padding is-content-justification-center is-layout-constrained wp-container-core-group-is-layout-152abb36 wp-block-group-is-layout-constrained\" style=\"background-color:#f2f5ed;padding-top:64px;padding-right:20px;padding-bottom:64px;padding-left:20px\">\n<div class=\"wp-block-columns are-vertically-aligned-center is-layout-flex wp-container-core-columns-is-layout-0485a0e3 wp-block-columns-is-layout-flex\" style=\"margin-top:0;margin-bottom:0;padding-top:0;padding-right:0;padding-bottom:0;padding-left:0\">\n<div class=\"wp-block-column is-vertically-aligned-center has-global-padding is-layout-constrained wp-container-core-column-is-layout-e8411349 wp-block-column-is-layout-constrained\" style=\"padding-top:0;padding-right:0;padding-bottom:0;padding-left:0\">\n<h1 class=\"wp-block-heading has-text-align-center\" style=\"font-size:clamp(0.875rem, 0.875rem + ((1vw - 0.2rem) * 0.598), 1.2rem);letter-spacing:0.5px\"><strong><strong>ENTRA AL PROGRAMA D&#8217;AFILIATS HUROM<\/strong> ESPANYA<\/strong><\/h1>\n\n\n\n<h2 class=\"wp-block-heading has-text-align-center has-black-color has-text-color\" style=\"font-size:clamp(25.014px, 1.563rem + ((1vw - 3.2px) * 1.952), 42px);font-style:normal;font-weight:700\">Ofereix els millors extractors de suc del m\u00f3n al teu p\u00fablic i guanya comissions per les vendes.<\/h2>\n\n\n\n<p class=\"has-text-align-center has-text-color\" style=\"color:#555555;font-size:clamp(14px, 0.875rem + ((1vw - 3.2px) * 0.69), 20px);font-style:normal;font-weight:300\">Com ofertes exclusives i opcions de guanys significatius, mai hi ha hagut un millor moment per unir-se al nostre equip. Registra&#8217;t ara i comen\u00e7a a aprofitar els beneficis de ser un afiliat de Hurom Espanya. <\/p>\n\n\n\n<div class=\"wp-block-buttons has-custom-font-size is-horizontal is-content-justification-center is-layout-flex wp-container-core-buttons-is-layout-a9d8f8b3 wp-block-buttons-is-layout-flex\" style=\"font-size:clamp(14px, 0.875rem + ((1vw - 3.2px) * 0.23), 16px);font-style:normal;font-weight:500\">\n<div class=\"wp-block-button has-custom-font-size\" style=\"font-size:clamp(14px, 0.875rem + ((1vw - 3.2px) * 0.23), 16px);font-style:normal;font-weight:500\"><a class=\"wp-block-button__link has-white-color has-text-color has-background wp-element-button\" href=\"#form\" style=\"border-radius:8px;background-color:#84c400\">INSCRIU-TE GRATU\u00cfTAMENT ARA<\/a><\/div>\n<\/div>\n<\/div>\n<\/div>\n<\/div>\n\n<div class=\"wp-block-group alignfull has-global-padding is-layout-constrained wp-container-core-group-is-layout-64fcf90c wp-block-group-is-layout-constrained\" style=\"min-height:500px\">\n<div class=\"wp-block-columns alignfull is-layout-flex wp-container-core-columns-is-layout-d7d455e7 wp-block-columns-is-layout-flex\" style=\"border-style:none;border-width:0px;padding-top:0;padding-right:0;padding-bottom:0;padding-left:0;font-size:clamp(14px, 0.875rem + ((1vw - 3.2px) * 0.115), 15px);\">\n<div class=\"wp-block-column is-layout-flow wp-block-column-is-layout-flow\" style=\"flex-basis:10%\"><\/div>\n\n\n\n<div class=\"wp-block-column is-vertically-aligned-center is-layout-flow wp-block-column-is-layout-flow\">\n<div style=\"height:70px\" aria-hidden=\"true\" class=\"wp-block-spacer\"><\/div>\n\n\n\n<figure class=\"wp-block-image size-full is-resized has-custom-border\"><img fetchpriority=\"high\" decoding=\"async\" width=\"1280\" height=\"853\" src=\"https:\/\/hurom.es\/wp-content\/uploads\/2024\/02\/affiliados-hurom-1.webp\" alt=\"\" class=\"wp-image-29738\" style=\"border-top-right-radius:17px;border-bottom-right-radius:17px;aspect-ratio:1.4;object-fit:cover;width:507px;height:auto\" title=\"\" srcset=\"https:\/\/hurom.es\/wp-content\/uploads\/2024\/02\/affiliados-hurom-1.webp 1280w, https:\/\/hurom.es\/wp-content\/uploads\/2024\/02\/affiliados-hurom-1-300x200.webp 300w, https:\/\/hurom.es\/wp-content\/uploads\/2024\/02\/affiliados-hurom-1-1024x682.webp 1024w, https:\/\/hurom.es\/wp-content\/uploads\/2024\/02\/affiliados-hurom-1-768x512.webp 768w, https:\/\/hurom.es\/wp-content\/uploads\/2024\/02\/affiliados-hurom-1-990x660.webp 990w, https:\/\/hurom.es\/wp-content\/uploads\/2024\/02\/affiliados-hurom-1-441x294.webp 441w, https:\/\/hurom.es\/wp-content\/uploads\/2024\/02\/affiliados-hurom-1-600x400.webp 600w, https:\/\/hurom.es\/wp-content\/uploads\/2024\/02\/affiliados-hurom-1-150x100.webp 150w\" sizes=\"(max-width: 1280px) 100vw, 1280px\" \/><\/figure>\n\n\n\n<div style=\"height:50px\" aria-hidden=\"true\" class=\"wp-block-spacer\"><\/div>\n<\/div>\n\n\n\n<div class=\"wp-block-column is-vertically-aligned-center is-layout-flow wp-block-column-is-layout-flow\" style=\"padding-right:var(--wp--preset--spacing--30);padding-left:var(--wp--preset--spacing--30)\">\n<h2 class=\"wp-block-heading has-x-large-font-size\" style=\"margin-top:var(--wp--preset--spacing--20);margin-right:var(--wp--preset--spacing--40);margin-bottom:0;margin-left:0;font-style:normal;font-weight:700\">Coneix el programa d&#8217;afiliats Hurom Espanya<\/h2>\n\n\n\n<p>Hurom \u00e9s l\u00edder mundial en la producci\u00f3 d&#8217;extractors de suc i cada dia estem compromesos a proporcionar les eines per ajudar a millorar la qualitat de vida de les persones, a trav\u00e9s d&#8217;una alimentaci\u00f3 m\u00e9s saludable. <\/p>\n\n\n\n<p>Amb m\u00e9s de <strong>40 anys d&#8217;innovaci\u00f3 t\u00e8cnica<\/strong>, Hurom va patentar el primer espremedor lent el 1979, i continua innovant fins a dia d&#8217;avui amb les millors tecnologies del mercat oferint una garantia de 10 anys, \u00fanica al m\u00f3n. <\/p>\n<\/div>\n\n\n\n<div class=\"wp-block-column is-layout-flow wp-block-column-is-layout-flow\" style=\"flex-basis:10%\"><\/div>\n<\/div>\n<\/div>\n\n<div class=\"wp-block-group alignfull has-global-padding is-layout-constrained wp-container-core-group-is-layout-2cd3538d wp-block-group-is-layout-constrained\" id=\"form\" style=\"min-height:500px\">\n<div class=\"wp-block-columns alignfull is-layout-flex wp-container-core-columns-is-layout-d7d455e7 wp-block-columns-is-layout-flex\" style=\"border-style:none;border-width:0px;padding-top:0;padding-right:0;padding-bottom:0;padding-left:0;font-size:clamp(14px, 0.875rem + ((1vw - 3.2px) * 0.115), 15px);\">\n<div class=\"wp-block-column is-layout-flow wp-block-column-is-layout-flow\" style=\"flex-basis:15%\"><\/div>\n\n\n\n<div class=\"wp-block-column is-vertically-aligned-center is-layout-flow wp-block-column-is-layout-flow\" style=\"padding-right:var(--wp--preset--spacing--30);padding-left:var(--wp--preset--spacing--30)\">\n<h2 class=\"wp-block-heading has-x-large-font-size\" style=\"margin-top:var(--wp--preset--spacing--20);margin-right:var(--wp--preset--spacing--40);margin-bottom:0;margin-left:0;font-style:normal;font-weight:700\">Per qu\u00e8 afegir-se al programa d&#8217;afiliats Hurom Espanya?<\/h2>\n\n\n\n<ul class=\"wp-block-list\">\n<li><strong>Comissi\u00f3 de vendes<\/strong> = 10,00%<\/li>\n\n\n\n<li><strong>Finestra de seguimen<\/strong>t = 30 dies<\/li>\n\n\n\n<li><strong>Valor mitj\u00e0 de la comanda<\/strong> = 490 \u20ac<\/li>\n\n\n\n<li><strong>Incentiu:<\/strong> bonificaci\u00f3 de 50$ en la teva primera venda verificada<\/li>\n\n\n\n<li><strong>Principals promocions<\/strong>: Dia de la Mare, Black Friday\/Cyber Monday i Nadal<\/li>\n<\/ul>\n<\/div>\n\n\n\n<div class=\"wp-block-column is-vertically-aligned-center is-layout-flow wp-block-column-is-layout-flow\">\n<div style=\"height:70px\" aria-hidden=\"true\" class=\"wp-block-spacer\"><\/div>\n\n\n\n<figure class=\"wp-block-image aligncenter size-full is-resized has-custom-border is-style-default\"><img decoding=\"async\" width=\"800\" height=\"1207\" src=\"https:\/\/hurom.es\/wp-content\/uploads\/2024\/02\/influencer-hurom-1.webp\" alt=\"\" class=\"wp-image-29737\" style=\"border-top-right-radius:17px;border-bottom-right-radius:17px;aspect-ratio:1.3333333333333333;object-fit:contain;width:800px;height:auto\" title=\"\" srcset=\"https:\/\/hurom.es\/wp-content\/uploads\/2024\/02\/influencer-hurom-1.webp 800w, https:\/\/hurom.es\/wp-content\/uploads\/2024\/02\/influencer-hurom-1-199x300.webp 199w, https:\/\/hurom.es\/wp-content\/uploads\/2024\/02\/influencer-hurom-1-679x1024.webp 679w, https:\/\/hurom.es\/wp-content\/uploads\/2024\/02\/influencer-hurom-1-768x1159.webp 768w, https:\/\/hurom.es\/wp-content\/uploads\/2024\/02\/influencer-hurom-1-441x665.webp 441w, https:\/\/hurom.es\/wp-content\/uploads\/2024\/02\/influencer-hurom-1-600x905.webp 600w, https:\/\/hurom.es\/wp-content\/uploads\/2024\/02\/influencer-hurom-1-150x226.webp 150w\" sizes=\"(max-width: 800px) 100vw, 800px\" \/><\/figure>\n\n\n\n<div style=\"height:50px\" aria-hidden=\"true\" class=\"wp-block-spacer\"><\/div>\n<\/div>\n\n\n\n<div class=\"wp-block-column is-layout-flow wp-block-column-is-layout-flow\" style=\"flex-basis:15%\"><\/div>\n<\/div>\n<\/div>\n\n<div class=\"wp-block-group has-global-padding is-layout-constrained wp-block-group-is-layout-constrained\">\n<div class=\"wp-block-columns is-layout-flex wp-container-core-columns-is-layout-28f84493 wp-block-columns-is-layout-flex\">\n<div class=\"wp-block-column is-layout-flow wp-block-column-is-layout-flow\" style=\"flex-basis:25%\"><\/div>\n\n\n\n<div class=\"wp-block-column is-layout-flow wp-block-column-is-layout-flow\" style=\"flex-basis:50%\">\n<h3 class=\"wp-block-heading has-text-align-center\">OMPLEU EL FORMULARI<\/h3>\n\n\n<div class=\"afwc_reg_form_wrapper\"><form action=\"#\" id=\"afwc_registration_form\"><div class=\"afwc_reg_field_wrapper afwc_reg_email \"><label for=\"afwc_reg_email\" class=\"afwc_required\">Email<\/label><input type=\"email\" id=\"afwc_reg_email\" name=\"afwc_reg_email\" required class=\"afwc_reg_form_field\"  value=\"\"\/><\/div><div class=\"afwc_reg_field_wrapper afwc_reg_first_name afwc_is_half\"><label for=\"afwc_reg_first_name\" class=\"afwc_\">Nombre<\/label><input type=\"text\" id=\"afwc_reg_first_name\" name=\"afwc_reg_first_name\"  class=\"afwc_reg_form_field\"  value=\"\"\/><\/div><div class=\"afwc_reg_field_wrapper afwc_reg_last_name afwc_is_half\"><label for=\"afwc_reg_last_name\" class=\"afwc_\">Apellido<\/label><input type=\"text\" id=\"afwc_reg_last_name\" name=\"afwc_reg_last_name\"  class=\"afwc_reg_form_field\"  value=\"\"\/><\/div><div class=\"afwc_reg_field_wrapper afwc_reg_contact \"><label for=\"afwc_reg_contact\" class=\"afwc_\">Telefono \/ Whatsapp<\/label><input type=\"text\" id=\"afwc_reg_contact\" name=\"afwc_reg_contact\"  class=\"afwc_reg_form_field\"  value=\"\"\/><\/div><div class=\"afwc_reg_field_wrapper afwc_reg_website \"><label for=\"afwc_reg_website\" class=\"afwc_\">P\u00e1gina Web<\/label><input type=\"text\" id=\"afwc_reg_website\" name=\"afwc_reg_website\"  class=\"afwc_reg_form_field\"  value=\"\"\/><\/div><div class=\"afwc_reg_field_wrapper afwc_reg_password afwc_is_half\"><label for=\"afwc_reg_password\" class=\"afwc_required\">Contrase\u00f1a<\/label><input type=\"password\" id=\"afwc_reg_password\" name=\"afwc_reg_password\" required class=\"afwc_reg_form_field\"  value=\"\"\/><\/div><div class=\"afwc_reg_field_wrapper afwc_reg_confirm_password afwc_is_half\"><label for=\"afwc_reg_confirm_password\" class=\"afwc_required\">Confirma Contrase\u00f1a<\/label><input type=\"password\" id=\"afwc_reg_confirm_password\" name=\"afwc_reg_confirm_password\" required class=\"afwc_reg_form_field\"  value=\"\"\/><\/div><div class=\"afwc_reg_field_wrapper afwc_reg_desc \"><label for=\"afwc_reg_desc\" class=\"afwc_required\">Cu\u00e9ntanos m\u00e1s sobre ti<\/label><textarea name=\"afwc_reg_desc\" id=\"afwc_reg_desc\" required size=\"100\" rows=\"5\" cols=\"58\" class=\"afwc_reg_form_field\"><\/textarea><\/div><div class=\"afwc_reg_field_wrapper afwc_reg_terms \"><label for=\"afwc_reg_terms\" class=\"afwc_required\"><input type=\"checkbox\" id=\"afwc_reg_terms\" name=\"afwc_reg_terms\" required class=\"afwc_reg_form_field\"  value=\"\"\/>Acepto los t\u00e9rminos y condiciones sobre el programa<\/label><\/div><input type=\"hidden\" name=\"afwc_registration\" id=\"afwc_registration\" value=\"9dc4c5fb86\"\/><label style=\"position:absolute;top:-99999px;left:-99999px;z-index:-99;\"><input type=\"text\" name=\"afwc_hp_email\"  tabindex=\"-1\" autocomplete=\"-1\" value=\"\"\/><\/label><div class=\"afwc_reg_field_wrapper\"><input type=\"submit\" name=\"submit\" class=\"afwc_registration_form_submit\" id=\"afwc_registration_form_submit\" value=\"Submit\"\/><div class=\"afwc_reg_loader\"><img decoding=\"async\" src=\"https:\/\/hurom.es\/wp-content\/plugins\/woocommerce\/assets\/images\/wpspin-2x.gif\" alt=\"\" title=\"\"><\/div><\/div><div class=\"afwc_reg_message\"><\/div><\/form><\/div>\n<\/div>\n\n\n\n<div class=\"wp-block-column is-layout-flow wp-block-column-is-layout-flow\" style=\"flex-basis:25%\"><\/div>\n<\/div>\n<\/div>\n","protected":false},"excerpt":{"rendered":"<p>ENTRA AL PROGRAMA D&#8217;AFILIATS HUROM ESPANYA Ofereix els millors extractors de suc del m\u00f3n al teu p\u00fablic i guanya comissions per les vendes. Com ofertes exclusives i opcions de guanys significatius, mai hi ha hagut un millor moment per unir-se al nostre equip. Registra&#8217;t ara i comen\u00e7a a aprofitar els beneficis de ser un afiliat [&hellip;]<\/p>\n","protected":false},"author":1,"featured_media":0,"parent":0,"menu_order":10,"comment_status":"closed","ping_status":"closed","template":"template-canvas.php","meta":{"footnotes":""},"class_list":["post-33947","page","type-page","status-publish","hentry"],"_links":{"self":[{"href":"https:\/\/hurom.es\/ca\/wp-json\/wp\/v2\/pages\/33947","targetHints":{"allow":["GET"]}}],"collection":[{"href":"https:\/\/hurom.es\/ca\/wp-json\/wp\/v2\/pages"}],"about":[{"href":"https:\/\/hurom.es\/ca\/wp-json\/wp\/v2\/types\/page"}],"author":[{"embeddable":true,"href":"https:\/\/hurom.es\/ca\/wp-json\/wp\/v2\/users\/1"}],"replies":[{"embeddable":true,"href":"https:\/\/hurom.es\/ca\/wp-json\/wp\/v2\/comments?post=33947"}],"version-history":[{"count":4,"href":"https:\/\/hurom.es\/ca\/wp-json\/wp\/v2\/pages\/33947\/revisions"}],"predecessor-version":[{"id":34067,"href":"https:\/\/hurom.es\/ca\/wp-json\/wp\/v2\/pages\/33947\/revisions\/34067"}],"wp:attachment":[{"href":"https:\/\/hurom.es\/ca\/wp-json\/wp\/v2\/media?parent=33947"}],"curies":[{"name":"wp","href":"https:\/\/api.w.org\/{rel}","templated":true}]}}