{"id":33922,"date":"2023-12-15T18:59:17","date_gmt":"2023-12-15T17:59:17","guid":{"rendered":"https:\/\/hurom.es\/contactos\/"},"modified":"2025-03-07T10:59:50","modified_gmt":"2025-03-07T09:59:50","slug":"contactos","status":"publish","type":"page","link":"https:\/\/hurom.es\/ca\/contactos\/","title":{"rendered":"Contats"},"content":{"rendered":"\n<div class=\"wp-block-group alignfull has-global-padding is-layout-constrained wp-container-core-group-is-layout-7043b10e wp-block-group-is-layout-constrained\" style=\"padding-right:0;padding-bottom:0;padding-left:0\">\n<div class=\"wp-block-group alignwide has-base-background-color has-background has-global-padding is-layout-constrained wp-container-core-group-is-layout-bcbe5670 wp-block-group-is-layout-constrained\" style=\"padding-top:64px;padding-right:16px;padding-bottom:64px;padding-left:16px\">\n<div class=\"wp-block-columns are-vertically-aligned-center is-layout-flex wp-container-core-columns-is-layout-b325c629 wp-block-columns-is-layout-flex\" style=\"margin-top:0;margin-bottom:0;padding-top:0;padding-right:0;padding-bottom:0;padding-left:0\">\n<div class=\"wp-block-column is-vertically-aligned-center has-global-padding is-layout-constrained wp-container-core-column-is-layout-254f1302 wp-block-column-is-layout-constrained\" style=\"padding-top:0;padding-right:0;padding-bottom:0;padding-left:0\">\n<h1 class=\"wp-block-heading\" style=\"text-transform:uppercase\">Contats d&#8217;atenci\u00f3 al client Hurom<\/h1>\n\n\n\n<p>Abans d&#8217;entrar em comptat com nossa equipe, recomanem verificar aquests recursos \u00fateis cas la seva d\u00favida ja tenha estat resposta.<\/p>\n\n\n\n<ul class=\"wp-block-list\">\n<li>Entre em comptat com o <a href=\"https:\/\/hurom.es\/ca\/asistencia\/\" data-type=\"page\" data-id=\"29413\">suport<\/a> per a problemes t\u00e8cnics<\/li>\n\n\n\n<li>Llegeix la nostra pol\u00edtica <a href=\"https:\/\/hurom.es\/ca\/condiciones-y-costos-de-envio\/\" data-type=\"page\" data-id=\"556\">d&#8217;enviament<\/a> i <a href=\"https:\/\/hurom.es\/ca\/politica-de-reembolsos\/\" data-type=\"page\" data-id=\"557\">devoluci\u00f3<\/a><\/li>\n\n\n\n<li>Comen\u00e7a amb una de les nostres <a href=\"https:\/\/hurom.es\/ca\/receptes\/\" data-type=\"link\" data-id=\"https:\/\/hurom.es\/recetas-extractor\/\">receptes de suc saludables i delicioses<\/a><\/li>\n<\/ul>\n\n\n\n<div class=\"wp-block-buttons has-custom-font-size is-content-justification-left is-layout-flex wp-container-core-buttons-is-layout-458daba3 wp-block-buttons-is-layout-flex\" style=\"font-size:clamp(14px, 0.875rem + ((1vw - 3.2px) * 0.23), 16px);font-style:normal;font-weight:500\">\n<div class=\"wp-block-button has-custom-font-size\" style=\"font-size:clamp(14px, 0.875rem + ((1vw - 3.2px) * 0.23), 16px);font-style:normal;font-weight:500\"><a class=\"wp-block-button__link has-white-color has-black-background-color has-text-color has-background wp-element-button\" href=\"https:\/\/hurom.es\/ca\/asesoria\/\" style=\"border-radius:8px\">Agenda una trucada amb un consultor Hurom<\/a><\/div>\n<\/div>\n<\/div>\n\n\n\n<div class=\"wp-block-column is-layout-flow wp-block-column-is-layout-flow\" style=\"padding-top:0;padding-right:0;padding-bottom:0;padding-left:0\">\n<figure class=\"wp-block-image aligncenter size-full is-style-default\"><img fetchpriority=\"high\" decoding=\"async\" width=\"459\" height=\"700\" src=\"https:\/\/hurom.es\/wp-content\/uploads\/2023\/12\/extractor-de-alto-rendimiento-hurom-h300p-con-gran-capacidad16.webp\" alt=\"\" class=\"wp-image-29728\" style=\"aspect-ratio:1;object-fit:cover\" title=\"\" srcset=\"https:\/\/hurom.es\/wp-content\/uploads\/2023\/12\/extractor-de-alto-rendimiento-hurom-h300p-con-gran-capacidad16.webp 459w, https:\/\/hurom.es\/wp-content\/uploads\/2023\/12\/extractor-de-alto-rendimiento-hurom-h300p-con-gran-capacidad16-197x300.webp 197w, https:\/\/hurom.es\/wp-content\/uploads\/2023\/12\/extractor-de-alto-rendimiento-hurom-h300p-con-gran-capacidad16-441x673.webp 441w, https:\/\/hurom.es\/wp-content\/uploads\/2023\/12\/extractor-de-alto-rendimiento-hurom-h300p-con-gran-capacidad16-150x229.webp 150w\" sizes=\"(max-width: 459px) 100vw, 459px\" \/><\/figure>\n<\/div>\n<\/div>\n<\/div>\n<\/div>\n\n<div class=\"wp-block-group alignfull has-base-background-color has-background has-global-padding is-layout-constrained wp-container-core-group-is-layout-3b83e71c wp-block-group-is-layout-constrained\" style=\"padding-top:64px;padding-right:20px;padding-bottom:64px;padding-left:20px\">\n<div class=\"wp-block-group has-global-padding is-layout-constrained wp-container-core-group-is-layout-9843040e wp-block-group-is-layout-constrained\">\n<h2 class=\"wp-block-heading has-text-align-center has-contrast-color has-text-color\" style=\"font-size:clamp(22.041px, 1.378rem + ((1vw - 3.2px) * 1.604), 36px);font-style:normal;font-weight:800;line-height:1;text-transform:uppercase\">enssos comptats<\/h2>\n\n\n\n<p class=\"has-text-align-center\">Si encara necessites ajuda, ens encantaria escoltar la teva opini\u00f3. No dubtis en posar-te en contacte directament amb el nostre equip d&#8217;atenci\u00f3 al client. <\/p>\n<\/div>\n\n\n\n<div class=\"wp-block-group has-global-padding is-layout-constrained wp-container-core-group-is-layout-1d0f9599 wp-block-group-is-layout-constrained\">\n<div class=\"wp-block-columns are-vertically-aligned-center is-layout-flex wp-container-core-columns-is-layout-aca22cf8 wp-block-columns-is-layout-flex\">\n<div class=\"wp-block-column is-vertically-aligned-center is-layout-flow wp-container-core-column-is-layout-47e5a185 wp-block-column-is-layout-flow\" style=\"flex-basis:276px\">\n<div class=\"wp-block-group has-base-color has-text-color has-background is-vertical is-content-justification-left is-nowrap is-layout-flex wp-container-core-group-is-layout-3a7e1170 wp-block-group-is-layout-flex\" style=\"border-style:none;border-width:0px;border-radius:0px;background-color:#fefffa;padding-top:34px;padding-right:34px;padding-bottom:34px;padding-left:34px\">\n<h2 class=\"wp-block-heading has-contrast-color has-text-color\" style=\"font-size:clamp(14px, 0.875rem + ((1vw - 3.2px) * 0.69), 20px);font-style:normal;font-weight:700\">Escrit\u00f3rio<\/h2>\n\n\n\n<p>Carrer Joan de la Cierva, 3-5, Nave 4 08960 <\/p>\n\n\n\n<p>Sant Just Desvern, Espa\u00f1a<\/p>\n<\/div>\n<\/div>\n\n\n\n<div class=\"wp-block-column is-vertically-aligned-center is-layout-flow wp-container-core-column-is-layout-47e5a185 wp-block-column-is-layout-flow\" style=\"flex-basis:276px\">\n<div class=\"wp-block-group has-base-color has-text-color has-background is-vertical is-content-justification-left is-nowrap is-layout-flex wp-container-core-group-is-layout-3a7e1170 wp-block-group-is-layout-flex\" style=\"border-style:none;border-width:0px;border-radius:0px;background-color:#fefffa;padding-top:34px;padding-right:34px;padding-bottom:34px;padding-left:34px\">\n<h2 class=\"wp-block-heading has-contrast-color has-text-color\" style=\"font-size:clamp(14px, 0.875rem + ((1vw - 3.2px) * 0.69), 20px);font-style:normal;font-weight:700\">Contacta&#8217;ns<\/h2>\n\n\n\n<p class=\"has-text-color\" style=\"color:#666666;font-size:clamp(14px, 0.875rem + ((1vw - 3.2px) * 0.23), 16px);line-height:1.2\">(+34) <a href=\"tel:984040032\">984 040032<\/a><\/p>\n\n\n\n<p class=\"has-text-color\" style=\"color:#666666;font-size:clamp(14px, 0.875rem + ((1vw - 3.2px) * 0.23), 16px);line-height:1.2\">(+34) <a href=\"tel:642070236\">642070236<\/a><br\/><a href=\"mailto:info@huromitalia.it\">asistencia@hurom.es<\/a><\/p>\n<\/div>\n<\/div>\n\n\n\n<div class=\"wp-block-column is-vertically-aligned-center is-layout-flow wp-container-core-column-is-layout-47e5a185 wp-block-column-is-layout-flow\" style=\"flex-basis:276px\">\n<div class=\"wp-block-group has-base-color has-text-color has-background is-vertical is-content-justification-left is-nowrap is-layout-flex wp-container-core-group-is-layout-3a7e1170 wp-block-group-is-layout-flex\" style=\"border-style:none;border-width:0px;border-radius:0px;background-color:#fefffa;padding-top:34px;padding-right:34px;padding-bottom:34px;padding-left:34px\">\n<h2 class=\"wp-block-heading has-contrast-color has-text-color\" style=\"font-size:clamp(14px, 0.875rem + ((1vw - 3.2px) * 0.69), 20px);font-style:normal;font-weight:700\">Horaris<\/h2>\n\n\n\n<p class=\"has-text-color\" style=\"color:#666666;font-size:clamp(14px, 0.875rem + ((1vw - 3.2px) * 0.23), 16px);line-height:1.2\">Segona a sisena:<br\/>10h00 \u2013 18h00<\/p>\n<\/div>\n<\/div>\n<\/div>\n<\/div>\n\n\n\n<div class=\"wp-block-group is-content-justification-center is-nowrap is-layout-flex wp-container-core-group-is-layout-23441af8 wp-block-group-is-layout-flex\">\n<div class=\"wp-block-columns are-vertically-aligned-center is-layout-flex wp-container-core-columns-is-layout-28f84493 wp-block-columns-is-layout-flex\">\n<div class=\"wp-block-column is-layout-flow wp-block-column-is-layout-flow\" style=\"flex-basis:15%\"><\/div>\n\n\n\n<div class=\"wp-block-column is-vertically-aligned-center is-layout-flow wp-block-column-is-layout-flow\" style=\"flex-basis:70%\">\n<h2 class=\"wp-block-heading has-text-align-center has-medium-font-size\" style=\"text-transform:uppercase\">FORMULARI DE CONTAT<\/h2>\n\n\n<style id=\"wpforms-css-vars-29633-block-dbc3372d-adb3-471c-a011-d5c508c21aa7\">\n\t\t\t\t#wpforms-29633.wpforms-block-dbc3372d-adb3-471c-a011-d5c508c21aa7 {\n\t\t\t\t--wpforms-button-background-color: #84bd00;\n--wpforms-field-size-input-height: 43px;\n--wpforms-field-size-input-spacing: 15px;\n--wpforms-field-size-font-size: 16px;\n--wpforms-field-size-line-height: 19px;\n--wpforms-field-size-padding-h: 14px;\n--wpforms-field-size-checkbox-size: 16px;\n--wpforms-field-size-sublabel-spacing: 5px;\n--wpforms-field-size-icon-size: 1;\n--wpforms-label-size-font-size: 16px;\n--wpforms-label-size-line-height: 19px;\n--wpforms-label-size-sublabel-font-size: 14px;\n--wpforms-label-size-sublabel-line-height: 17px;\n--wpforms-button-size-font-size: 20px;\n--wpforms-button-size-height: 48px;\n--wpforms-button-size-padding-h: 20px;\n--wpforms-button-size-margin-top: 15px;\n\t\t\t}\n\t\t\t<\/style><div class=\"wpforms-container wpforms-container-full wpforms-block wpforms-block-dbc3372d-adb3-471c-a011-d5c508c21aa7 wpforms-render-modern\" id=\"wpforms-29633\"><form id=\"wpforms-form-29633\" class=\"wpforms-validate wpforms-form\" data-formid=\"29633\" method=\"post\" enctype=\"multipart\/form-data\" action=\"\/ca\/wp-json\/wp\/v2\/pages\/33922\" data-token=\"fc89c46ce35e70baef2d1c4ce911290a\" data-token-time=\"1776745277\"><noscript class=\"wpforms-error-noscript\">Activeu el JavaScript al navegador per a poder completar el formulari.<\/noscript><div id=\"wpforms-error-noscript\" style=\"display: none;\">Activeu el JavaScript al navegador per a poder completar el formulari.<\/div><div class=\"wpforms-field-container\"><div id=\"wpforms-29633-field_0-container\" class=\"wpforms-field wpforms-field-name\" data-field-id=\"0\"><fieldset><legend class=\"wpforms-field-label\">Nombre y Apellido <span class=\"wpforms-required-label\" aria-hidden=\"true\">*<\/span><\/legend><div class=\"wpforms-field-row wpforms-field-large\"><div class=\"wpforms-field-row-block wpforms-first wpforms-one-half\"><input type=\"text\" id=\"wpforms-29633-field_0\" class=\"wpforms-field-name-first wpforms-field-required\" name=\"wpforms[fields][0][first]\" aria-errormessage=\"wpforms-29633-field_0-error\" required><label for=\"wpforms-29633-field_0\" class=\"wpforms-field-sublabel after\">Nom<\/label><\/div><div class=\"wpforms-field-row-block wpforms-one-half\"><input type=\"text\" id=\"wpforms-29633-field_0-last\" class=\"wpforms-field-name-last wpforms-field-required\" name=\"wpforms[fields][0][last]\" aria-errormessage=\"wpforms-29633-field_0-last-error\" required><label for=\"wpforms-29633-field_0-last\" class=\"wpforms-field-sublabel after\">Cognoms<\/label><\/div><\/div><\/fieldset><\/div><div id=\"wpforms-29633-field_1-container\" class=\"wpforms-field wpforms-field-email\" data-field-id=\"1\"><label class=\"wpforms-field-label\" for=\"wpforms-29633-field_1\">Email <span class=\"wpforms-required-label\" aria-hidden=\"true\">*<\/span><\/label><input type=\"email\" id=\"wpforms-29633-field_1\" class=\"wpforms-field-large wpforms-field-required\" name=\"wpforms[fields][1]\" spellcheck=\"false\" aria-errormessage=\"wpforms-29633-field_1-error\" required><\/div><div id=\"wpforms-29633-field_6-container\" class=\"wpforms-field wpforms-field-select wpforms-field-select-style-classic\" data-field-id=\"6\"><label class=\"wpforms-field-label\" for=\"wpforms-29633-field_6\">Asunto <span class=\"wpforms-required-label\" aria-hidden=\"true\">*<\/span><\/label><select id=\"wpforms-29633-field_6\" class=\"wpforms-field-large wpforms-field-required\" name=\"wpforms[fields][6]\" required=\"required\"><option value=\"Problema T\u00e9cnico\"  class=\"choice-1 depth-1\"  >Problema T\u00e9cnico<\/option><option value=\"General\"  class=\"choice-2 depth-1\"  >General<\/option><option value=\"Reclamos\"  class=\"choice-3 depth-1\"  >Reclamos<\/option><\/select><\/div><div id=\"wpforms-29633-field_2-container\" class=\"wpforms-field wpforms-field-textarea\" data-field-id=\"2\"><label class=\"wpforms-field-label\" for=\"wpforms-29633-field_2\">Mensaje <span class=\"wpforms-required-label\" aria-hidden=\"true\">*<\/span><\/label><textarea id=\"wpforms-29633-field_2\" class=\"wpforms-field-medium wpforms-field-required\" name=\"wpforms[fields][2]\" aria-errormessage=\"wpforms-29633-field_2-error\" required><\/textarea><\/div><div id=\"wpforms-29633-field_3-container\" class=\"wpforms-field wpforms-field-checkbox\" data-field-id=\"3\"><fieldset><legend class=\"wpforms-field-label wpforms-label-hide\" aria-hidden=\"false\">Privacy <span class=\"wpforms-required-label\" aria-hidden=\"true\">*<\/span><\/legend><ul id=\"wpforms-29633-field_3\" class=\"wpforms-field-required\"><li class=\"choice-1 depth-1\"><input type=\"checkbox\" id=\"wpforms-29633-field_3_1\" name=\"wpforms[fields][3][]\" value=\"Autorizo el tratamiento de los datos personales contenidos en este formulario y acepto la politica de privacidad\" aria-errormessage=\"wpforms-29633-field_3_1-error\" required ><label class=\"wpforms-field-label-inline\" for=\"wpforms-29633-field_3_1\">Autorizo el tratamiento de los datos personales contenidos en este formulario y acepto la politica de privacidad<\/label><\/li><\/ul><\/fieldset><\/div><div id=\"wpforms-29633-field_5-container\" class=\"wpforms-field wpforms-field-checkbox\" data-field-id=\"5\"><fieldset><legend class=\"wpforms-field-label wpforms-label-hide\" aria-hidden=\"false\">RGPD <span class=\"wpforms-required-label\" aria-hidden=\"true\">*<\/span><\/legend><ul id=\"wpforms-29633-field_5\" class=\"wpforms-field-required\"><li class=\"choice-1 depth-1\"><input type=\"checkbox\" id=\"wpforms-29633-field_5_1\" name=\"wpforms[fields][5][]\" value=\"Acepto recibir informaci\u00f3n comercial, ofertas y promociones.\" aria-errormessage=\"wpforms-29633-field_5_1-error\" required ><label class=\"wpforms-field-label-inline\" for=\"wpforms-29633-field_5_1\">Acepto recibir informaci\u00f3n comercial, ofertas y promociones.<\/label><\/li><\/ul><\/fieldset><\/div><\/div><!-- .wpforms-field-container --><div class=\"wpforms-field wpforms-field-hp\"><label for=\"wpforms-29633-field-hp\" class=\"wpforms-field-label\">Comment<\/label><input type=\"text\" name=\"wpforms[hp]\" id=\"wpforms-29633-field-hp\" class=\"wpforms-field-medium\"><\/div><div class=\"wpforms-recaptcha-container wpforms-is-recaptcha wpforms-is-recaptcha-type-v2\" ><div class=\"g-recaptcha\" data-sitekey=\"6Lf-_nwpAAAAAKxN0AkdB7mPS4MsXvUEASNjjJcJ\"><\/div><input type=\"text\" name=\"g-recaptcha-hidden\" class=\"wpforms-recaptcha-hidden\" style=\"position:absolute!important;clip:rect(0,0,0,0)!important;height:1px!important;width:1px!important;border:0!important;overflow:hidden!important;padding:0!important;margin:0!important;\" data-rule-recaptcha=\"1\"><\/div><div class=\"wpforms-submit-container\" ><input type=\"hidden\" name=\"wpforms[id]\" value=\"29633\"><input type=\"hidden\" name=\"page_title\" value=\"\"><input type=\"hidden\" name=\"page_url\" value=\"https:\/\/hurom.es\/ca\/wp-json\/wp\/v2\/pages\/33922\"><input type=\"hidden\" name=\"url_referer\" value=\"\"><button type=\"submit\" name=\"wpforms[submit]\" id=\"wpforms-submit-29633\" class=\"wpforms-submit b-envio\" data-alt-text=\"enviando...\" data-submit-text=\"Envia solicitud\" aria-live=\"assertive\" value=\"wpforms-submit\">Envia solicitud<\/button><\/div><\/form><\/div>  <!-- .wpforms-container --><\/div>\n\n\n\n<div class=\"wp-block-column is-layout-flow wp-block-column-is-layout-flow\" style=\"flex-basis:15%\"><\/div>\n<\/div>\n<\/div>\n\n\n\n<div class=\"wp-block-group is-content-justification-center is-nowrap is-layout-flex wp-container-core-group-is-layout-23441af8 wp-block-group-is-layout-flex\">\n<pre class=\"wp-block-code wp-container-content-9cfa9a5a\"><code><iframe src=\"https:\/\/www.google.com\/maps\/embed?pb=!1m18!1m12!1m3!1d457.03132448648824!2d2.0613725658546533!3d41.38250760385659!2m3!1f0!2f0!3f0!3m2!1i1024!2i768!4f13.1!3m3!1m2!1s0x12a49bd4a8e62cf9%3A0x50f1b70246e8c36!2sPol%C3%ADgon%20Industrial%20Sud-Oest%2C%20Carrer%20Joan%20de%20la%20Cierva%2C%203-5%2C%20Nave%204%2C%2008960%20Barcelona%2C%20Espa%C3%B1a!5e0!3m2!1ses!2sit!4v1713252141414!5m2!1ses!2sit\" width=\"100%\" height=\"450\" style=\"border:0;\" allowfullscreen=\"\" loading=\"lazy\" referrerpolicy=\"no-referrer-when-downgrade\"><\/iframe>\n<\/code><\/pre>\n<\/div>\n<\/div>\n","protected":false},"excerpt":{"rendered":"<p>Contats d&#8217;atenci\u00f3 al client Hurom Abans d&#8217;entrar em comptat com nossa equipe, recomanem verificar aquests recursos \u00fateis cas la seva d\u00favida ja tenha estat resposta. enssos comptats Si encara necessites ajuda, ens encantaria escoltar la teva opini\u00f3. No dubtis en posar-te en contacte directament amb el nostre equip d&#8217;atenci\u00f3 al client. Escrit\u00f3rio Carrer Joan de [&hellip;]<\/p>\n","protected":false},"author":1,"featured_media":0,"parent":0,"menu_order":40,"comment_status":"closed","ping_status":"closed","template":"template-fullwidth-no-heading.php","meta":{"footnotes":""},"class_list":["post-33922","page","type-page","status-publish","hentry"],"_links":{"self":[{"href":"https:\/\/hurom.es\/ca\/wp-json\/wp\/v2\/pages\/33922","targetHints":{"allow":["GET"]}}],"collection":[{"href":"https:\/\/hurom.es\/ca\/wp-json\/wp\/v2\/pages"}],"about":[{"href":"https:\/\/hurom.es\/ca\/wp-json\/wp\/v2\/types\/page"}],"author":[{"embeddable":true,"href":"https:\/\/hurom.es\/ca\/wp-json\/wp\/v2\/users\/1"}],"replies":[{"embeddable":true,"href":"https:\/\/hurom.es\/ca\/wp-json\/wp\/v2\/comments?post=33922"}],"version-history":[{"count":4,"href":"https:\/\/hurom.es\/ca\/wp-json\/wp\/v2\/pages\/33922\/revisions"}],"predecessor-version":[{"id":34063,"href":"https:\/\/hurom.es\/ca\/wp-json\/wp\/v2\/pages\/33922\/revisions\/34063"}],"wp:attachment":[{"href":"https:\/\/hurom.es\/ca\/wp-json\/wp\/v2\/media?parent=33922"}],"curies":[{"name":"wp","href":"https:\/\/api.w.org\/{rel}","templated":true}]}}