{"id":33910,"date":"2023-12-15T18:58:32","date_gmt":"2023-12-15T17:58:32","guid":{"rendered":"https:\/\/hurom.es\/quienes-somos\/"},"modified":"2025-03-07T10:56:37","modified_gmt":"2025-03-07T09:56:37","slug":"quienes-somos","status":"publish","type":"page","link":"https:\/\/hurom.es\/ca\/quienes-somos\/","title":{"rendered":"Qui som?"},"content":{"rendered":"\n<div class=\"wp-block-group alignfull has-global-padding is-layout-constrained wp-container-core-group-is-layout-7043b10e wp-block-group-is-layout-constrained\" style=\"padding-right:0;padding-bottom:0;padding-left:0\">\n<div class=\"wp-block-group alignwide has-base-background-color has-background has-global-padding is-layout-constrained wp-container-core-group-is-layout-bcbe5670 wp-block-group-is-layout-constrained\" style=\"padding-top:64px;padding-right:16px;padding-bottom:64px;padding-left:16px\">\n<div class=\"wp-block-columns are-vertically-aligned-center is-layout-flex wp-container-core-columns-is-layout-b325c629 wp-block-columns-is-layout-flex\" style=\"margin-top:0;margin-bottom:0;padding-top:0;padding-right:0;padding-bottom:0;padding-left:0\">\n<div class=\"wp-block-column is-vertically-aligned-center has-global-padding is-layout-constrained wp-container-core-column-is-layout-254f1302 wp-block-column-is-layout-constrained\" style=\"padding-top:0;padding-right:0;padding-bottom:0;padding-left:0\">\n<h1 class=\"wp-block-heading\">Qui som: Hurom, 40 anys d&#8217;innovaci\u00f3 en el sector<\/h1>\n\n\n\n<h2 class=\"wp-block-heading\">Uma empresa d&#8217;eletrodom\u00e8stics de renom mundial<\/h2>\n\n\n\n<p>Des del primer dia, desenvolupem tecnologies i productes innovadors que promouen estils de vida saludables per als nostres clients, ajudant-los a integrar efica\u00e7ment aliments integrals i nutritius a les seves dietes.<\/p>\n\n\n\n<div class=\"wp-block-buttons has-custom-font-size is-content-justification-left is-layout-flex wp-container-core-buttons-is-layout-458daba3 wp-block-buttons-is-layout-flex\" style=\"font-size:clamp(14px, 0.875rem + ((1vw - 3.2px) * 0.23), 16px);font-style:normal;font-weight:500\">\n<div class=\"wp-block-button has-custom-font-size\" style=\"font-size:clamp(14px, 0.875rem + ((1vw - 3.2px) * 0.23), 16px);font-style:normal;font-weight:500\"><a class=\"wp-block-button__link has-white-color has-black-background-color has-text-color has-background wp-element-button\" href=\"https:\/\/hurom.es\/ca\/extractores-de-zumo-ca\/\" style=\"border-radius:8px\">Descobreix els nostres extractors<\/a><\/div>\n<\/div>\n<\/div>\n\n\n\n<div class=\"wp-block-column is-layout-flow wp-block-column-is-layout-flow\" style=\"padding-top:0;padding-right:0;padding-bottom:0;padding-left:0\">\n<figure class=\"wp-block-image aligncenter size-full is-style-default\"><img fetchpriority=\"high\" decoding=\"async\" width=\"800\" height=\"1199\" src=\"https:\/\/hurom.es\/wp-content\/uploads\/2024\/02\/hurom-h400.webp\" alt=\"\" class=\"wp-image-29808\" style=\"aspect-ratio:1;object-fit:cover\" title=\"\" srcset=\"https:\/\/hurom.es\/wp-content\/uploads\/2024\/02\/hurom-h400.webp 800w, https:\/\/hurom.es\/wp-content\/uploads\/2024\/02\/hurom-h400-200x300.webp 200w, https:\/\/hurom.es\/wp-content\/uploads\/2024\/02\/hurom-h400-683x1024.webp 683w, https:\/\/hurom.es\/wp-content\/uploads\/2024\/02\/hurom-h400-768x1151.webp 768w, https:\/\/hurom.es\/wp-content\/uploads\/2024\/02\/hurom-h400-441x661.webp 441w, https:\/\/hurom.es\/wp-content\/uploads\/2024\/02\/hurom-h400-600x899.webp 600w, https:\/\/hurom.es\/wp-content\/uploads\/2024\/02\/hurom-h400-150x225.webp 150w\" sizes=\"(max-width: 800px) 100vw, 800px\" \/><\/figure>\n<\/div>\n<\/div>\n<\/div>\n<\/div>\n\n<hr class=\"wp-block-separator has-alpha-channel-opacity\"\/>\n\n<p class=\"has-text-align-center\" style=\"font-size:clamp(16.834px, 1.052rem + ((1vw - 3.2px) * 1.054), 26px);\"><strong>La nostra hist\u00f2ria<\/strong><\/p>\n\n<div class=\"wp-block-group alignfull has-base-background-color has-background has-global-padding is-layout-constrained wp-container-core-group-is-layout-d7b95318 wp-block-group-is-layout-constrained\" style=\"border-bottom-style:none;border-bottom-width:0px;padding-top:64px;padding-right:64px;padding-bottom:64px;padding-left:64px\">\n<div class=\"wp-block-columns are-vertically-aligned-center is-layout-flex wp-container-core-columns-is-layout-269740e5 wp-block-columns-is-layout-flex\">\n<div class=\"wp-block-column is-vertically-aligned-center is-layout-flow wp-container-core-column-is-layout-8eebadab wp-block-column-is-layout-flow\" style=\"flex-basis:50%\">\n<div class=\"wp-block-group is-vertical is-layout-flex wp-container-core-group-is-layout-b2c973f4 wp-block-group-is-layout-flex\">\n<p>1974<\/p>\n\n\n\n<h3 class=\"wp-block-heading\">Hurom va n\u00e9ixer com una empresa productora d&#8217;electrodom\u00e8stics per a la cuina.<\/h3>\n\n\n\n<p>Emprenedor i innovador, el fundador de Hurom tenia la missi\u00f3 de promoure un estil de vida saludable, creant dispositius que ajudessin les persones a menjar aliments integrals m\u00e9s nutritius.<\/p>\n<\/div>\n<\/div>\n\n\n\n<div class=\"wp-block-column is-vertically-aligned-center is-layout-flow wp-block-column-is-layout-flow\">\n<figure class=\"wp-block-image size-full is-resized\"><img decoding=\"async\" width=\"600\" height=\"600\" src=\"https:\/\/hurom.es\/wp-content\/uploads\/2024\/02\/1974-edited.webp\" alt=\"\" class=\"wp-image-29807\" style=\"aspect-ratio:1;object-fit:cover;width:400px\" title=\"\" srcset=\"https:\/\/hurom.es\/wp-content\/uploads\/2024\/02\/1974-edited.webp 600w, https:\/\/hurom.es\/wp-content\/uploads\/2024\/02\/1974-edited-300x300.webp 300w, https:\/\/hurom.es\/wp-content\/uploads\/2024\/02\/1974-edited-150x150.webp 150w, https:\/\/hurom.es\/wp-content\/uploads\/2024\/02\/1974-edited-441x441.webp 441w, https:\/\/hurom.es\/wp-content\/uploads\/2024\/02\/1974-edited-100x100.webp 100w\" sizes=\"(max-width: 600px) 100vw, 600px\" \/><\/figure>\n<\/div>\n<\/div>\n\n\n\n<div class=\"wp-block-columns are-vertically-aligned-center is-layout-flex wp-container-core-columns-is-layout-269740e5 wp-block-columns-is-layout-flex\">\n<div class=\"wp-block-column is-vertically-aligned-center is-layout-flow wp-block-column-is-layout-flow\">\n<figure class=\"wp-block-image size-full is-resized\"><img decoding=\"async\" width=\"600\" height=\"600\" src=\"https:\/\/hurom.es\/wp-content\/uploads\/2024\/02\/1979-edited.webp\" alt=\"\" class=\"wp-image-29806\" style=\"aspect-ratio:1;object-fit:cover;width:400px\" title=\"\" srcset=\"https:\/\/hurom.es\/wp-content\/uploads\/2024\/02\/1979-edited.webp 600w, https:\/\/hurom.es\/wp-content\/uploads\/2024\/02\/1979-edited-300x300.webp 300w, https:\/\/hurom.es\/wp-content\/uploads\/2024\/02\/1979-edited-150x150.webp 150w, https:\/\/hurom.es\/wp-content\/uploads\/2024\/02\/1979-edited-441x441.webp 441w, https:\/\/hurom.es\/wp-content\/uploads\/2024\/02\/1979-edited-100x100.webp 100w\" sizes=\"(max-width: 600px) 100vw, 600px\" \/><\/figure>\n<\/div>\n\n\n\n<div class=\"wp-block-column is-vertically-aligned-center is-layout-flow wp-container-core-column-is-layout-8eebadab wp-block-column-is-layout-flow\" style=\"flex-basis:50%\">\n<div class=\"wp-block-group is-vertical is-layout-flex wp-container-core-group-is-layout-b2c973f4 wp-block-group-is-layout-flex\">\n<p>1979-1998<\/p>\n\n\n\n<h3 class=\"wp-block-heading\">Desenvolvi utens\u00edlios de cuina, incloent um processador el\u00e8tric d&#8217;aliments.<\/h3>\n\n\n\n<p>La innovaci\u00f3 sempre ha estat un factor clau a Hurom. Durant aquest per\u00edode, Hurom ha produ\u00eft i comercialitzat diversos electrodom\u00e8stics de cuina, incloent un processador d&#8217;aliments d&#8217;alta velocitat. <\/p>\n<\/div>\n<\/div>\n<\/div>\n\n\n\n<div class=\"wp-block-columns are-vertically-aligned-center is-layout-flex wp-container-core-columns-is-layout-269740e5 wp-block-columns-is-layout-flex\">\n<div class=\"wp-block-column is-vertically-aligned-center is-layout-flow wp-container-core-column-is-layout-8eebadab wp-block-column-is-layout-flow\" style=\"flex-basis:50%\">\n<div class=\"wp-block-group is-vertical is-layout-flex wp-container-core-group-is-layout-b2c973f4 wp-block-group-is-layout-flex\">\n<p>2005<\/p>\n\n\n\n<h3 class=\"wp-block-heading\">Hurom Slow Juicer seleccionat com a producte core\u00e0 de classe mundial<\/h3>\n\n\n\n<p>\u00c9 llan\u00e7at o primeiro extrator lent de prensagem a frio do m\u00f3n.<\/p>\n\n\n\n<p>Hurom anuncia el primer extractor lent utilitzant la seva tecnologia SST (Slow Squeezing Technology) patentada mundialment.<\/p>\n<\/div>\n<\/div>\n\n\n\n<div class=\"wp-block-column is-vertically-aligned-center is-layout-flow wp-block-column-is-layout-flow\">\n<figure class=\"wp-block-image alignright size-full is-resized\"><img loading=\"lazy\" decoding=\"async\" width=\"600\" height=\"750\" src=\"https:\/\/hurom.es\/wp-content\/uploads\/2024\/02\/2005.webp\" alt=\"\" class=\"wp-image-29805\" style=\"width:350px\" title=\"\" srcset=\"https:\/\/hurom.es\/wp-content\/uploads\/2024\/02\/2005.webp 600w, https:\/\/hurom.es\/wp-content\/uploads\/2024\/02\/2005-240x300.webp 240w, https:\/\/hurom.es\/wp-content\/uploads\/2024\/02\/2005-441x551.webp 441w, https:\/\/hurom.es\/wp-content\/uploads\/2024\/02\/2005-150x188.webp 150w\" sizes=\"(max-width: 600px) 100vw, 600px\" \/><\/figure>\n<\/div>\n<\/div>\n\n\n\n<div class=\"wp-block-columns are-vertically-aligned-center is-layout-flex wp-container-core-columns-is-layout-269740e5 wp-block-columns-is-layout-flex\">\n<div class=\"wp-block-column is-vertically-aligned-center is-layout-flow wp-block-column-is-layout-flow\">\n<figure class=\"wp-block-image size-full is-resized\"><img loading=\"lazy\" decoding=\"async\" width=\"492\" height=\"656\" src=\"https:\/\/hurom.es\/wp-content\/uploads\/2024\/02\/hurom-s13-e1696847090531.webp\" alt=\"\" class=\"wp-image-29551\" style=\"width:350px\" title=\"\" srcset=\"https:\/\/hurom.es\/wp-content\/uploads\/2024\/02\/hurom-s13-e1696847090531.webp 492w, https:\/\/hurom.es\/wp-content\/uploads\/2024\/02\/hurom-s13-e1696847090531-225x300.webp 225w, https:\/\/hurom.es\/wp-content\/uploads\/2024\/02\/hurom-s13-e1696847090531-441x588.webp 441w, https:\/\/hurom.es\/wp-content\/uploads\/2024\/02\/hurom-s13-e1696847090531-150x200.webp 150w\" sizes=\"(max-width: 492px) 100vw, 492px\" \/><\/figure>\n<\/div>\n\n\n\n<div class=\"wp-block-column is-vertically-aligned-center is-layout-flow wp-container-core-column-is-layout-8eebadab wp-block-column-is-layout-flow\" style=\"flex-basis:50%\">\n<div class=\"wp-block-group is-vertical is-layout-flex wp-container-core-group-is-layout-b2c973f4 wp-block-group-is-layout-flex\">\n<p>2010<\/p>\n\n\n\n<h3 class=\"wp-block-heading\">Hurom va n\u00e9ixer com una empresa productora d&#8217;electrodom\u00e8stics per a la cuina.<\/h3>\n\n\n\n<p>El govern core\u00e0 va designar el Hurom Slow Juicer com un producte de primera classe, reflectint el seu creixement al mercat. El producte de classe mundial ha resultat en un producte classificat entre els 5 primers en termes de participaci\u00f3 al mercat global cada any. <\/p>\n<\/div>\n<\/div>\n<\/div>\n\n\n\n<div class=\"wp-block-columns are-vertically-aligned-center is-layout-flex wp-container-core-columns-is-layout-269740e5 wp-block-columns-is-layout-flex\">\n<div class=\"wp-block-column is-vertically-aligned-center is-layout-flow wp-container-core-column-is-layout-8eebadab wp-block-column-is-layout-flow\" style=\"flex-basis:50%\">\n<div class=\"wp-block-group is-vertical is-layout-flex wp-container-core-group-is-layout-b2c973f4 wp-block-group-is-layout-flex\">\n<p>2013<\/p>\n\n\n\n<h3 class=\"wp-block-heading\">Vencedor del Red Dot Design Award i del IF Award for Product Design<\/h3>\n\n\n\n<p>Hurom premiat per l&#8217;excel\u00b7l\u00e8ncia en disseny de productes en competicions de disseny de renom mundial.<\/p>\n<\/div>\n<\/div>\n\n\n\n<div class=\"wp-block-column is-vertically-aligned-center is-layout-flow wp-block-column-is-layout-flow\">\n<figure class=\"wp-block-image alignright size-full is-resized\"><img loading=\"lazy\" decoding=\"async\" width=\"600\" height=\"750\" src=\"https:\/\/hurom.es\/wp-content\/uploads\/2024\/02\/2013.webp\" alt=\"\" class=\"wp-image-29804\" style=\"width:300px\" title=\"\" srcset=\"https:\/\/hurom.es\/wp-content\/uploads\/2024\/02\/2013.webp 600w, https:\/\/hurom.es\/wp-content\/uploads\/2024\/02\/2013-240x300.webp 240w, https:\/\/hurom.es\/wp-content\/uploads\/2024\/02\/2013-441x551.webp 441w, https:\/\/hurom.es\/wp-content\/uploads\/2024\/02\/2013-150x188.webp 150w\" sizes=\"(max-width: 600px) 100vw, 600px\" \/><\/figure>\n<\/div>\n<\/div>\n\n\n\n<div class=\"wp-block-columns are-vertically-aligned-center is-layout-flex wp-container-core-columns-is-layout-269740e5 wp-block-columns-is-layout-flex\">\n<div class=\"wp-block-column is-vertically-aligned-center is-layout-flow wp-block-column-is-layout-flow\">\n<figure class=\"wp-block-image size-full\"><img loading=\"lazy\" decoding=\"async\" width=\"459\" height=\"700\" src=\"https:\/\/hurom.es\/wp-content\/uploads\/2023\/12\/extractor-de-alto-rendimiento-hurom-h300p-con-gran-capacidad16.webp\" alt=\"\" class=\"wp-image-29728\" style=\"aspect-ratio:1;object-fit:cover\" title=\"\" srcset=\"https:\/\/hurom.es\/wp-content\/uploads\/2023\/12\/extractor-de-alto-rendimiento-hurom-h300p-con-gran-capacidad16.webp 459w, https:\/\/hurom.es\/wp-content\/uploads\/2023\/12\/extractor-de-alto-rendimiento-hurom-h300p-con-gran-capacidad16-197x300.webp 197w, https:\/\/hurom.es\/wp-content\/uploads\/2023\/12\/extractor-de-alto-rendimiento-hurom-h300p-con-gran-capacidad16-441x673.webp 441w, https:\/\/hurom.es\/wp-content\/uploads\/2023\/12\/extractor-de-alto-rendimiento-hurom-h300p-con-gran-capacidad16-150x229.webp 150w\" sizes=\"(max-width: 459px) 100vw, 459px\" \/><\/figure>\n<\/div>\n\n\n\n<div class=\"wp-block-column is-vertically-aligned-center is-layout-flow wp-container-core-column-is-layout-8eebadab wp-block-column-is-layout-flow\" style=\"flex-basis:50%\">\n<div class=\"wp-block-group is-vertical is-layout-flex wp-container-core-group-is-layout-b2c973f4 wp-block-group-is-layout-flex\">\n<p>AVUY<\/p>\n\n\n\n<h3 class=\"wp-block-heading\">Hurom avuy<\/h3>\n\n\n\n<p>Al mercat d&#8217;espremedors lents, llan\u00e7at per Hurom, el Hurom Slow Juicer ha acumulat milions de vendes arreu del m\u00f3n. Hurom continua refinant la seva tecnologia de sucs i desenvolupant dispositius m\u00e9s \u00fatils. <\/p>\n<\/div>\n<\/div>\n<\/div>\n<\/div>\n\n<div class=\"wp-block-group alignfull has-background has-global-padding is-content-justification-center is-layout-constrained wp-container-core-group-is-layout-2aadf2d8 wp-block-group-is-layout-constrained\" style=\"background-color:#f3f5f0;padding-top:64px;padding-right:20px;padding-bottom:64px;padding-left:20px\">\n<div class=\"wp-block-columns are-vertically-aligned-center is-layout-flex wp-container-core-columns-is-layout-96a9e0ec wp-block-columns-is-layout-flex\" style=\"margin-top:0;margin-bottom:0;padding-top:0;padding-right:0;padding-bottom:0;padding-left:0\">\n<div class=\"wp-block-column is-vertically-aligned-center has-global-padding is-content-justification-left is-layout-constrained wp-container-core-column-is-layout-14fa8993 wp-block-column-is-layout-constrained\" style=\"padding-top:0;padding-right:0;padding-bottom:0;padding-left:0;flex-basis:55%\">\n<div class=\"wp-block-group is-vertical is-layout-flex wp-container-core-group-is-layout-3ec2841e wp-block-group-is-layout-flex\">\n<h3 class=\"wp-block-heading has-text-align-left has-contrast-color has-text-color\">El Hurom Product Research Institute desenvolupa i innova per oferir als clients els millors productes i tecnologies.<\/h3>\n\n\n\n<p>\u2022 Equip de pr\u00e8via investigaci\u00f3: responsable de la investigaci\u00f3 preliminar, revisi\u00f3 de nous components i proves d&#8217;execuci\u00f3.<\/p>\n\n\n\n<p>\u2022 Equip de Disseny: Dissenyar i verificar models de productes mitjan\u00e7ant impressores 3D.<\/p>\n\n\n\n<p>\u2022 Equip de Certificaci\u00f3: certifica la seguretat de productes nacionals i estrangers, aix\u00ed com el desenvolupament de components de dispositius el\u00e8ctrics.<\/p>\n\n\n\n<p>\u2022 Equip de Disseny de Producte: Analitza les tend\u00e8ncies globals, aix\u00ed com les tend\u00e8ncies de consum, per concebre i implementar els dissenys i funcions m\u00e9s adequats.<\/p>\n<\/div>\n\n\n\n<div class=\"wp-block-buttons is-horizontal is-content-justification-left is-layout-flex wp-container-core-buttons-is-layout-921065ce wp-block-buttons-is-layout-flex\">\n<div class=\"wp-block-button has-custom-font-size\" style=\"font-size:clamp(14px, 0.875rem + ((1vw - 3.2px) * 0.23), 16px);font-style:normal;font-weight:500\"><a class=\"wp-block-button__link has-white-color has-black-background-color has-text-color has-background wp-element-button\" href=\"https:\/\/hurom.es\/ca\/por-que-hurom\/\" style=\"border-radius:8px\">Descobreix m\u00e9s sobre Hurom<\/a><\/div>\n<\/div>\n<\/div>\n\n\n\n<div class=\"wp-block-column is-vertically-aligned-center is-layout-flow wp-block-column-is-layout-flow\" style=\"flex-basis:45%\">\n<figure class=\"wp-block-embed is-type-video is-provider-youtube wp-block-embed-youtube wp-embed-aspect-16-9 wp-has-aspect-ratio\"><div class=\"wp-block-embed__wrapper\">\n<div class=\"video-container\"><iframe title=\"Hurom R&amp;D center\" width=\"1170\" height=\"658\" src=\"https:\/\/www.youtube.com\/embed\/QL0_CKb4K0E?feature=oembed&#038;enablejsapi=1&#038;origin=https:\/\/hurom.es\" frameborder=\"0\" allow=\"accelerometer; autoplay; clipboard-write; encrypted-media; gyroscope; picture-in-picture; web-share\" referrerpolicy=\"strict-origin-when-cross-origin\" allowfullscreen><\/iframe><\/div>\n<\/div><\/figure>\n<\/div>\n<\/div>\n<\/div>\n","protected":false},"excerpt":{"rendered":"<p>Qui som: Hurom, 40 anys d&#8217;innovaci\u00f3 en el sector Uma empresa d&#8217;eletrodom\u00e8stics de renom mundial Des del primer dia, desenvolupem tecnologies i productes innovadors que promouen estils de vida saludables per als nostres clients, ajudant-los a integrar efica\u00e7ment aliments integrals i nutritius a les seves dietes. La nostra hist\u00f2ria 1974 Hurom va n\u00e9ixer com una [&hellip;]<\/p>\n","protected":false},"author":1,"featured_media":0,"parent":0,"menu_order":2,"comment_status":"closed","ping_status":"closed","template":"template-canvas.php","meta":{"footnotes":""},"class_list":["post-33910","page","type-page","status-publish","hentry"],"_links":{"self":[{"href":"https:\/\/hurom.es\/ca\/wp-json\/wp\/v2\/pages\/33910","targetHints":{"allow":["GET"]}}],"collection":[{"href":"https:\/\/hurom.es\/ca\/wp-json\/wp\/v2\/pages"}],"about":[{"href":"https:\/\/hurom.es\/ca\/wp-json\/wp\/v2\/types\/page"}],"author":[{"embeddable":true,"href":"https:\/\/hurom.es\/ca\/wp-json\/wp\/v2\/users\/1"}],"replies":[{"embeddable":true,"href":"https:\/\/hurom.es\/ca\/wp-json\/wp\/v2\/comments?post=33910"}],"version-history":[{"count":4,"href":"https:\/\/hurom.es\/ca\/wp-json\/wp\/v2\/pages\/33910\/revisions"}],"predecessor-version":[{"id":34061,"href":"https:\/\/hurom.es\/ca\/wp-json\/wp\/v2\/pages\/33910\/revisions\/34061"}],"wp:attachment":[{"href":"https:\/\/hurom.es\/ca\/wp-json\/wp\/v2\/media?parent=33910"}],"curies":[{"name":"wp","href":"https:\/\/api.w.org\/{rel}","templated":true}]}}